{"id":337244,"date":"2024-11-20T14:21:10","date_gmt":"2024-11-20T13:21:10","guid":{"rendered":"https:\/\/ab-marineservice.com\/product\/brake-cleaner\/"},"modified":"2025-11-25T17:29:26","modified_gmt":"2025-11-25T16:29:26","slug":"brake-cleaner-500-ml","status":"publish","type":"product","link":"https:\/\/ab-marineservice.com\/de\/produkt\/brake-cleaner-500-ml\/","title":{"rendered":"Brake Cleaner &#8211; 500 ml"},"content":{"rendered":"<p>Brake Cleaner ist ein wirkungsvoller Entfetter und Reiniger, der sich haupts\u00e4chlich aus fl\u00fcchtigen Kohlenwasserstoffen zusammensetzt. Dank spezieller Additive kann Brake Cleaner auch hartn\u00e4ckige Ablagerungen abl\u00f6sen.<\/p>\n","protected":false},"excerpt":{"rendered":"<p>Brake Cleaner ist ein Bremsenreiniger und erste Wahl zum Entfernen von Bremsfl\u00fcssigkeit, Fett, Schmutz und \u00d6l von Bremsbauteilen. Nach dem Reinigen der Bremsbauteile kann Brake Cleaner auch zum schnellen, einfachen Reinigen von Elektro- und Magnetkontakten (Verteilerkontakte und Z\u00fcndkerzen) und anderen PKW-Komponenten verwendet werden.<\/p>\n","protected":false},"featured_media":336851,"comment_status":"open","ping_status":"open","template":"","meta":[],"location":[4275,4276],"product_brand":[25894],"product_cat":[2187,9884],"product_tag":[],"class_list":{"0":"post-337244","1":"product","2":"type-product","3":"status-publish","4":"has-post-thumbnail","6":"location-aes-emmeloord","7":"location-aes-lemmer","8":"product_brand-kroon-oil","9":"product_cat-schmiermittel","10":"product_cat-kroon-oil","11":"product_shipping_class-paket-0-10-kg","13":"first","14":"outofstock","15":"sale","16":"taxable","17":"shipping-taxable","18":"purchasable","19":"product-type-simple"},"group_of_quantity":0,"min_quantity":0,"max_quantity":"","exclude_order_quantity_value_rules":"no","exclude_category_quantity_rules":"no","combine_variations":"no","locations":[{"id":4275,"name":"AES Emmeloord","slug":"aes-emmeloord","quantity":""},{"id":4276,"name":"AES Lemmer","slug":"aes-lemmer","quantity":""}],"_links":{"self":[{"href":"https:\/\/ab-marineservice.com\/de\/wp-json\/wp\/v2\/product\/337244","targetHints":{"allow":["GET"]}}],"collection":[{"href":"https:\/\/ab-marineservice.com\/de\/wp-json\/wp\/v2\/product"}],"about":[{"href":"https:\/\/ab-marineservice.com\/de\/wp-json\/wp\/v2\/types\/product"}],"replies":[{"embeddable":true,"href":"https:\/\/ab-marineservice.com\/de\/wp-json\/wp\/v2\/comments?post=337244"}],"wp:featuredmedia":[{"embeddable":true,"href":"https:\/\/ab-marineservice.com\/de\/wp-json\/wp\/v2\/media\/336851"}],"wp:attachment":[{"href":"https:\/\/ab-marineservice.com\/de\/wp-json\/wp\/v2\/media?parent=337244"}],"wp:term":[{"taxonomy":"location","embeddable":true,"href":"https:\/\/ab-marineservice.com\/de\/wp-json\/wp\/v2\/location?post=337244"},{"taxonomy":"product_brand","embeddable":true,"href":"https:\/\/ab-marineservice.com\/de\/wp-json\/wp\/v2\/product_brand?post=337244"},{"taxonomy":"product_cat","embeddable":true,"href":"https:\/\/ab-marineservice.com\/de\/wp-json\/wp\/v2\/product_cat?post=337244"},{"taxonomy":"product_tag","embeddable":true,"href":"https:\/\/ab-marineservice.com\/de\/wp-json\/wp\/v2\/product_tag?post=337244"}],"curies":[{"name":"wp","href":"https:\/\/api.w.org\/{rel}","templated":true}]}}