{"id":337245,"date":"2024-11-20T14:21:10","date_gmt":"2024-11-20T13:21:10","guid":{"rendered":"https:\/\/ab-marineservice.com\/product\/silicone-compound\/"},"modified":"2025-11-25T17:29:29","modified_gmt":"2025-11-25T16:29:29","slug":"silicone-compound-10-gramm","status":"publish","type":"product","link":"https:\/\/ab-marineservice.com\/de\/produkt\/silicone-compound-10-gramm\/","title":{"rendered":"Silicone Compound &#8211; 10 gramm"},"content":{"rendered":"<p>Silicone Compound ist ein hochwertiges Schmier- und Dichtmittel f\u00fcr Gummibauteile. Silicone Compound basiert auf Silikon\u00f6l mit hohem Molekulargewicht, wodurch das Produkt hervorragende Haftf\u00e4higkeit mit weicher Konsistenz verbindet. Zudem besteht Silicone Compound ausschlie\u00dflich aus von der FDA (US-Nahrungs-\/Arzneimittelbeh\u00f6rde) zugelassenen Ingredienzen, die nur minimalste Toxizit\u00e4t aufweisen d\u00fcrfen. Daher eignet es sich f\u00fcr Anwendungen, bei denen es mit Trinkwasser in Kontakt kommt. Silicone Compound greift Gummi nicht an.<\/p>\n<h4>Produktdaten<\/h4>\n<ul>\n<li>N.L.G.I. klasse 0,5<\/li>\n<li>DIN 51825, KPGOG0,5N-30<\/li>\n<\/ul>\n","protected":false},"excerpt":{"rendered":"<p>Silicone Compound ist ein hochwertiges Schmier- und Dichtmittel f\u00fcr Gummibauteile. Daher empfiehlt sich Silicone Compound zum Schmieren und Abdichten von O-Ringen in Industrieventilen und -h\u00e4hnen. Silicone Compound eignet sich zudem als effiziente Montagepaste beim Zusammenbau von Sanit\u00e4reinrichtungen.<\/p>\n","protected":false},"featured_media":336855,"comment_status":"open","ping_status":"open","template":"","meta":[],"location":[4275,4276],"product_brand":[25894],"product_cat":[2187,9884],"product_tag":[],"class_list":{"0":"post-337245","1":"product","2":"type-product","3":"status-publish","4":"has-post-thumbnail","6":"location-aes-emmeloord","7":"location-aes-lemmer","8":"product_brand-kroon-oil","9":"product_cat-schmiermittel","10":"product_cat-kroon-oil","11":"product_shipping_class-paket-0-10-kg","13":"first","14":"outofstock","15":"sale","16":"taxable","17":"shipping-taxable","18":"purchasable","19":"product-type-simple"},"group_of_quantity":0,"min_quantity":0,"max_quantity":"","exclude_order_quantity_value_rules":"no","exclude_category_quantity_rules":"no","combine_variations":"no","locations":[{"id":4275,"name":"AES Emmeloord","slug":"aes-emmeloord","quantity":""},{"id":4276,"name":"AES Lemmer","slug":"aes-lemmer","quantity":""}],"_links":{"self":[{"href":"https:\/\/ab-marineservice.com\/de\/wp-json\/wp\/v2\/product\/337245","targetHints":{"allow":["GET"]}}],"collection":[{"href":"https:\/\/ab-marineservice.com\/de\/wp-json\/wp\/v2\/product"}],"about":[{"href":"https:\/\/ab-marineservice.com\/de\/wp-json\/wp\/v2\/types\/product"}],"replies":[{"embeddable":true,"href":"https:\/\/ab-marineservice.com\/de\/wp-json\/wp\/v2\/comments?post=337245"}],"wp:featuredmedia":[{"embeddable":true,"href":"https:\/\/ab-marineservice.com\/de\/wp-json\/wp\/v2\/media\/336855"}],"wp:attachment":[{"href":"https:\/\/ab-marineservice.com\/de\/wp-json\/wp\/v2\/media?parent=337245"}],"wp:term":[{"taxonomy":"location","embeddable":true,"href":"https:\/\/ab-marineservice.com\/de\/wp-json\/wp\/v2\/location?post=337245"},{"taxonomy":"product_brand","embeddable":true,"href":"https:\/\/ab-marineservice.com\/de\/wp-json\/wp\/v2\/product_brand?post=337245"},{"taxonomy":"product_cat","embeddable":true,"href":"https:\/\/ab-marineservice.com\/de\/wp-json\/wp\/v2\/product_cat?post=337245"},{"taxonomy":"product_tag","embeddable":true,"href":"https:\/\/ab-marineservice.com\/de\/wp-json\/wp\/v2\/product_tag?post=337245"}],"curies":[{"name":"wp","href":"https:\/\/api.w.org\/{rel}","templated":true}]}}