{"id":337251,"date":"2024-11-20T14:21:10","date_gmt":"2024-11-20T13:21:10","guid":{"rendered":"https:\/\/ab-marineservice.com\/product\/intake-egr-cleaner\/"},"modified":"2025-11-25T17:29:44","modified_gmt":"2025-11-25T16:29:44","slug":"intake-egr-cleaner-400-ml","status":"publish","type":"product","link":"https:\/\/ab-marineservice.com\/de\/produkt\/intake-egr-cleaner-400-ml\/","title":{"rendered":"Intake &#038; EGR Cleaner \u2013 400 ml"},"content":{"rendered":"<p>Intake &#038; EGR Cleaner ist ein speziell entwickelter leistungsstarker Reiniger zur Entfernung von Ablagerungen und Ru\u00dfverunreinigungen w\u00e4hrend des gesamten Einlassprozesses. Das Produkt verbessert die Leistung von Verbrennungsmotoren und reduziert zudem den Kraftstoffverbrauch. Intake &#038; EGR Cleaner eignet sich zur Reinigung von EGR-Ventilen, Drosselklappengeh\u00e4usen, Kolbenringen, Kolbenringnuten, Einlassventilen, Auslassventilen, Ventilsch\u00e4ften, Ventilpl\u00e4ttchen und anderen Teilen im Einlassbereich. Eigenschaften:<\/p>\n<ul>\n<li>Extreme Reinigungskraft<\/li>\n<li>Reduziert Kraftstoffverbrauch<\/li>\n<li>Entfernt Ablagerungen einfach und schnell<\/li>\n<li>Einfach zu verwenden<\/li>\n<li>Hinterl\u00e4sst keine R\u00fcckst\u00e4nde<\/li>\n<\/ul>\n","protected":false},"excerpt":{"rendered":"<p>Intake &#038; EGR Cleaner ist sowohl f\u00fcr Benzin- als auch f\u00fcr Dieselmotoren geeignet. Das Produkt bei hei\u00dfem Motor und im Leerlauf in den Luftansaugkr\u00fcmmer spr\u00fchen. Den Beh\u00e4lter nicht auf einmal leeren, sondern in kurzen Abst\u00e4nden spr\u00fchen, wobei die Motordrehzahl genau zu beachten ist. Nicht erneut einspr\u00fchen, bevor die Motordrehzahl wieder normal ist. Die Spraydose auf diese Weise entleeren und den Motor ca. 15 Minuten im Leerlauf drehen lassen.<\/p>\n","protected":false},"featured_media":336875,"comment_status":"open","ping_status":"open","template":"","meta":[],"location":[4275,4276],"product_brand":[25894],"product_cat":[2187,9884],"product_tag":[],"class_list":{"0":"post-337251","1":"product","2":"type-product","3":"status-publish","4":"has-post-thumbnail","6":"location-aes-emmeloord","7":"location-aes-lemmer","8":"product_brand-kroon-oil","9":"product_cat-schmiermittel","10":"product_cat-kroon-oil","11":"product_shipping_class-paket-0-10-kg","13":"first","14":"outofstock","15":"sale","16":"taxable","17":"shipping-taxable","18":"purchasable","19":"product-type-simple"},"group_of_quantity":0,"min_quantity":0,"max_quantity":"","exclude_order_quantity_value_rules":"no","exclude_category_quantity_rules":"no","combine_variations":"no","locations":[{"id":4275,"name":"AES Emmeloord","slug":"aes-emmeloord","quantity":""},{"id":4276,"name":"AES Lemmer","slug":"aes-lemmer","quantity":""}],"_links":{"self":[{"href":"https:\/\/ab-marineservice.com\/de\/wp-json\/wp\/v2\/product\/337251","targetHints":{"allow":["GET"]}}],"collection":[{"href":"https:\/\/ab-marineservice.com\/de\/wp-json\/wp\/v2\/product"}],"about":[{"href":"https:\/\/ab-marineservice.com\/de\/wp-json\/wp\/v2\/types\/product"}],"replies":[{"embeddable":true,"href":"https:\/\/ab-marineservice.com\/de\/wp-json\/wp\/v2\/comments?post=337251"}],"wp:featuredmedia":[{"embeddable":true,"href":"https:\/\/ab-marineservice.com\/de\/wp-json\/wp\/v2\/media\/336875"}],"wp:attachment":[{"href":"https:\/\/ab-marineservice.com\/de\/wp-json\/wp\/v2\/media?parent=337251"}],"wp:term":[{"taxonomy":"location","embeddable":true,"href":"https:\/\/ab-marineservice.com\/de\/wp-json\/wp\/v2\/location?post=337251"},{"taxonomy":"product_brand","embeddable":true,"href":"https:\/\/ab-marineservice.com\/de\/wp-json\/wp\/v2\/product_brand?post=337251"},{"taxonomy":"product_cat","embeddable":true,"href":"https:\/\/ab-marineservice.com\/de\/wp-json\/wp\/v2\/product_cat?post=337251"},{"taxonomy":"product_tag","embeddable":true,"href":"https:\/\/ab-marineservice.com\/de\/wp-json\/wp\/v2\/product_tag?post=337251"}],"curies":[{"name":"wp","href":"https:\/\/api.w.org\/{rel}","templated":true}]}}