{"id":337252,"date":"2024-11-20T14:22:02","date_gmt":"2024-11-20T13:22:02","guid":{"rendered":"https:\/\/ab-marineservice.com\/product\/compound-ogl\/"},"modified":"2025-11-25T17:29:10","modified_gmt":"2025-11-25T16:29:10","slug":"compound-ogl-400-ml","status":"publish","type":"product","link":"https:\/\/ab-marineservice.com\/de\/produkt\/compound-ogl-400-ml\/","title":{"rendered":"Compound OGL \u2013 400 ml"},"content":{"rendered":"<p>Compound OGL ist ein Spezialschmiermittel, das aus hochraffinierten Grund\u00f6len auf Mineral\u00f6lbasis und L\u00f6sungsmitteln formuliert ist. Es wird durch Spezialbitumen-Extremdruckadditive und verschlei\u00dfhemmende Molybd\u00e4nzus\u00e4tze erg\u00e4nzt, um folgende Eigenschaften zu gew\u00e4hrleisten:<\/p>\n<ul>\n<li>Optimaler Verschlei\u00dfschutz unter schweren Lasten<\/li>\n<li>Hervorragendes Eindringverm\u00f6gen, weshalb es selbst Stahlseilseelen erreicht.<\/li>\n<li>Sehr gute Wasserbest\u00e4ndigkeit &#8211; in S\u00fc\u00df- sowie Salzwasserumgebungen<\/li>\n<li>Wirkungsvoller Korrosionsschutz<\/li>\n<li>Ausgezeichnete Haftf\u00e4higkeit an Metallen<\/li>\n<li>Bleibt auch bei sehr niedrigen Temperaturen von bis zu etwa -35 \u00b0C elastisch.<\/li>\n<\/ul>\n<h4>Produktdaten<\/h4>\n<ul>\n<li>N.L.G.I. klasse 0,5<\/li>\n<li>DIN 51825, KPG0G0,5N-30<\/li>\n<\/ul>\n<h4>Typische Standardanalysen<\/h4>\n<table class=\"table analyse-table\">\n<tr>\n<td>4-ball welding load<\/td>\n<td>\n<b>7500<\/b>  N<\/td>\n<\/tr>\n<\/table>\n","protected":false},"excerpt":{"rendered":"<p>Compound OGL wird als Schmiermittel f\u00fcr offene Schwerlastgetriebe eingesetzt. Einige Beispiele: Drehkr\u00e4nze, Antriebsketten, die im Freien oder in staubiger Umgebung eingesetzt werden, sowie Stahlseile, die mit einem tief eindringenden Schmiermittel mit effizientem Korrosionsschutz geschmiert werden m\u00fcssen.<\/p>\n","protected":false},"featured_media":336879,"comment_status":"open","ping_status":"open","template":"","meta":[],"location":[4275,4276],"product_brand":[25894],"product_cat":[2187,9884],"product_tag":[],"class_list":{"0":"post-337252","1":"product","2":"type-product","3":"status-publish","4":"has-post-thumbnail","6":"location-aes-emmeloord","7":"location-aes-lemmer","8":"product_brand-kroon-oil","9":"product_cat-schmiermittel","10":"product_cat-kroon-oil","11":"product_shipping_class-paket-0-10-kg","13":"first","14":"outofstock","15":"sale","16":"taxable","17":"shipping-taxable","18":"purchasable","19":"product-type-simple"},"group_of_quantity":0,"min_quantity":0,"max_quantity":"","exclude_order_quantity_value_rules":"no","exclude_category_quantity_rules":"no","combine_variations":"no","locations":[{"id":4275,"name":"AES Emmeloord","slug":"aes-emmeloord","quantity":""},{"id":4276,"name":"AES Lemmer","slug":"aes-lemmer","quantity":""}],"_links":{"self":[{"href":"https:\/\/ab-marineservice.com\/de\/wp-json\/wp\/v2\/product\/337252","targetHints":{"allow":["GET"]}}],"collection":[{"href":"https:\/\/ab-marineservice.com\/de\/wp-json\/wp\/v2\/product"}],"about":[{"href":"https:\/\/ab-marineservice.com\/de\/wp-json\/wp\/v2\/types\/product"}],"replies":[{"embeddable":true,"href":"https:\/\/ab-marineservice.com\/de\/wp-json\/wp\/v2\/comments?post=337252"}],"wp:featuredmedia":[{"embeddable":true,"href":"https:\/\/ab-marineservice.com\/de\/wp-json\/wp\/v2\/media\/336879"}],"wp:attachment":[{"href":"https:\/\/ab-marineservice.com\/de\/wp-json\/wp\/v2\/media?parent=337252"}],"wp:term":[{"taxonomy":"location","embeddable":true,"href":"https:\/\/ab-marineservice.com\/de\/wp-json\/wp\/v2\/location?post=337252"},{"taxonomy":"product_brand","embeddable":true,"href":"https:\/\/ab-marineservice.com\/de\/wp-json\/wp\/v2\/product_brand?post=337252"},{"taxonomy":"product_cat","embeddable":true,"href":"https:\/\/ab-marineservice.com\/de\/wp-json\/wp\/v2\/product_cat?post=337252"},{"taxonomy":"product_tag","embeddable":true,"href":"https:\/\/ab-marineservice.com\/de\/wp-json\/wp\/v2\/product_tag?post=337252"}],"curies":[{"name":"wp","href":"https:\/\/api.w.org\/{rel}","templated":true}]}}