{"id":337254,"date":"2024-11-20T14:22:02","date_gmt":"2024-11-20T13:22:02","guid":{"rendered":"https:\/\/ab-marineservice.com\/product\/quick-start\/"},"modified":"2025-11-25T17:28:45","modified_gmt":"2025-11-25T16:28:45","slug":"quick-start-400-ml","status":"publish","type":"product","link":"https:\/\/ab-marineservice.com\/de\/produkt\/quick-start-400-ml\/","title":{"rendered":"Quick Start \u2013 400 ml"},"content":{"rendered":"<p>Quick Start liefert Z\u00fcndhilfe, wenn Benzin- oder Dieselmotoren nicht normal starten. Bei der Anwendung bildet das Produkt ein leicht entz\u00fcndbares, homogenes Luft-\/Kraftstoffgemisch Nach der Starthilfe kann der Verbrennungsmotor dann normal laufen. Dieses Z\u00fcndhilfespray basiert auf einem sehr fl\u00fcchtigen und leicht entz\u00fcndlichen Rohstoff, der durch eine Anzahl spezieller Schmiermittel erg\u00e4nzt ist. Dank dieser Formulierung bietet Quick Start folgende Eigenschaften:<\/p>\n<ul>\n<li>Schnellste Verdunstung selbst bei extrem niedrigen Wintertemperaturen<\/li>\n<li>Ausgezeichnete Z\u00fcndf\u00e4higkeit des brennbaren Gemischs<\/li>\n<li>Zum Z\u00fcnden des Gemischs wird nur eine geringe Z\u00fcndenergie ben\u00f6tigt.<\/li>\n<li>Sorgt f\u00fcr Abscheidung von R\u00fcckst\u00e4nden durch Schmiersubstanzen im Kraftstoff.<\/li>\n<\/ul>\n","protected":false},"excerpt":{"rendered":"<p>Quick Start-Anwendung Benzinmotoren:<\/p>\n<p>&#8211; Keinesfalls den Choke bet\u00e4tigen oder Benzin in Vergaser\/Luftfilter gelangen lassen. <br \/>&#8211; Quick Start f\u00fcr 2 bis 4 Sekunden in den Lufteinlass spr\u00fchen: die Z\u00fcndung des Fahrzeugs muss ausgeschaltet sein und der Motor darf nicht laufen.<\/p>\n<p>Diesel- oder Benzinmotoren:<\/p>\n<p>&#8211; Nicht vorgl\u00fchen.<br \/>&#8211; Quick Start f\u00fcr 3 bis 4 Sekunden in den Lufteinlass spr\u00fchen:<br \/>&#8211; Dann den Motor auf normale Weise ohne Vorgl\u00fchen starten.<\/p>\n","protected":false},"featured_media":336887,"comment_status":"open","ping_status":"open","template":"","meta":[],"location":[4275,4276],"product_brand":[25894],"product_cat":[2187,9884],"product_tag":[],"class_list":{"0":"post-337254","1":"product","2":"type-product","3":"status-publish","4":"has-post-thumbnail","6":"location-aes-emmeloord","7":"location-aes-lemmer","8":"product_brand-kroon-oil","9":"product_cat-schmiermittel","10":"product_cat-kroon-oil","11":"product_shipping_class-paket-0-10-kg","13":"first","14":"outofstock","15":"sale","16":"taxable","17":"shipping-taxable","18":"purchasable","19":"product-type-simple"},"group_of_quantity":0,"min_quantity":0,"max_quantity":"","exclude_order_quantity_value_rules":"no","exclude_category_quantity_rules":"no","combine_variations":"no","locations":[{"id":4275,"name":"AES Emmeloord","slug":"aes-emmeloord","quantity":""},{"id":4276,"name":"AES Lemmer","slug":"aes-lemmer","quantity":""}],"_links":{"self":[{"href":"https:\/\/ab-marineservice.com\/de\/wp-json\/wp\/v2\/product\/337254","targetHints":{"allow":["GET"]}}],"collection":[{"href":"https:\/\/ab-marineservice.com\/de\/wp-json\/wp\/v2\/product"}],"about":[{"href":"https:\/\/ab-marineservice.com\/de\/wp-json\/wp\/v2\/types\/product"}],"replies":[{"embeddable":true,"href":"https:\/\/ab-marineservice.com\/de\/wp-json\/wp\/v2\/comments?post=337254"}],"wp:featuredmedia":[{"embeddable":true,"href":"https:\/\/ab-marineservice.com\/de\/wp-json\/wp\/v2\/media\/336887"}],"wp:attachment":[{"href":"https:\/\/ab-marineservice.com\/de\/wp-json\/wp\/v2\/media?parent=337254"}],"wp:term":[{"taxonomy":"location","embeddable":true,"href":"https:\/\/ab-marineservice.com\/de\/wp-json\/wp\/v2\/location?post=337254"},{"taxonomy":"product_brand","embeddable":true,"href":"https:\/\/ab-marineservice.com\/de\/wp-json\/wp\/v2\/product_brand?post=337254"},{"taxonomy":"product_cat","embeddable":true,"href":"https:\/\/ab-marineservice.com\/de\/wp-json\/wp\/v2\/product_cat?post=337254"},{"taxonomy":"product_tag","embeddable":true,"href":"https:\/\/ab-marineservice.com\/de\/wp-json\/wp\/v2\/product_tag?post=337254"}],"curies":[{"name":"wp","href":"https:\/\/api.w.org\/{rel}","templated":true}]}}