{"id":337255,"date":"2024-11-20T14:22:02","date_gmt":"2024-11-20T13:22:02","guid":{"rendered":"https:\/\/ab-marineservice.com\/product\/underbody-coating\/"},"modified":"2026-05-04T15:21:23","modified_gmt":"2026-05-04T13:21:23","slug":"underbody-coating-400-ml","status":"publish","type":"product","link":"https:\/\/ab-marineservice.com\/de\/produkt\/underbody-coating-400-ml\/","title":{"rendered":"Underbody Coating \u2013 400 ml"},"content":{"rendered":"<p>Underbody Coating ist ein Unterbodenschutz auf Bitumenbasis mit hervorragendem Korrosionsschutz. Dank optimalem Verh\u00e4ltnis zwischen Bitumen, F\u00fcllmaterialien, Korrosionsinhibitoren und Haftmaterialien bietet dieses Produkt effektive Schalld\u00e4mpfung, gutes Deckverm\u00f6gen und eine ausgezeichnete Anhaftung an modernen Bodengruppen. Underbody Coating ist kaum temperaturempfindlich und kann sowohl horizontal als auch vertikal absolut tropf- und nebelfrei aufgetragen werden. <br \/>Nach der Anwendung entsteht eine schwarze klebfreie, elastische Schutzschicht mit hoher Verschlei\u00dffestigkeit, die starke Wasser- und Salzhemmer beinhaltet sowie schalld\u00e4mpfend und steinschlagbest\u00e4ndig ist. Sie ist weitgehend immun gegen mechanische Belastung, Stra\u00dfenchemikalien und Industrieabgase.<\/p>\n<h4>Typische Standardanalysen<\/h4>\n<table class=\"table analyse-table\">\n<tr>\n<td>Flammpunkt PM<\/td>\n<td>\n<b>-7<\/b>  \u00b0C<\/td>\n<\/tr>\n<tr>\n<td>Farbe<\/td>\n<td>\n<b>ZWART<\/b> <\/td>\n<\/tr>\n<\/table>\n","protected":false},"excerpt":{"rendered":"<p>Underbody Coating (AE) gew\u00e4hrleistet dank seiner spezifischen Auslegung einen dauerhaften Rostschutz von Bodenblechen und Radk\u00e4sten von Fahrzeugkarosserien.<\/p>\n","protected":false},"featured_media":336891,"comment_status":"open","ping_status":"open","template":"","meta":[],"location":[4275,4276],"product_brand":[25894],"product_cat":[2187,9884],"product_tag":[],"class_list":{"0":"post-337255","1":"product","2":"type-product","3":"status-publish","4":"has-post-thumbnail","6":"location-aes-emmeloord","7":"location-aes-lemmer","8":"product_brand-kroon-oil","9":"product_cat-schmiermittel","10":"product_cat-kroon-oil","11":"product_shipping_class-paket-0-10-kg","13":"first","14":"outofstock","15":"sale","16":"taxable","17":"shipping-taxable","18":"purchasable","19":"product-type-simple"},"group_of_quantity":0,"min_quantity":0,"max_quantity":"","exclude_order_quantity_value_rules":"no","exclude_category_quantity_rules":"no","combine_variations":"no","locations":[{"id":4275,"name":"AES Emmeloord","slug":"aes-emmeloord","quantity":""},{"id":4276,"name":"AES Lemmer","slug":"aes-lemmer","quantity":""}],"_links":{"self":[{"href":"https:\/\/ab-marineservice.com\/de\/wp-json\/wp\/v2\/product\/337255","targetHints":{"allow":["GET"]}}],"collection":[{"href":"https:\/\/ab-marineservice.com\/de\/wp-json\/wp\/v2\/product"}],"about":[{"href":"https:\/\/ab-marineservice.com\/de\/wp-json\/wp\/v2\/types\/product"}],"replies":[{"embeddable":true,"href":"https:\/\/ab-marineservice.com\/de\/wp-json\/wp\/v2\/comments?post=337255"}],"wp:featuredmedia":[{"embeddable":true,"href":"https:\/\/ab-marineservice.com\/de\/wp-json\/wp\/v2\/media\/336891"}],"wp:attachment":[{"href":"https:\/\/ab-marineservice.com\/de\/wp-json\/wp\/v2\/media?parent=337255"}],"wp:term":[{"taxonomy":"location","embeddable":true,"href":"https:\/\/ab-marineservice.com\/de\/wp-json\/wp\/v2\/location?post=337255"},{"taxonomy":"product_brand","embeddable":true,"href":"https:\/\/ab-marineservice.com\/de\/wp-json\/wp\/v2\/product_brand?post=337255"},{"taxonomy":"product_cat","embeddable":true,"href":"https:\/\/ab-marineservice.com\/de\/wp-json\/wp\/v2\/product_cat?post=337255"},{"taxonomy":"product_tag","embeddable":true,"href":"https:\/\/ab-marineservice.com\/de\/wp-json\/wp\/v2\/product_tag?post=337255"}],"curies":[{"name":"wp","href":"https:\/\/api.w.org\/{rel}","templated":true}]}}