{"id":337257,"date":"2024-11-20T14:22:02","date_gmt":"2024-11-20T13:22:02","guid":{"rendered":"https:\/\/ab-marineservice.com\/product\/pto-mos2\/"},"modified":"2025-11-25T17:28:54","modified_gmt":"2025-11-25T16:28:54","slug":"pto-mos2-400-ml","status":"publish","type":"product","link":"https:\/\/ab-marineservice.com\/de\/produkt\/pto-mos2-400-ml\/","title":{"rendered":"PTO MoS2 \u2013 400 ml"},"content":{"rendered":"<p>PTO MoS2 ist eine wirkungsvolle Eindring-und Rostl\u00f6sefl\u00fcssigkeit, die unter die Oxidschicht von festgerosteten Metallteilen eindringt. PTO MoS2 enth\u00e4lt Additive, wie das bekannte Trockenschmiermittel Molybd\u00e4nsulfid (MoS2) und Kolloidgrafit. Dadurch sorgt das Produkt f\u00fcr effektive Schmierung und gew\u00e4hrt zus\u00e4tzlichen Schutz vor Korrosion und Verschlei\u00df.<\/p>\n","protected":false},"excerpt":{"rendered":"<p>PTO MoS2 ist zum G\u00e4ngigmachen aller eingerosteten Metallteile wie Bolzen, Schrauben, Muttern und Scharniere usw. geeignet.<\/p>\n","protected":false},"featured_media":336901,"comment_status":"open","ping_status":"open","template":"","meta":[],"location":[4275,4276],"product_brand":[25894],"product_cat":[2187,9884],"product_tag":[],"class_list":{"0":"post-337257","1":"product","2":"type-product","3":"status-publish","4":"has-post-thumbnail","6":"location-aes-emmeloord","7":"location-aes-lemmer","8":"product_brand-kroon-oil","9":"product_cat-schmiermittel","10":"product_cat-kroon-oil","11":"product_shipping_class-paket-0-10-kg","13":"first","14":"outofstock","15":"sale","16":"taxable","17":"shipping-taxable","18":"purchasable","19":"product-type-simple"},"group_of_quantity":0,"min_quantity":0,"max_quantity":"","exclude_order_quantity_value_rules":"no","exclude_category_quantity_rules":"no","combine_variations":"no","locations":[{"id":4275,"name":"AES Emmeloord","slug":"aes-emmeloord","quantity":""},{"id":4276,"name":"AES Lemmer","slug":"aes-lemmer","quantity":""}],"_links":{"self":[{"href":"https:\/\/ab-marineservice.com\/de\/wp-json\/wp\/v2\/product\/337257","targetHints":{"allow":["GET"]}}],"collection":[{"href":"https:\/\/ab-marineservice.com\/de\/wp-json\/wp\/v2\/product"}],"about":[{"href":"https:\/\/ab-marineservice.com\/de\/wp-json\/wp\/v2\/types\/product"}],"replies":[{"embeddable":true,"href":"https:\/\/ab-marineservice.com\/de\/wp-json\/wp\/v2\/comments?post=337257"}],"wp:featuredmedia":[{"embeddable":true,"href":"https:\/\/ab-marineservice.com\/de\/wp-json\/wp\/v2\/media\/336901"}],"wp:attachment":[{"href":"https:\/\/ab-marineservice.com\/de\/wp-json\/wp\/v2\/media?parent=337257"}],"wp:term":[{"taxonomy":"location","embeddable":true,"href":"https:\/\/ab-marineservice.com\/de\/wp-json\/wp\/v2\/location?post=337257"},{"taxonomy":"product_brand","embeddable":true,"href":"https:\/\/ab-marineservice.com\/de\/wp-json\/wp\/v2\/product_brand?post=337257"},{"taxonomy":"product_cat","embeddable":true,"href":"https:\/\/ab-marineservice.com\/de\/wp-json\/wp\/v2\/product_cat?post=337257"},{"taxonomy":"product_tag","embeddable":true,"href":"https:\/\/ab-marineservice.com\/de\/wp-json\/wp\/v2\/product_tag?post=337257"}],"curies":[{"name":"wp","href":"https:\/\/api.w.org\/{rel}","templated":true}]}}