{"id":337258,"date":"2024-11-20T14:22:02","date_gmt":"2024-11-20T13:22:02","guid":{"rendered":"https:\/\/ab-marineservice.com\/product\/tefspray-ptfe\/"},"modified":"2025-11-25T17:28:57","modified_gmt":"2025-11-25T16:28:57","slug":"tefspray-ptfe-400-ml","status":"publish","type":"product","link":"https:\/\/ab-marineservice.com\/de\/produkt\/tefspray-ptfe-400-ml\/","title":{"rendered":"Tefspray PTFE \u2013 400 ml"},"content":{"rendered":"<p>Tefspray PTFE ist ein in unserem Labor entwickeltes Universalschmiermittel mit Teflonzus\u00e4tzen (PTFE). Tefspray PTFE enth\u00e4lt Additive, die Feuchtigkeit verdr\u00e4ngen, und hinterl\u00e4sst auf behandelten Fl\u00e4chen einen Schutzfilm. PTFE oder Teflon ist allgemein als Antihaftbeschichtung von Bratpfannen bekannt. Tefspray PTFE reduziert den Kontakt zwischen Metallen, wodurch die Reibung wesentlich abnimmt. Dank des hohen Kriechverm\u00f6gens von Tefspray PTFE kann es auch in schwer erreichbare Fugen und Spalten eindringen.<\/p>\n","protected":false},"excerpt":{"rendered":"<p>Tefspray PTFE eignet sich zur Schmierung von Werkzeugen, Scharnieren, Seilz\u00fcgen, Lagern, Zahnr\u00e4dern, Ketten usw. und sorgt dank hohem Haftverm\u00f6gen f\u00fcr einen langlebigen Schutzfilm. Der Schutzfilm und korrosionshemmende Zus\u00e4tze sch\u00fctzen das Material vor Korrosion. Es entfernt Feuchtigkeit und Schmutz von elektrischen Kontakten sowie Anschl\u00fcssen und hinterl\u00e4sst einen Schutzfilm gegen Schmutzablagerungen.<\/p>\n","protected":false},"featured_media":336905,"comment_status":"open","ping_status":"open","template":"","meta":[],"location":[4275,4276],"product_brand":[25894],"product_cat":[2187,9884],"product_tag":[],"class_list":{"0":"post-337258","1":"product","2":"type-product","3":"status-publish","4":"has-post-thumbnail","6":"location-aes-emmeloord","7":"location-aes-lemmer","8":"product_brand-kroon-oil","9":"product_cat-schmiermittel","10":"product_cat-kroon-oil","11":"product_shipping_class-paket-0-10-kg","13":"first","14":"outofstock","15":"sale","16":"taxable","17":"shipping-taxable","18":"purchasable","19":"product-type-simple"},"group_of_quantity":0,"min_quantity":0,"max_quantity":"","exclude_order_quantity_value_rules":"no","exclude_category_quantity_rules":"no","combine_variations":"no","locations":[{"id":4275,"name":"AES Emmeloord","slug":"aes-emmeloord","quantity":""},{"id":4276,"name":"AES Lemmer","slug":"aes-lemmer","quantity":""}],"_links":{"self":[{"href":"https:\/\/ab-marineservice.com\/de\/wp-json\/wp\/v2\/product\/337258","targetHints":{"allow":["GET"]}}],"collection":[{"href":"https:\/\/ab-marineservice.com\/de\/wp-json\/wp\/v2\/product"}],"about":[{"href":"https:\/\/ab-marineservice.com\/de\/wp-json\/wp\/v2\/types\/product"}],"replies":[{"embeddable":true,"href":"https:\/\/ab-marineservice.com\/de\/wp-json\/wp\/v2\/comments?post=337258"}],"wp:featuredmedia":[{"embeddable":true,"href":"https:\/\/ab-marineservice.com\/de\/wp-json\/wp\/v2\/media\/336905"}],"wp:attachment":[{"href":"https:\/\/ab-marineservice.com\/de\/wp-json\/wp\/v2\/media?parent=337258"}],"wp:term":[{"taxonomy":"location","embeddable":true,"href":"https:\/\/ab-marineservice.com\/de\/wp-json\/wp\/v2\/location?post=337258"},{"taxonomy":"product_brand","embeddable":true,"href":"https:\/\/ab-marineservice.com\/de\/wp-json\/wp\/v2\/product_brand?post=337258"},{"taxonomy":"product_cat","embeddable":true,"href":"https:\/\/ab-marineservice.com\/de\/wp-json\/wp\/v2\/product_cat?post=337258"},{"taxonomy":"product_tag","embeddable":true,"href":"https:\/\/ab-marineservice.com\/de\/wp-json\/wp\/v2\/product_tag?post=337258"}],"curies":[{"name":"wp","href":"https:\/\/api.w.org\/{rel}","templated":true}]}}