{"id":341077,"date":"2024-12-19T19:37:57","date_gmt":"2024-12-19T18:37:57","guid":{"rendered":"https:\/\/ab-marineservice.com\/?post_type=product&#038;p=341077"},"modified":"2026-02-05T09:15:59","modified_gmt":"2026-02-05T08:15:59","slug":"forderpumpe-handbalg-6-00-mm-dieselpumpe","status":"publish","type":"product","link":"https:\/\/ab-marineservice.com\/de\/produkt\/forderpumpe-handbalg-6-00-mm-dieselpumpe\/","title":{"rendered":"F\u00f6rderpumpe Handbalg 6.00 mm Dieselpumpe"},"content":{"rendered":"","protected":false},"excerpt":{"rendered":"<p>Gummi Handbalg. Lassen Sie den Motor schnell und einfach ab, indem Sie das System vorpumpen.<br \/>\nDient auch als R\u00fcckschlagventil f\u00fcr die Kraftstoffr\u00fcckf\u00fchrung.<br \/>\nHandbalg f\u00fcr Dieselmotoren<\/p>\n","protected":false},"featured_media":341075,"comment_status":"open","ping_status":"closed","template":"","meta":[],"location":[3905,15435],"product_brand":[],"product_cat":[1222,1437,27388],"product_tag":[],"class_list":{"0":"post-341077","1":"product","2":"type-product","3":"status-publish","4":"has-post-thumbnail","6":"location-ab-marine-service","7":"location-ptz","8":"product_cat-motorteile","9":"product_cat-schlauch-und-rohrleitung","10":"product_cat-kraftstoff-pumpball","11":"product_shipping_class-paket-0-10-kg","13":"first","14":"instock","15":"sale","16":"taxable","17":"shipping-taxable","18":"purchasable","19":"product-type-simple"},"group_of_quantity":0,"min_quantity":0,"max_quantity":"","exclude_order_quantity_value_rules":"no","exclude_category_quantity_rules":"no","combine_variations":"no","locations":[{"id":3905,"name":"AB Marine","slug":"ab-marine-service","quantity":""},{"id":15435,"name":"PTZ","slug":"ptz","quantity":""}],"_links":{"self":[{"href":"https:\/\/ab-marineservice.com\/de\/wp-json\/wp\/v2\/product\/341077","targetHints":{"allow":["GET"]}}],"collection":[{"href":"https:\/\/ab-marineservice.com\/de\/wp-json\/wp\/v2\/product"}],"about":[{"href":"https:\/\/ab-marineservice.com\/de\/wp-json\/wp\/v2\/types\/product"}],"replies":[{"embeddable":true,"href":"https:\/\/ab-marineservice.com\/de\/wp-json\/wp\/v2\/comments?post=341077"}],"wp:featuredmedia":[{"embeddable":true,"href":"https:\/\/ab-marineservice.com\/de\/wp-json\/wp\/v2\/media\/341075"}],"wp:attachment":[{"href":"https:\/\/ab-marineservice.com\/de\/wp-json\/wp\/v2\/media?parent=341077"}],"wp:term":[{"taxonomy":"location","embeddable":true,"href":"https:\/\/ab-marineservice.com\/de\/wp-json\/wp\/v2\/location?post=341077"},{"taxonomy":"product_brand","embeddable":true,"href":"https:\/\/ab-marineservice.com\/de\/wp-json\/wp\/v2\/product_brand?post=341077"},{"taxonomy":"product_cat","embeddable":true,"href":"https:\/\/ab-marineservice.com\/de\/wp-json\/wp\/v2\/product_cat?post=341077"},{"taxonomy":"product_tag","embeddable":true,"href":"https:\/\/ab-marineservice.com\/de\/wp-json\/wp\/v2\/product_tag?post=341077"}],"curies":[{"name":"wp","href":"https:\/\/api.w.org\/{rel}","templated":true}]}}