{"id":343783,"date":"2025-01-09T13:17:13","date_gmt":"2025-01-09T12:17:13","guid":{"rendered":"https:\/\/ab-marineservice.com\/product\/mastervolt-mac-plus-dc-dc-24-24-50-czone\/"},"modified":"2025-05-19T17:21:29","modified_gmt":"2025-05-19T15:21:29","slug":"mastervolt-mac-plus-dc-dc-24-24-50-czone","status":"publish","type":"product","link":"https:\/\/ab-marineservice.com\/de\/produkt\/mastervolt-mac-plus-dc-dc-24-24-50-czone\/","title":{"rendered":"Mastervolt Mac plus DC\/DC 24\/24-50 CZone"},"content":{"rendered":"","protected":false},"excerpt":{"rendered":"<p>Mac Plus 24\/24-50<\/p>\n<p>Steigern Sie Ihr Service-Akku<\/p>\n<p>Zu oft erhalten Service-Akkus nicht die Ladung, die sie ben\u00f6tigen. Dieses Problem wird durch intelligente Dynamos und Start-\/Stoppsysteme noch versch\u00e4rft, was zu langsamen und unzureichenden Lasten f\u00fchrt. Das Mac Plus DC-DC-Ladeger\u00e4t l\u00f6st dieses Problem, indem es Ihren Service-Akku schnell, sicher und konsistent aufl\u00e4dt. Und wenn Sie wissen, wann der Motor l\u00e4uft und der Akku aufgeladen wird, k\u00f6nnen Sie sicher sein, dass der Mac Plus Ihren Starterakku niemals entleert.<\/p>\n<p>Bew\u00e4hrte Mastervolt-Qualit\u00e4t<\/p>\n<p>Erleben Sie Seelenfrieden, denn Sie wissen, dass Sie am besten an Bord sind. Dank des bew\u00e4hrten Mastervolt 3-Step+ Ladealgorithmus kann der Mac Plus schnell und einfach aufgeladen werden, auch wenn die Akkus v\u00f6llig leer sind.<\/p>\n<p>Das robuste Design kann auch unter h\u00e4rtesten Bedingungen verwendet werden, mit optimierter Akkutemperatur und einem hochwertigen Aluminiumgeh\u00e4use f\u00fcr einen hervorragenden Schutz gegen das Eindringen von Staub und Wasser. Dank seines energieeffizienten Designs kann der Mac Plus auch ger\u00e4uschlos und ohne L\u00fcfter arbeiten.<\/p>\n<p>Gesamtflexibilit\u00e4t der Leistung<\/p>\n<p>Der Mac Plus verf\u00fcgt \u00fcber einen gro\u00dfen DC-Eingangsbereich, ist f\u00fcr alle DC-Quellen geeignet und kann zwei Akkus mit einem Dynamo oder Ladeger\u00e4t laden. Es unterst\u00fctzt eine vollst\u00e4ndige Palette von Zusammensetzungen und Akkutypen, einschlie\u00dflich Lithium. Und er arbeitet auch nahtlos mit modernen Dynamos wie Euro 5 und 6 zusammen, sodass das Laden gut verl\u00e4uft, indem er eine konstante Stromversorgung liefert, auch wenn der Dynamo nicht aktiv ist.<\/p>\n<p>Die parallele Konfiguration von bis zu zehn Einheiten liefert mehr als 100 Ampere. Und fortschrittliche Hochfrequenztechnologie mit modernen Mikroprozessoren sorgt f\u00fcr minimale Leistungsverluste beim Schalten von 12V auf 24 V und umgekehrt.<\/p>\n<p>Analoge Spannungsdetektoranschl\u00fcsse sind ebenfalls verf\u00fcgbar, um Spannungsabf\u00e4lle auszugleichen und eine gute Ladung aufrechtzuerhalten.<\/p>\n<p>\u00dcberlegene \u00dcberwachung und Kontrolle<\/p>\n<p>Die Kompatibilit\u00e4t mit CZone\u00ae, NMEA 2000\u00ae und MasterBus sorgt f\u00fcr eine hervorragende \u00dcberwachung und Bedienung und erm\u00f6glicht eine einfache Integration von Mac Plus in komplette Systeme. Erzielen Sie die bestm\u00f6gliche Leistung \u00fcber verschiedene Controller und hochwertige MOSFETs. Konfigurieren Sie den Mac Plus einfach \u00fcber MasterAdjust, das Konfigurationstool Czone und sogar \u00fcber die integrierten DIP-Switches.<\/p>\n<p>Merkmale<\/p>\n<ul>\n<li>Schnelles und sicheres Aufladen auch bei kurzen Fahrten <\/li>\n<li>Design ohne L\u00fcfter f\u00fcr ger\u00e4uscharmen Betrieb <\/li>\n<li>Geeignet f\u00fcr Nasszellenakkus, Gel-, AGM- und Lithium-Ionen-Akkus (inkl. LiFePO4) <\/li>\n<li>L\u00e4dt sogar v\u00f6llig leere Akkus auf. <\/li>\n<li>Erkennung des rotierenden Motors sch\u00fctzt die Starterbatterie <\/li>\n<li>Einstellbare Stromlimits zur Erf\u00fcllung der Euro 5\/6-Anforderungen <\/li>\n<li>Spannungsstabilisierung sch\u00fctzt empfindliche Ger\u00e4te, Beleuchtung und Lasten <\/li>\n<li>Parallelbetrieb zur Erzielung einer Ladekapazit\u00e4t von mehr als 100 A <\/li>\n<li>Kompatibel mit MasterBus, CZone und NMEA 2000 f\u00fcr intelligente System\u00fcberwachung und Automatisierung <\/li>\n<li>Temperaturkompensation und Spannungserkennung f\u00fcr ein optimales Ladeergebnis <\/li>\n<li>E-Mark\/R10-Zertifizierung f\u00fcr mobile Anwendungen <\/li>\n<li>Der Stromversorgungsmodus bietet eine stabile Leistung f\u00fcr empfindliche Lasten <\/li>\n<li>Heavy Duty Anschl\u00fcsse f\u00fcr einfache Installation und schnelle Einrichtung \u00fcber DIP-Switches <\/li>\n<\/ul>\n","protected":false},"featured_media":342179,"comment_status":"open","ping_status":"closed","template":"","meta":[],"location":[6695],"product_brand":[25934],"product_cat":[23468],"product_tag":[],"class_list":{"0":"post-343783","1":"product","2":"type-product","3":"status-publish","4":"has-post-thumbnail","6":"location-exalto","7":"product_brand-victron-energy","8":"product_cat-lichtmaschinen-laderegler","9":"product_shipping_class-paket-0-10-kg","11":"first","12":"onbackorder","13":"sale","14":"taxable","15":"shipping-taxable","16":"purchasable","17":"product-type-simple"},"group_of_quantity":0,"min_quantity":0,"max_quantity":"","exclude_order_quantity_value_rules":"no","exclude_category_quantity_rules":"no","combine_variations":"no","locations":[{"id":6695,"name":"Exalto","slug":"exalto","quantity":""}],"_links":{"self":[{"href":"https:\/\/ab-marineservice.com\/de\/wp-json\/wp\/v2\/product\/343783","targetHints":{"allow":["GET"]}}],"collection":[{"href":"https:\/\/ab-marineservice.com\/de\/wp-json\/wp\/v2\/product"}],"about":[{"href":"https:\/\/ab-marineservice.com\/de\/wp-json\/wp\/v2\/types\/product"}],"replies":[{"embeddable":true,"href":"https:\/\/ab-marineservice.com\/de\/wp-json\/wp\/v2\/comments?post=343783"}],"wp:featuredmedia":[{"embeddable":true,"href":"https:\/\/ab-marineservice.com\/de\/wp-json\/wp\/v2\/media\/342179"}],"wp:attachment":[{"href":"https:\/\/ab-marineservice.com\/de\/wp-json\/wp\/v2\/media?parent=343783"}],"wp:term":[{"taxonomy":"location","embeddable":true,"href":"https:\/\/ab-marineservice.com\/de\/wp-json\/wp\/v2\/location?post=343783"},{"taxonomy":"product_brand","embeddable":true,"href":"https:\/\/ab-marineservice.com\/de\/wp-json\/wp\/v2\/product_brand?post=343783"},{"taxonomy":"product_cat","embeddable":true,"href":"https:\/\/ab-marineservice.com\/de\/wp-json\/wp\/v2\/product_cat?post=343783"},{"taxonomy":"product_tag","embeddable":true,"href":"https:\/\/ab-marineservice.com\/de\/wp-json\/wp\/v2\/product_tag?post=343783"}],"curies":[{"name":"wp","href":"https:\/\/api.w.org\/{rel}","templated":true}]}}