{"id":345384,"date":"2025-02-12T13:50:46","date_gmt":"2025-02-12T12:50:46","guid":{"rendered":"https:\/\/ab-marineservice.com\/?post_type=product&#038;p=345384"},"modified":"2026-01-21T13:37:12","modified_gmt":"2026-01-21T12:37:12","slug":"dichtungsring-15x28x7-impellerpumpe-viton","status":"publish","type":"product","link":"https:\/\/ab-marineservice.com\/de\/produkt\/dichtungsring-15x28x7-impellerpumpe-viton\/","title":{"rendered":"Dichtungsring 15x28x7 Impellerpumpe Viton"},"content":{"rendered":"<p>FKM (Viton\u00ae (FKM)) ist best\u00e4ndig gegen Mineral\u00f6le und -fette, synthetische \u00d6le und Fette, Motor-, Cardan- und ATF-\u00d6le, Kraftstoffe, aromatische und chlorierte Kohlenwasserstoffe, hohe Best\u00e4ndigkeit gegen Chemikalien und L\u00f6sungsmittel.<\/p>\n","protected":false},"excerpt":{"rendered":"<p>Kommt mit Edelstahl304 Feder<\/p>\n<p>Viton:<\/p>\n<p>\u00d6ldichtungsringe Viton Wellengr\u00f6\u00dfe \u00d8 15 mm<\/p>\n<p>Anwendungsbereich:<br \/>\n&#8211; Abdichtung von rotierenden Maschinenteilen<br \/>\n&#8211; Hohe Umgebungstemperatur<br \/>\n&#8211; Korrosive Umgebung<\/p>\n<p>Vorteile:<br \/>\nUmfassender Anwendungsbereich<br \/>\nL\u00e4ngere Lebensdauer<br \/>\nDetails:<br \/>\n&#8211; Sehr gut temperaturbest\u00e4ndig und chemikalienbest\u00e4ndig<br \/>\n&#8211; Gute Alterungs- und Ozonbest\u00e4ndigkeit<\/p>\n<p>Eigenschaften:<br \/>\n&#8211; Ein Viton Au\u00dfenmantel f\u00e4ngt Ausdehnung und Raueit in der Hausbohrung auf<br \/>\n&#8211; Mit Edelstahlfeder<\/p>\n<p>Technische Informationen:<br \/>\n&#8211; CB: Gummi-Mantel, ohne Staubschutz<\/p>\n","protected":false},"featured_media":342523,"comment_status":"open","ping_status":"closed","template":"","meta":[],"location":[3905,15428],"product_brand":[],"product_cat":[1316,3888,13579],"product_tag":[],"class_list":{"0":"post-345384","1":"product","2":"type-product","3":"status-publish","4":"has-post-thumbnail","6":"location-ab-marine-service","7":"location-indi","8":"product_cat-impellerpumpen","9":"product_cat-impellerpumpe-deckeldichtungen","10":"product_cat-impellerpumpe-wellendichtung","11":"product_shipping_class-paket-0-10-kg","13":"first","14":"instock","15":"sale","16":"taxable","17":"shipping-taxable","18":"purchasable","19":"product-type-simple"},"group_of_quantity":0,"min_quantity":0,"max_quantity":"","exclude_order_quantity_value_rules":"no","exclude_category_quantity_rules":"no","combine_variations":"no","locations":[{"id":3905,"name":"AB Marine","slug":"ab-marine-service","quantity":""},{"id":15428,"name":"INDI","slug":"indi","quantity":""}],"_links":{"self":[{"href":"https:\/\/ab-marineservice.com\/de\/wp-json\/wp\/v2\/product\/345384","targetHints":{"allow":["GET"]}}],"collection":[{"href":"https:\/\/ab-marineservice.com\/de\/wp-json\/wp\/v2\/product"}],"about":[{"href":"https:\/\/ab-marineservice.com\/de\/wp-json\/wp\/v2\/types\/product"}],"replies":[{"embeddable":true,"href":"https:\/\/ab-marineservice.com\/de\/wp-json\/wp\/v2\/comments?post=345384"}],"wp:featuredmedia":[{"embeddable":true,"href":"https:\/\/ab-marineservice.com\/de\/wp-json\/wp\/v2\/media\/342523"}],"wp:attachment":[{"href":"https:\/\/ab-marineservice.com\/de\/wp-json\/wp\/v2\/media?parent=345384"}],"wp:term":[{"taxonomy":"location","embeddable":true,"href":"https:\/\/ab-marineservice.com\/de\/wp-json\/wp\/v2\/location?post=345384"},{"taxonomy":"product_brand","embeddable":true,"href":"https:\/\/ab-marineservice.com\/de\/wp-json\/wp\/v2\/product_brand?post=345384"},{"taxonomy":"product_cat","embeddable":true,"href":"https:\/\/ab-marineservice.com\/de\/wp-json\/wp\/v2\/product_cat?post=345384"},{"taxonomy":"product_tag","embeddable":true,"href":"https:\/\/ab-marineservice.com\/de\/wp-json\/wp\/v2\/product_tag?post=345384"}],"curies":[{"name":"wp","href":"https:\/\/api.w.org\/{rel}","templated":true}]}}