{"id":348665,"date":"2025-03-17T19:49:43","date_gmt":"2025-03-17T18:49:43","guid":{"rendered":"https:\/\/ab-marineservice.com\/product\/348665\/"},"modified":"2026-01-27T12:27:47","modified_gmt":"2026-01-27T11:27:47","slug":"lombardini-ldw2204mt-60ps-schiffsmotor","status":"publish","type":"product","link":"https:\/\/ab-marineservice.com\/de\/produkt\/lombardini-ldw2204mt-60ps-schiffsmotor\/","title":{"rendered":"Lombardini LDW2204MT 60PS Schiffsmotor complet"},"content":{"rendered":"<p><iframe loading=\"lazy\" width=\"478\" height=\"849\" src=\"https:\/\/www.youtube.com\/embed\/nFrbP2RoDao\" title=\"Lombardini LDW2204MT 60pk scheepsmotor\" frameborder=\"0\" allow=\"accelerometer; autoplay; clipboard-write; encrypted-media; gyroscope; picture-in-picture; web-share\" referrerpolicy=\"strict-origin-when-cross-origin\" allowfullscreen><\/iframe><\/p>\n","protected":false},"excerpt":{"rendered":"<p>Sie suchen einen zuverl\u00e4ssigen Schiffsmotor?<\/p>\n<p>Unsere Motoren werden standardm\u00e4\u00dfig ausgiebig getestet und nachgepr\u00fcft, um einen langfristigen Betrieb nach dem Einbau zu gew\u00e4hrleisten.<br \/>\nAuf unserer Kasse-Seite k\u00f6nnen Sie mit allen sicheren Zahlungsmitteln bezahlen. So k\u00f6nnen Sie sicher sein, dass Sie einen reibungslosen Einkauf haben!<br \/>\nStandardversand innerhalb und au\u00dferhalb Europas.<\/p>\n<p>Ein Video des laufenden Motors finden Sie unten auf der Seite.<br \/>\nWir geben zus\u00e4tzlich 3 Monate Garantie und 14 Tage Bedenkzeit.<br \/>\nBei Fragen k\u00f6nnen Sie uns gerne kontaktieren.<\/p>\n<p><strong>Motor<\/strong><br \/>\nMarke Motor: lombardini<br \/>\nType Motor: LDW2204MT<br \/>\nBaujahr:<br \/>\nLeistung: 61 Ps<br \/>\nDrehzahl: 2800 rpm<br \/>\nZylinderzahl: 4<br \/>\nKraftstoff: Diesel<\/p>\n<p><strong>Armaturenbrett<\/strong><br \/>\nArmaturenbrett: Ja<br \/>\nZwischenkabel: Ja<\/p>\n<p><strong>Typ K\u00fchlsystem:<\/strong><br \/>\nW\u00e4rmetauscher<\/p>\n<p><strong>Wendegetriebe:<\/strong><br \/>\nVerh\u00e4ltnis: 1.96:1<br \/>\nTyp: PRM260D2<\/p>\n<p><strong>Abmessungen:<\/strong><br \/>\nA = 1006mm<br \/>\nB = 590mm<br \/>\nC = 660mm<br \/>\nD = 230mm<br \/>\nE = 510mm<br \/>\nF = 455mm<\/p>\n<p>Betriebshandleitung: <a href=\"https:\/\/ab-marineservice.com\/wp-content\/uploads\/2020\/12\/Lombardini-LDW-1603M-1904M-2204M-2204MT-Marine-Engine-Use-Maintenance-Manual.pdf\">Lombardini LDW 1603M 1904M 2204M 2204MT Marine Engine Use &amp; Maintenance Manual<\/a><\/p>\n<p>Zus\u00e4tzlich gelten die folgenden Bedingungen f\u00fcr den Kaufvertrag von Gebrauchtwaren: <a href=\"https:\/\/ab-marineservice.com\/de\/kontakt\/allgemeine-bedingungen\/\">Link<\/a><\/p>\n<p>Wir versenden europaweit. Mit einer 14-t\u00e4gigen Bedenkzeit und einer 3-monatigen Garantie auf den internen Motor.<\/p>\n<p>&nbsp;<\/p>\n","protected":false},"featured_media":402127,"comment_status":"open","ping_status":"closed","template":"","meta":[],"location":[3905],"product_brand":[],"product_cat":[1516,3142],"product_tag":[],"class_list":{"0":"post-348665","1":"product","2":"type-product","3":"status-publish","4":"has-post-thumbnail","6":"location-ab-marine-service","7":"product_cat-bootsmotoren-gebraucht","8":"product_cat-innenbordmotor-30-500ps","9":"product_shipping_class-palettenversand","11":"first","12":"instock","13":"sale","14":"shipping-taxable","15":"purchasable","16":"product-type-simple"},"group_of_quantity":0,"min_quantity":0,"max_quantity":"","exclude_order_quantity_value_rules":"no","exclude_category_quantity_rules":"no","combine_variations":"no","locations":[{"id":3905,"name":"AB Marine","slug":"ab-marine-service","quantity":""}],"_links":{"self":[{"href":"https:\/\/ab-marineservice.com\/de\/wp-json\/wp\/v2\/product\/348665","targetHints":{"allow":["GET"]}}],"collection":[{"href":"https:\/\/ab-marineservice.com\/de\/wp-json\/wp\/v2\/product"}],"about":[{"href":"https:\/\/ab-marineservice.com\/de\/wp-json\/wp\/v2\/types\/product"}],"replies":[{"embeddable":true,"href":"https:\/\/ab-marineservice.com\/de\/wp-json\/wp\/v2\/comments?post=348665"}],"wp:featuredmedia":[{"embeddable":true,"href":"https:\/\/ab-marineservice.com\/de\/wp-json\/wp\/v2\/media\/402127"}],"wp:attachment":[{"href":"https:\/\/ab-marineservice.com\/de\/wp-json\/wp\/v2\/media?parent=348665"}],"wp:term":[{"taxonomy":"location","embeddable":true,"href":"https:\/\/ab-marineservice.com\/de\/wp-json\/wp\/v2\/location?post=348665"},{"taxonomy":"product_brand","embeddable":true,"href":"https:\/\/ab-marineservice.com\/de\/wp-json\/wp\/v2\/product_brand?post=348665"},{"taxonomy":"product_cat","embeddable":true,"href":"https:\/\/ab-marineservice.com\/de\/wp-json\/wp\/v2\/product_cat?post=348665"},{"taxonomy":"product_tag","embeddable":true,"href":"https:\/\/ab-marineservice.com\/de\/wp-json\/wp\/v2\/product_tag?post=348665"}],"curies":[{"name":"wp","href":"https:\/\/api.w.org\/{rel}","templated":true}]}}