{"id":350070,"date":"2026-01-14T17:55:00","date_gmt":"2026-01-14T16:55:00","guid":{"rendered":"https:\/\/ab-marineservice.com\/product\/vetus-airco-unit-10kw-komplett\/"},"modified":"2026-04-09T20:01:05","modified_gmt":"2026-04-09T18:01:05","slug":"vetus-deutz-dt4-29-85-ps-schiffsmotor-komplett","status":"publish","type":"product","link":"https:\/\/ab-marineservice.com\/de\/produkt\/vetus-deutz-dt4-29-85-ps-schiffsmotor-komplett\/","title":{"rendered":"Vetus Deutz DT4.29 85 PS Schiffsmotor komplett"},"content":{"rendered":"<p><iframe loading=\"lazy\" title=\"Vetus Deutz DT4.29 50pk scheepsmotor compleet\" src=\"https:\/\/www.youtube.com\/embed\/fZx-ys0jY-E\" width=\"478\" height=\"849\" frameborder=\"0\" allowfullscreen=\"allowfullscreen\"><\/iframe><\/p>\n","protected":false},"excerpt":{"rendered":"<p data-start=\"560\" data-end=\"791\">Sehr gepflegter und kompletter gebrauchter Schiffsmotor mit wenigen Betriebsstunden. Erhalten aufgrund der Umr\u00fcstung auf elektrischen Antrieb.<br data-start=\"702\" data-end=\"705\" \/>Komplett mit hydraulischem Getriebe, W\u00e4rmetauscher und Armaturenbrett (Instrumente).<\/p>\n<p data-start=\"793\" data-end=\"968\">Wird geliefert mit Lichtmaschine und Mastervolt Ladeger\u00e4t f\u00fcr intelligentes Laden von Batterien (auch Lithium geeignet) sowie Diodenverteiler zum Laden mehrerer Batterieb\u00e4nke.<\/p>\n<p><strong>Motor<\/strong><br \/>\nMarke Motor: Vetus Deutz<br \/>\nType Motor: DT4.29<br \/>\nStundenzahl: 400<br \/>\nBaujahr: 2007<br \/>\nLeistung: 83 Ps<br \/>\nDrehzahl: 2800 rpm<br \/>\nZylinderzahl: 4<br \/>\nKraftstoff: Diesel<\/p>\n<p><strong>Armaturenbrett<\/strong><br \/>\nArmaturenbrett: Ja<br \/>\nZwischenkabel: Ja<\/p>\n<p><strong>Typ K\u00fchlsystem:<\/strong><br \/>\nW\u00e4rmetauscher<\/p>\n<p><strong>Wendegetriebe:<\/strong><br \/>\nVerh\u00e4ltnis: 1.97<br \/>\nTyp: ZF 25-2.0<\/p>\n<p><strong>Abmessungen:<\/strong><br \/>\nA = 1100mm<br \/>\nB = 630mm<br \/>\nC = 710mm<br \/>\nD = 240mm<br \/>\nE = 575mm<br \/>\nF = 625mm<\/p>\n<p>Wir liefern in ganz Europa.<\/p>\n<p><strong>Bleiben Sie w\u00f6chentlich \u00fcber unsere neuesten Angebote informiert, <a href=\"https:\/\/ab-marineservice.com\/de\/angebot-gebrauchte-schiffsmotoren\/\">melden Sie sich hier an<\/a>!<\/strong><\/p>\n<p>Wir liefern in ganz Europa.<\/p>\n<p>Zus\u00e4tzlich gelten die folgenden Bedingungen f\u00fcr den Kaufvertrag beim Erwerb von Gebrauchtartikeln: <a href=\"https:\/\/ab-marineservice.com\/de\/kontakt\/allgemeine-bedingungen\/\">Link<\/a><\/p>\n","protected":false},"featured_media":434312,"comment_status":"open","ping_status":"closed","template":"","meta":[],"location":[],"product_brand":[],"product_cat":[10450],"product_tag":[],"class_list":{"0":"post-350070","1":"product","2":"type-product","3":"status-publish","4":"has-post-thumbnail","6":"product_cat-verkaufte-motoren","7":"product_shipping_class-palettenversand","9":"first","10":"outofstock","11":"shipping-taxable","12":"product-type-simple"},"group_of_quantity":0,"min_quantity":0,"max_quantity":"","exclude_order_quantity_value_rules":"no","exclude_category_quantity_rules":"no","combine_variations":"no","locations":[{"id":15418,"name":"AB Motoren","slug":"ab-motoren","quantity":""}],"_links":{"self":[{"href":"https:\/\/ab-marineservice.com\/de\/wp-json\/wp\/v2\/product\/350070","targetHints":{"allow":["GET"]}}],"collection":[{"href":"https:\/\/ab-marineservice.com\/de\/wp-json\/wp\/v2\/product"}],"about":[{"href":"https:\/\/ab-marineservice.com\/de\/wp-json\/wp\/v2\/types\/product"}],"replies":[{"embeddable":true,"href":"https:\/\/ab-marineservice.com\/de\/wp-json\/wp\/v2\/comments?post=350070"}],"wp:featuredmedia":[{"embeddable":true,"href":"https:\/\/ab-marineservice.com\/de\/wp-json\/wp\/v2\/media\/434312"}],"wp:attachment":[{"href":"https:\/\/ab-marineservice.com\/de\/wp-json\/wp\/v2\/media?parent=350070"}],"wp:term":[{"taxonomy":"location","embeddable":true,"href":"https:\/\/ab-marineservice.com\/de\/wp-json\/wp\/v2\/location?post=350070"},{"taxonomy":"product_brand","embeddable":true,"href":"https:\/\/ab-marineservice.com\/de\/wp-json\/wp\/v2\/product_brand?post=350070"},{"taxonomy":"product_cat","embeddable":true,"href":"https:\/\/ab-marineservice.com\/de\/wp-json\/wp\/v2\/product_cat?post=350070"},{"taxonomy":"product_tag","embeddable":true,"href":"https:\/\/ab-marineservice.com\/de\/wp-json\/wp\/v2\/product_tag?post=350070"}],"curies":[{"name":"wp","href":"https:\/\/api.w.org\/{rel}","templated":true}]}}