{"id":353042,"date":"2025-04-14T10:30:32","date_gmt":"2025-04-14T08:30:32","guid":{"rendered":"https:\/\/ab-marineservice.com\/product\/thread-seal-100-ml\/"},"modified":"2026-01-27T09:41:00","modified_gmt":"2026-01-27T08:41:00","slug":"thread-seal-100-ml-universelles-schraubensicherungsmittel","status":"publish","type":"product","link":"https:\/\/ab-marineservice.com\/de\/produkt\/thread-seal-100-ml-universelles-schraubensicherungsmittel\/","title":{"rendered":"Thread Seal 100\u202fml \u2013 Universelles Schraubensicherungsmittel"},"content":{"rendered":"","protected":false},"excerpt":{"rendered":"<p>Thread Seal ist ein vielseitiges thixotropes Schraubendichtmittel mit PTFE-Anteilen und f\u00fcr nahezu alle Gewindetypen geeignet.<\/p>\n<p>Es ist die perfekte L\u00f6sung f\u00fcr das schnelle und fachgerechte Abdichten von Gewindeverbindungen, die sp\u00e4ter wieder demontiert werden k\u00f6nnen. Das Produkt sorgt nicht nur f\u00fcr eine zuverl\u00e4ssige Abdichtung, sondern sch\u00fctzt auch die Gewindefl\u00e4chen vor Korrosion \u2013 f\u00fcr eine schnelle, problemlose und besch\u00e4digungsfreie Demontage.<\/p>\n<p>Dieses Dichtmittel auf Basis von Methacrylatverbindungen mit PTFE-Zus\u00e4tzen h\u00e4rtet durch eine anaerobe Reaktion mit Metall als Katalysator schnell aus. Nach dem Verschlie\u00dfen (Abschluss von Luft) ist die Verbindung in k\u00fcrzester Zeit belastbar.<\/p>\n<p>Durch die spezielle Verpackung ist Thread Seal besonders anwenderfreundlich und l\u00e4sst sich pr\u00e4zise dosieren. Der luftdichte Verschluss verhindert Verunreinigungen und sorgt f\u00fcr optimale Produktqualit\u00e4t.<\/p>\n<p>Produktdatenblatt: <a href=\"https:\/\/beheer.mirari.nu\/uploads\/algemeen\/producten\/spray-seal-hs\/Thread-Seal-01.0608.0555.pdf\" target=\"_blank\" rel=\"noopener\">Produktinfo Thread Seal<\/a><\/p>\n<p>Ersetzt auch verschiedene Loctite-Produkte.<\/p>\n","protected":false},"featured_media":353040,"comment_status":"open","ping_status":"closed","template":"","meta":[],"location":[3905,15432],"product_brand":[25909],"product_cat":[1436,2162,23623],"product_tag":[],"class_list":{"0":"post-353042","1":"product","2":"type-product","3":"status-publish","4":"has-post-thumbnail","6":"location-ab-marine-service","7":"location-innotec","8":"product_brand-innotec","9":"product_cat-wartung","10":"product_cat-zubehor-de-2","11":"product_cat-innotec","12":"product_shipping_class-paket-0-10-kg","14":"first","15":"instock","16":"sale","17":"taxable","18":"shipping-taxable","19":"purchasable","20":"product-type-simple"},"group_of_quantity":0,"min_quantity":0,"max_quantity":"","exclude_order_quantity_value_rules":"no","exclude_category_quantity_rules":"no","combine_variations":"no","locations":[{"id":3905,"name":"AB Marine","slug":"ab-marine-service","quantity":""},{"id":15432,"name":"Innotec","slug":"innotec","quantity":""}],"_links":{"self":[{"href":"https:\/\/ab-marineservice.com\/de\/wp-json\/wp\/v2\/product\/353042","targetHints":{"allow":["GET"]}}],"collection":[{"href":"https:\/\/ab-marineservice.com\/de\/wp-json\/wp\/v2\/product"}],"about":[{"href":"https:\/\/ab-marineservice.com\/de\/wp-json\/wp\/v2\/types\/product"}],"replies":[{"embeddable":true,"href":"https:\/\/ab-marineservice.com\/de\/wp-json\/wp\/v2\/comments?post=353042"}],"wp:featuredmedia":[{"embeddable":true,"href":"https:\/\/ab-marineservice.com\/de\/wp-json\/wp\/v2\/media\/353040"}],"wp:attachment":[{"href":"https:\/\/ab-marineservice.com\/de\/wp-json\/wp\/v2\/media?parent=353042"}],"wp:term":[{"taxonomy":"location","embeddable":true,"href":"https:\/\/ab-marineservice.com\/de\/wp-json\/wp\/v2\/location?post=353042"},{"taxonomy":"product_brand","embeddable":true,"href":"https:\/\/ab-marineservice.com\/de\/wp-json\/wp\/v2\/product_brand?post=353042"},{"taxonomy":"product_cat","embeddable":true,"href":"https:\/\/ab-marineservice.com\/de\/wp-json\/wp\/v2\/product_cat?post=353042"},{"taxonomy":"product_tag","embeddable":true,"href":"https:\/\/ab-marineservice.com\/de\/wp-json\/wp\/v2\/product_tag?post=353042"}],"curies":[{"name":"wp","href":"https:\/\/api.w.org\/{rel}","templated":true}]}}