{"id":353061,"date":"2025-04-14T10:55:39","date_gmt":"2025-04-14T08:55:39","guid":{"rendered":"https:\/\/ab-marineservice.com\/product\/leather-cleaner-250-ml\/"},"modified":"2025-05-04T17:18:04","modified_gmt":"2025-05-04T15:18:04","slug":"leather-cleaner-250-ml","status":"publish","type":"product","link":"https:\/\/ab-marineservice.com\/de\/produkt\/leather-cleaner-250-ml\/","title":{"rendered":"Leather Cleaner 250 ml"},"content":{"rendered":"","protected":false},"excerpt":{"rendered":"<p>Leather Cleaner ist ein nat\u00fcrlich basierendes Produkt, das speziell zur Reinigung von Leder entwickelt wurde. Es entfernt effektiv die h\u00e4ufigsten Verschmutzungen bis tief in die Poren und ist sicher auf nahezu allen Glattlederarten, Kunstleder und sogar Skai anwendbar. Nach der Reinigung kehrt der urspr\u00fcngliche seidenmatte Glanz zur\u00fcck und das Leder erh\u00e4lt sein nat\u00fcrliches Aussehen zur\u00fcck.<\/p>\n<p>Dank seiner speziellen und sicheren Zusammensetzung eignet sich der Reiniger hervorragend f\u00fcr die Reinigung verschiedenster Leder(-\u00e4hnlicher) Anwendungen, wie z.\u202fB. Fahrzeuginnenausstattung, Kleidung, Motorradanz\u00fcge, (B\u00fcro-)M\u00f6bel usw.<\/p>\n<p>Leather Cleaner ist gebrauchsfertig und muss nicht verd\u00fcnnt werden. Dank des speziellen Dosierkopfes l\u00e4sst sich das Produkt sehr pr\u00e4zise auftragen. F\u00fcr beste Ergebnisse empfiehlt sich die Anwendung mit einem Innotec Spot Handpad oder einem trockenen Innotec Multi Wipe.<\/p>\n<p>Produktdatenblatt: <a href=\"https:\/\/beheer.mirari.nu\/uploads\/algemeen\/producten\/easy-polish\/Leather-Cleaner.pdf\" target=\"_blank\" rel=\"noopener\">Produktinfo Leather Cleaner<\/a><\/p>\n","protected":false},"featured_media":353059,"comment_status":"open","ping_status":"closed","template":"","meta":[],"location":[3905,15432],"product_brand":[],"product_cat":[1436,23623],"product_tag":[],"class_list":{"0":"post-353061","1":"product","2":"type-product","3":"status-publish","4":"has-post-thumbnail","6":"location-ab-marine-service","7":"location-innotec","8":"product_cat-wartung","9":"product_cat-innotec","10":"product_shipping_class-paket-0-10-kg","12":"first","13":"instock","14":"sale","15":"taxable","16":"shipping-taxable","17":"purchasable","18":"product-type-simple"},"group_of_quantity":0,"min_quantity":0,"max_quantity":"","exclude_order_quantity_value_rules":"no","exclude_category_quantity_rules":"no","combine_variations":"no","locations":[{"id":3905,"name":"AB Marine","slug":"ab-marine-service","quantity":""},{"id":15432,"name":"Innotec","slug":"innotec","quantity":""}],"_links":{"self":[{"href":"https:\/\/ab-marineservice.com\/de\/wp-json\/wp\/v2\/product\/353061","targetHints":{"allow":["GET"]}}],"collection":[{"href":"https:\/\/ab-marineservice.com\/de\/wp-json\/wp\/v2\/product"}],"about":[{"href":"https:\/\/ab-marineservice.com\/de\/wp-json\/wp\/v2\/types\/product"}],"replies":[{"embeddable":true,"href":"https:\/\/ab-marineservice.com\/de\/wp-json\/wp\/v2\/comments?post=353061"}],"wp:featuredmedia":[{"embeddable":true,"href":"https:\/\/ab-marineservice.com\/de\/wp-json\/wp\/v2\/media\/353059"}],"wp:attachment":[{"href":"https:\/\/ab-marineservice.com\/de\/wp-json\/wp\/v2\/media?parent=353061"}],"wp:term":[{"taxonomy":"location","embeddable":true,"href":"https:\/\/ab-marineservice.com\/de\/wp-json\/wp\/v2\/location?post=353061"},{"taxonomy":"product_brand","embeddable":true,"href":"https:\/\/ab-marineservice.com\/de\/wp-json\/wp\/v2\/product_brand?post=353061"},{"taxonomy":"product_cat","embeddable":true,"href":"https:\/\/ab-marineservice.com\/de\/wp-json\/wp\/v2\/product_cat?post=353061"},{"taxonomy":"product_tag","embeddable":true,"href":"https:\/\/ab-marineservice.com\/de\/wp-json\/wp\/v2\/product_tag?post=353061"}],"curies":[{"name":"wp","href":"https:\/\/api.w.org\/{rel}","templated":true}]}}