{"id":353079,"date":"2025-04-14T11:06:44","date_gmt":"2025-04-14T09:06:44","guid":{"rendered":"https:\/\/ab-marineservice.com\/product\/inno-seal-marine-290-ml-zwart\/"},"modified":"2025-05-04T17:20:28","modified_gmt":"2025-05-04T15:20:28","slug":"inno-seal-marine-290-ml-schwarz-schiffsdichtstoff","status":"publish","type":"product","link":"https:\/\/ab-marineservice.com\/de\/produkt\/inno-seal-marine-290-ml-schwarz-schiffsdichtstoff\/","title":{"rendered":"Inno-Seal Marine 290\u202fml Schwarz \u2013 Schiffsdichtstoff"},"content":{"rendered":"","protected":false},"excerpt":{"rendered":"<p>Inno-Seal Marine ist ein einzigartiger Klebe- und Dichtstoff f\u00fcr nahezu alle Untergr\u00fcnde. Dank seiner vielseitigen Eigenschaften ist Inno-Seal ideal f\u00fcr den Schiffbau und die Schifffahrt geeignet. Der perfekte Partner f\u00fcr den Profi \u2013 einfach in der Anwendung und mit hochwertigem Finish.<\/p>\n<p>Inno-Seal Marine kann auf nahezu allen modernen Materialien im Schiffbau verwendet werden, wie Metall, Holz, Kunststoffe usw. Damit ist Inno-Seal die ideale L\u00f6sung f\u00fcr die Montage und Verarbeitung von Innenausbauten, dekorativen Verklebungen, Holzelementen, Trennw\u00e4nden, der Befestigung von kondensationshemmenden Materialien und mehr.<\/p>\n<p>Inno-Seal Marine bildet schnell eine Haut, trocknet z\u00fcgig durch und ist \u00e4u\u00dferst flexibel.<\/p>\n<p>Inno-Seal Marine ist l\u00f6sungsmittelfrei, wodurch es nicht zu Schrumpfung oder Rissbildung kommt. Au\u00dferdem ist das Produkt frei von Isocyanaten und mit nahezu allen modernen Lacken \u00fcberlackierbar \u2013 sogar Nass-in-Nass \u2013 was wertvolle Zeit spart.<\/p>\n<p>Dank der praktischen 290-ml-Kartusche ist Inno-Seal Marine besonders einfach und wirtschaftlich in der Anwendung.<\/p>\n<p>Produktdatenblatt: <a href=\"https:\/\/beheer.mirari.nu\/uploads\/algemeen\/Inno-Seal-Marine-01.2501.0000.pdf\" target=\"_blank\" rel=\"noopener\">Produktinfo Inno-Seal Marine<\/a><\/p>\n","protected":false},"featured_media":353077,"comment_status":"open","ping_status":"closed","template":"","meta":[],"location":[3905,15432],"product_brand":[24221],"product_cat":[1436,2162,23623],"product_tag":[],"class_list":{"0":"post-353079","1":"product","2":"type-product","3":"status-publish","4":"has-post-thumbnail","6":"location-ab-marine-service","7":"location-innotec","8":"product_brand-innotec","9":"product_cat-wartung","10":"product_cat-zubehor-de-2","11":"product_cat-innotec","12":"product_shipping_class-paket-0-10-kg","14":"first","15":"onbackorder","16":"sale","17":"taxable","18":"shipping-taxable","19":"purchasable","20":"product-type-simple"},"group_of_quantity":0,"min_quantity":0,"max_quantity":"","exclude_order_quantity_value_rules":"no","exclude_category_quantity_rules":"no","combine_variations":"no","locations":[{"id":3905,"name":"AB Marine","slug":"ab-marine-service","quantity":""},{"id":15432,"name":"Innotec","slug":"innotec","quantity":""}],"_links":{"self":[{"href":"https:\/\/ab-marineservice.com\/de\/wp-json\/wp\/v2\/product\/353079","targetHints":{"allow":["GET"]}}],"collection":[{"href":"https:\/\/ab-marineservice.com\/de\/wp-json\/wp\/v2\/product"}],"about":[{"href":"https:\/\/ab-marineservice.com\/de\/wp-json\/wp\/v2\/types\/product"}],"replies":[{"embeddable":true,"href":"https:\/\/ab-marineservice.com\/de\/wp-json\/wp\/v2\/comments?post=353079"}],"wp:featuredmedia":[{"embeddable":true,"href":"https:\/\/ab-marineservice.com\/de\/wp-json\/wp\/v2\/media\/353077"}],"wp:attachment":[{"href":"https:\/\/ab-marineservice.com\/de\/wp-json\/wp\/v2\/media?parent=353079"}],"wp:term":[{"taxonomy":"location","embeddable":true,"href":"https:\/\/ab-marineservice.com\/de\/wp-json\/wp\/v2\/location?post=353079"},{"taxonomy":"product_brand","embeddable":true,"href":"https:\/\/ab-marineservice.com\/de\/wp-json\/wp\/v2\/product_brand?post=353079"},{"taxonomy":"product_cat","embeddable":true,"href":"https:\/\/ab-marineservice.com\/de\/wp-json\/wp\/v2\/product_cat?post=353079"},{"taxonomy":"product_tag","embeddable":true,"href":"https:\/\/ab-marineservice.com\/de\/wp-json\/wp\/v2\/product_tag?post=353079"}],"curies":[{"name":"wp","href":"https:\/\/api.w.org\/{rel}","templated":true}]}}