{"id":353201,"date":"2025-04-14T18:29:44","date_gmt":"2025-04-14T16:29:55","guid":{"rendered":"https:\/\/ab-marineservice.com\/?post_type=product&#038;p=353201"},"modified":"2025-05-04T16:55:23","modified_gmt":"2025-05-04T14:55:23","slug":"mastervolt-mac-plus-dc-dc-wandler-12-12-50-czone","status":"publish","type":"product","link":"https:\/\/ab-marineservice.com\/de\/produkt\/mastervolt-mac-plus-dc-dc-wandler-12-12-50-czone\/","title":{"rendered":"Mastervolt Mac Plus DC\/DC-Wandler 12\/12-50 CZone"},"content":{"rendered":"","protected":false},"excerpt":{"rendered":"<p>Mac Plus 12\/12-50<\/p>\n<p>Geben Sie Ihrer Verbraucherbatterie einen Schub<\/p>\n<p>Verbraucherbatterien erhalten oft nicht die Ladung, die sie ben\u00f6tigen \u2013 ein Problem, das durch intelligente Lichtmaschinen und Start-Stopp-Systeme noch versch\u00e4rft wird. Die Mac Plus DC-DC-Ladung l\u00f6st dieses Problem durch schnelles, sicheres und zuverl\u00e4ssiges Laden der Verbraucherbatterie. Da das System erkennt, wann der Motor l\u00e4uft, wird die Starterbatterie niemals entladen.<\/p>\n<p>Bew\u00e4hrte Mastervolt-Qualit\u00e4t<\/p>\n<p>Verlassen Sie sich auf h\u00f6chste Qualit\u00e4t an Bord. Dank des bew\u00e4hrten Mastervolt 3-stufigen+ Ladealgorithmus l\u00e4dt die Mac Plus schnell und zuverl\u00e4ssig \u2013 selbst bei vollst\u00e4ndig entladenen Batterien.<\/p>\n<p>Das robuste Design ist f\u00fcr h\u00e4rteste Bedingungen geeignet, mit optimierter Batterietemperaturf\u00fchrung und einem hochwertigen Aluminiumgeh\u00e4use zum Schutz vor Staub und Wasser. Das energieeffiziente Design erm\u00f6glicht leisen, l\u00fcfterlosen Betrieb.<\/p>\n<p>Maximale Leistung &#038; Flexibilit\u00e4t<\/p>\n<p>Die Mac Plus unterst\u00fctzt einen gro\u00dfen Gleichspannungseingangsbereich, funktioniert mit allen DC-Quellen und kann zwei Batterien \u00fcber eine Lichtmaschine oder ein Ladeger\u00e4t versorgen. Sie ist f\u00fcr alle Batteriearten geeignet \u2013 einschlie\u00dflich Lithium \u2013 und arbeitet problemlos mit modernen Lichtmaschinen wie Euro 5 und 6 zusammen, auch wenn diese nicht aktiv laden.<\/p>\n<p>Die Parallelschaltung von bis zu zehn Ger\u00e4ten erm\u00f6glicht mehr als 100 Ampere. Hochfrequenz-Schalttechnik mit moderner Mikroprozessorsteuerung minimiert Leistungsverluste bei der Umwandlung zwischen 12\u202fV und 24\u202fV.<\/p>\n<p>Analoge Spannungserkennung gleicht Spannungsverluste aus und sorgt f\u00fcr eine stabile Ladung.<\/p>\n<p>\u00dcberlegene \u00dcberwachung und Steuerung<\/p>\n<p>Kompatibilit\u00e4t mit CZone\u00ae, NMEA 2000\u00ae und MasterBus erm\u00f6glicht erstklassige \u00dcberwachung und einfache Systemintegration. H\u00f6chste Leistung dank moderner Controller und hochwertiger MOSFETs. Konfiguration einfach \u00fcber MasterAdjust, das CZone-Konfigurationstool oder integrierte DIP-Schalter.<\/p>\n<p>Merkmale<\/p>\n<ul>\n<li>Schnelles und sicheres Laden \u2013 auch bei kurzen Fahrten<\/li>\n<li>L\u00fcfterloses Design f\u00fcr ger\u00e4uschlosen Betrieb<\/li>\n<li>Kompatibel mit Nass-, Gel-, AGM- und Lithium-Ionen-Batterien (inkl. LiFePO4)<\/li>\n<li>L\u00e4dt auch vollst\u00e4ndig entladene Batterien<\/li>\n<li>Motordrehzahlerkennung sch\u00fctzt die Starterbatterie<\/li>\n<li>Einstellbare Stromgrenzen f\u00fcr Euro 5\/6 Konformit\u00e4t<\/li>\n<li>Spannungsstabilisierung sch\u00fctzt empfindliche Elektronik, Beleuchtung und Verbraucher<\/li>\n<li>Parallelschaltung f\u00fcr eine Ladeleistung von \u00fcber 100 A<\/li>\n<li>Kompatibel mit MasterBus, CZone und NMEA 2000 f\u00fcr intelligente Systemintegration<\/li>\n<li>Temperaturkompensation und Spannungs\u00fcberwachung f\u00fcr optimale Ladeergebnisse<\/li>\n<li>E-Mark\/R10-Zertifizierung f\u00fcr mobile Anwendungen<\/li>\n<li>Versorgungsmodus liefert stabile Energie f\u00fcr empfindliche Verbraucher<\/li>\n<li>Hochleistungsanschl\u00fcsse f\u00fcr einfache Installation und schnelle Einstellung \u00fcber DIP-Schalter<\/li>\n<\/ul>\n","protected":false},"featured_media":342179,"comment_status":"open","ping_status":"closed","template":"","meta":[],"location":[6695],"product_brand":[26253],"product_cat":[23468],"product_tag":[],"class_list":{"0":"post-353201","1":"product","2":"type-product","3":"status-publish","4":"has-post-thumbnail","6":"location-exalto","7":"product_brand-mastervolt","8":"product_cat-lichtmaschinen-laderegler","9":"product_shipping_class-paket-0-10-kg","11":"first","12":"onbackorder","13":"sale","14":"taxable","15":"shipping-taxable","16":"purchasable","17":"product-type-simple"},"group_of_quantity":0,"min_quantity":0,"max_quantity":"","exclude_order_quantity_value_rules":"no","exclude_category_quantity_rules":"no","combine_variations":"no","locations":[{"id":6695,"name":"Exalto","slug":"exalto","quantity":""}],"_links":{"self":[{"href":"https:\/\/ab-marineservice.com\/de\/wp-json\/wp\/v2\/product\/353201","targetHints":{"allow":["GET"]}}],"collection":[{"href":"https:\/\/ab-marineservice.com\/de\/wp-json\/wp\/v2\/product"}],"about":[{"href":"https:\/\/ab-marineservice.com\/de\/wp-json\/wp\/v2\/types\/product"}],"replies":[{"embeddable":true,"href":"https:\/\/ab-marineservice.com\/de\/wp-json\/wp\/v2\/comments?post=353201"}],"wp:featuredmedia":[{"embeddable":true,"href":"https:\/\/ab-marineservice.com\/de\/wp-json\/wp\/v2\/media\/342179"}],"wp:attachment":[{"href":"https:\/\/ab-marineservice.com\/de\/wp-json\/wp\/v2\/media?parent=353201"}],"wp:term":[{"taxonomy":"location","embeddable":true,"href":"https:\/\/ab-marineservice.com\/de\/wp-json\/wp\/v2\/location?post=353201"},{"taxonomy":"product_brand","embeddable":true,"href":"https:\/\/ab-marineservice.com\/de\/wp-json\/wp\/v2\/product_brand?post=353201"},{"taxonomy":"product_cat","embeddable":true,"href":"https:\/\/ab-marineservice.com\/de\/wp-json\/wp\/v2\/product_cat?post=353201"},{"taxonomy":"product_tag","embeddable":true,"href":"https:\/\/ab-marineservice.com\/de\/wp-json\/wp\/v2\/product_tag?post=353201"}],"curies":[{"name":"wp","href":"https:\/\/api.w.org\/{rel}","templated":true}]}}