{"id":357039,"date":"2025-05-06T16:53:10","date_gmt":"2025-05-06T14:53:10","guid":{"rendered":"https:\/\/ab-marineservice.com\/product\/wartungskit-fur-yanmar-2ym-3ym\/"},"modified":"2026-03-03T16:29:14","modified_gmt":"2026-03-03T15:29:14","slug":"wartungskit-fur-yanmar-2ym-3ym","status":"publish","type":"product","link":"https:\/\/ab-marineservice.com\/de\/produkt\/wartungskit-fur-yanmar-2ym-3ym\/","title":{"rendered":"Wartungskit f\u00fcr Yanmar 2YM \/ 3YM"},"content":{"rendered":"<h3>Servicekit f\u00fcr Yanmar 2YM \/ 3YM<\/h3>\n<p>Dieses Servicekit enth\u00e4lt die wesentlichen Teile f\u00fcr die Wartung der Yanmar 2YM15, 3YM20 und 3YM30 Motoren.<\/p>\n<h4>Inhalt des Kits:<\/h4>\n<ul>\n<li><strong>O-Ring<\/strong> (X02173476) \u2013 2 St\u00fcck<\/li>\n<li><strong>Kraftstofffilterelement<\/strong> (104500-55710)<\/li>\n<li><strong>\u00d6lfilter<\/strong> (119305-35170)<\/li>\n<li><strong>Impeller D50.8<\/strong> (128990-42200)<\/li>\n<li><strong>O-Ring 1AS44.0<\/strong> (24341-000440)<\/li>\n<li><strong>Schraube<\/strong> (128990-42520-6) \u2013 6 St\u00fcck<\/li>\n<li><strong>Impeller-Fett neutral<\/strong> (9999-0002)<\/li>\n<li><strong>Impeller-Handbuch<\/strong> (9999-0003)<\/li>\n<\/ul>\n<h4>\u00d6lmenge pro Modell:<\/h4>\n<ul>\n<li><strong>Yanmar 2YM15<\/strong>: Motor\u00f6l (einschlie\u00dflich \u00d6lfilter): 1,8-2 Liter<\/li>\n<li><strong>Yanmar 3YM20<\/strong>: Motor\u00f6l (einschlie\u00dflich \u00d6lfilter): 2,4-2,7 Liter<\/li>\n<li><strong>Yanmar 3YM30<\/strong>: Motor\u00f6l (einschlie\u00dflich \u00d6lfilter): 2,5-2,8 Liter<\/li>\n<\/ul>\n<h4>Empfohlenes Motor\u00f6l:<\/h4>\n<p>F\u00fcr den \u00d6lwechsel k\u00f6nnen Sie die folgenden Produkte verwenden:<\/p>\n<ul>\n<li style=\"list-style-type: none;\">\n<ul>\n<li><strong>5 Liter Asyntho Motor\u00f6l<\/strong> (Viskosit\u00e4t: 5W30): <a href=\"https:\/\/ab-marineservice.com\/de\/produkt\/asyntho-5w-30-6\/\">Hier klicken, um zu kaufen<\/a><\/li>\n<li><strong>5 Liter Bi-Turbo Motor\u00f6l<\/strong> (Viskosit\u00e4t: 15W40): <a href=\"https:\/\/ab-marineservice.com\/de\/produkt\/bi-turbo-15w-40-6\/\">Hier klicken, um zu kaufen<\/a><\/li>\n<li><strong>20 Liter Synfleet SHPD Motor\u00f6l<\/strong> (Viskosit\u00e4t: 10W40): <a href=\"https:\/\/ab-marineservice.com\/de\/produkt\/synfleet-shpd-10w-40-20-liter\/\">Hier klicken, um zu kaufen<\/a><\/li>\n<\/ul>\n<\/li>\n<\/ul>\n<h4>Kompatibilit\u00e4t:<\/h4>\n<p>Dieses Servicekit ist f\u00fcr die Yanmar 2YM15, 3YM20 und 3YM30 Motoren geeignet. Stellen Sie sicher, dass Ihr Motor dem richtigen Modell entspricht, bevor Sie das Kit kaufen.<\/p>\n<h4>Wartungstipps:<\/h4>\n<p>Es wird empfohlen, das Motor\u00f6l alle 150 Betriebsstunden oder mindestens einmal j\u00e4hrlich zu wechseln, abh\u00e4ngig von der Nutzung. Vergessen Sie nicht, die \u00d6lfilter, den Kraftstofffilter, den Impeller und die O-Ringe regelm\u00e4\u00dfig zu wechseln, um eine optimale Motorleistung zu gew\u00e4hrleisten.<\/p>\n","protected":false},"excerpt":{"rendered":"<p>Dieses originale <strong>Servicekit<\/strong> ist f\u00fcr die Yanmar 2YM15, 3YM20 und 3YM30 Motoren geeignet. Mit der Artikelnummer <strong>21189426<\/strong> enth\u00e4lt das Kit alle wesentlichen Teile f\u00fcr eine vollst\u00e4ndige und zuverl\u00e4ssige Wartung, einschlie\u00dflich \u00d6lfilter, Kraftstofffilter, Impeller und anderer wichtiger Komponenten. Alles, was Sie f\u00fcr eine optimale Motorwartung ben\u00f6tigen, in einem kompletten Kit.<\/p>\n","protected":false},"featured_media":386223,"comment_status":"open","ping_status":"closed","template":"","meta":[],"location":[3905],"product_brand":[28033],"product_cat":[1222,1436,23607,23611,19125],"product_tag":[],"class_list":{"0":"post-357039","1":"product","2":"type-product","3":"status-publish","4":"has-post-thumbnail","6":"location-ab-marine-service","7":"product_brand-yanmar","8":"product_cat-motorteile","9":"product_cat-wartung","10":"product_cat-service-kits","11":"product_cat-service-kits-yanmar","12":"product_cat-motorenteile-yanmar","13":"product_shipping_class-paket-0-10-kg","15":"first","16":"onbackorder","17":"sale","18":"taxable","19":"shipping-taxable","20":"purchasable","21":"product-type-simple"},"group_of_quantity":0,"min_quantity":0,"max_quantity":"","exclude_order_quantity_value_rules":"no","exclude_category_quantity_rules":"no","combine_variations":"no","locations":[{"id":3905,"name":"AB Marine","slug":"ab-marine-service","quantity":""},{"id":15425,"name":"Gebr. Van Enkhuizen","slug":"gebr-van-enkhuizen","quantity":""}],"_links":{"self":[{"href":"https:\/\/ab-marineservice.com\/de\/wp-json\/wp\/v2\/product\/357039","targetHints":{"allow":["GET"]}}],"collection":[{"href":"https:\/\/ab-marineservice.com\/de\/wp-json\/wp\/v2\/product"}],"about":[{"href":"https:\/\/ab-marineservice.com\/de\/wp-json\/wp\/v2\/types\/product"}],"replies":[{"embeddable":true,"href":"https:\/\/ab-marineservice.com\/de\/wp-json\/wp\/v2\/comments?post=357039"}],"wp:featuredmedia":[{"embeddable":true,"href":"https:\/\/ab-marineservice.com\/de\/wp-json\/wp\/v2\/media\/386223"}],"wp:attachment":[{"href":"https:\/\/ab-marineservice.com\/de\/wp-json\/wp\/v2\/media?parent=357039"}],"wp:term":[{"taxonomy":"location","embeddable":true,"href":"https:\/\/ab-marineservice.com\/de\/wp-json\/wp\/v2\/location?post=357039"},{"taxonomy":"product_brand","embeddable":true,"href":"https:\/\/ab-marineservice.com\/de\/wp-json\/wp\/v2\/product_brand?post=357039"},{"taxonomy":"product_cat","embeddable":true,"href":"https:\/\/ab-marineservice.com\/de\/wp-json\/wp\/v2\/product_cat?post=357039"},{"taxonomy":"product_tag","embeddable":true,"href":"https:\/\/ab-marineservice.com\/de\/wp-json\/wp\/v2\/product_tag?post=357039"}],"curies":[{"name":"wp","href":"https:\/\/api.w.org\/{rel}","templated":true}]}}