{"id":357051,"date":"2025-05-06T18:54:32","date_gmt":"2025-05-06T16:54:32","guid":{"rendered":"https:\/\/ab-marineservice.com\/product\/wartungskit-fur-yanmar-4jh2-ute\/"},"modified":"2026-03-03T16:28:58","modified_gmt":"2026-03-03T15:28:58","slug":"wartungskit-fur-yanmar-4jh2-ute","status":"publish","type":"product","link":"https:\/\/ab-marineservice.com\/de\/produkt\/wartungskit-fur-yanmar-4jh2-ute\/","title":{"rendered":"Wartungskit f\u00fcr Yanmar 4JH2-UTE"},"content":{"rendered":"<h3>Servicekit f\u00fcr Yanmar 4JH2-UTE<\/h3>\n<p>Dieses Servicekit enth\u00e4lt die wesentlichen Teile f\u00fcr die Wartung der Yanmar 4JH2-UTE Motoren.<\/p>\n<h4>Inhalt des Kits:<\/h4>\n<ul>\n<li><strong>\u00d6lfilter<\/strong>: 129150-35170<\/li>\n<li><strong>Impeller<\/strong>: 129470-42532<\/li>\n<li><strong>Kraftstofffilter<\/strong>: 129574-55711<\/li>\n<li><strong>O-Ring 1AS60.0<\/strong>: 24341-000600<\/li>\n<\/ul>\n<h4>\u00d6lmenge pro Modell:<\/h4>\n<ul>\n<li><strong>Yanmar 4JH2-UTE<\/strong>: Motor\u00f6l (einschlie\u00dflich \u00d6lfilter): 2,5\u20137 Liter<\/li>\n<\/ul>\n<h4>Empfohlenes Motor\u00f6l:<\/h4>\n<p>F\u00fcr den \u00d6lwechsel k\u00f6nnen Sie folgende Produkte verwenden:<\/p>\n<ul>\n<li><strong>5 Liter Motor\u00f6l Asyntho<\/strong> (Viskosit\u00e4t: 5W-30): <a href=\"https:\/\/ab-marineservice.com\/de\/produkt\/asyntho-5w-30-6\/\">Hier klicken, um zu kaufen<\/a><\/li>\n<li><strong>20 Liter Motor\u00f6l Synfleet SHPD<\/strong> (Viskosit\u00e4t: 10W-40): <a href=\"https:\/\/ab-marineservice.com\/de\/produkt\/synfleet-shpd-10w-40-20-liter\/\">Hier klicken, um zu kaufen<\/a><\/li>\n<li><strong>20 Liter Motor\u00f6l Multifleet SHPD<\/strong> (Viskosit\u00e4t: 10W-40): <a href=\"https:\/\/ab-marineservice.com\/de\/produkt\/multifleet-shpd-10w-40-3\/\">Hier klicken, um zu kaufen<\/a><\/li>\n<\/ul>\n<h4>Kompatibilit\u00e4t:<\/h4>\n<p>Dieses Servicekit ist geeignet f\u00fcr die Yanmar 4JH2-UTE Motoren. Stellen Sie sicher, dass Ihr Motor mit dem richtigen Modell \u00fcbereinstimmt, bevor Sie das Kit kaufen.<\/p>\n<h4>Wartungstipps:<\/h4>\n<p>Es wird empfohlen, das Motor\u00f6l alle 150 Betriebsstunden oder mindestens einmal im Jahr zu wechseln, je nach Nutzung. Vergessen Sie nicht, regelm\u00e4\u00dfig die \u00d6lfilter, den Kraftstofffilter und den Impeller zu ersetzen, um eine optimale Leistung Ihres Motors sicherzustellen.<\/p>\n","protected":false},"excerpt":{"rendered":"<p>Dieses originale <strong>Servicekit<\/strong> ist geeignet f\u00fcr Yanmar 4JH2-UTE Motoren. Mit der Artikelnummer <strong>21189426<\/strong> enth\u00e4lt das Kit alle wesentlichen Komponenten f\u00fcr eine vollst\u00e4ndige und zuverl\u00e4ssige Wartung, einschlie\u00dflich \u00d6lfilter, Kraftstofffilter, Impeller und O-Ring. Alles, was Sie f\u00fcr eine optimale Motorwartung in einem kompletten Kit ben\u00f6tigen.<\/p>\n","protected":false},"featured_media":386664,"comment_status":"open","ping_status":"closed","template":"","meta":[],"location":[3905],"product_brand":[28033],"product_cat":[1222,1436,23607,23611,19125],"product_tag":[],"class_list":{"0":"post-357051","1":"product","2":"type-product","3":"status-publish","4":"has-post-thumbnail","6":"location-ab-marine-service","7":"product_brand-yanmar","8":"product_cat-motorteile","9":"product_cat-wartung","10":"product_cat-service-kits","11":"product_cat-service-kits-yanmar","12":"product_cat-motorenteile-yanmar","13":"product_shipping_class-paket-0-10-kg","15":"first","16":"instock","17":"sale","18":"taxable","19":"shipping-taxable","20":"purchasable","21":"product-type-simple"},"group_of_quantity":0,"min_quantity":0,"max_quantity":"","exclude_order_quantity_value_rules":"no","exclude_category_quantity_rules":"no","combine_variations":"no","locations":[{"id":3905,"name":"AB Marine","slug":"ab-marine-service","quantity":""},{"id":15425,"name":"Gebr. Van Enkhuizen","slug":"gebr-van-enkhuizen","quantity":""}],"_links":{"self":[{"href":"https:\/\/ab-marineservice.com\/de\/wp-json\/wp\/v2\/product\/357051","targetHints":{"allow":["GET"]}}],"collection":[{"href":"https:\/\/ab-marineservice.com\/de\/wp-json\/wp\/v2\/product"}],"about":[{"href":"https:\/\/ab-marineservice.com\/de\/wp-json\/wp\/v2\/types\/product"}],"replies":[{"embeddable":true,"href":"https:\/\/ab-marineservice.com\/de\/wp-json\/wp\/v2\/comments?post=357051"}],"wp:featuredmedia":[{"embeddable":true,"href":"https:\/\/ab-marineservice.com\/de\/wp-json\/wp\/v2\/media\/386664"}],"wp:attachment":[{"href":"https:\/\/ab-marineservice.com\/de\/wp-json\/wp\/v2\/media?parent=357051"}],"wp:term":[{"taxonomy":"location","embeddable":true,"href":"https:\/\/ab-marineservice.com\/de\/wp-json\/wp\/v2\/location?post=357051"},{"taxonomy":"product_brand","embeddable":true,"href":"https:\/\/ab-marineservice.com\/de\/wp-json\/wp\/v2\/product_brand?post=357051"},{"taxonomy":"product_cat","embeddable":true,"href":"https:\/\/ab-marineservice.com\/de\/wp-json\/wp\/v2\/product_cat?post=357051"},{"taxonomy":"product_tag","embeddable":true,"href":"https:\/\/ab-marineservice.com\/de\/wp-json\/wp\/v2\/product_tag?post=357051"}],"curies":[{"name":"wp","href":"https:\/\/api.w.org\/{rel}","templated":true}]}}