{"id":357545,"date":"2025-05-10T16:21:31","date_gmt":"2025-05-10T14:21:31","guid":{"rendered":"https:\/\/ab-marineservice.com\/?post_type=product&#038;p=357545"},"modified":"2025-05-20T16:58:21","modified_gmt":"2025-05-20T14:58:21","slug":"impellerabzieher-johnson-09-821bt-1","status":"publish","type":"product","link":"https:\/\/ab-marineservice.com\/de\/produkt\/impellerabzieher-johnson-09-821bt-1\/","title":{"rendered":"Impellerabzieher Johnson 09-821BT-1"},"content":{"rendered":"","protected":false},"excerpt":{"rendered":"<p>Dieser universelle Impellerabzieher ist geeignet f\u00fcr gr\u00f6\u00dfere Impeller mit M24-Gewinde.<br \/>\nVerhindert Besch\u00e4digungen am Pumpengeh\u00e4use und zieht den <a href=\"https:\/\/ab-marineservice.com\/product-categorie\/koelwatersysteem\/impellerpomp\/impellers\/\">Impeller<\/a> sicher und schnell heraus.<br \/>\nAuch an schwer zug\u00e4nglichen Stellen gut einsetzbar.<\/p>\n<p>Gewinde: M24<\/p>\n<p>Passend f\u00fcr:<\/p>\n<p>Impeller 09-821BT-1<\/p>\n","protected":false},"featured_media":357543,"comment_status":"open","ping_status":"closed","template":"","meta":[],"location":[3905],"product_brand":[27719],"product_cat":[1316,2207,3111],"product_tag":[],"class_list":{"0":"post-357545","1":"product","2":"type-product","3":"status-publish","4":"has-post-thumbnail","6":"location-ab-marine-service","7":"product_brand-martec","8":"product_cat-impellerpumpen","9":"product_cat-impeller","10":"product_cat-impeller-werkzeuge","11":"product_shipping_class-paket-0-10-kg","13":"first","14":"instock","15":"sale","16":"taxable","17":"shipping-taxable","18":"purchasable","19":"product-type-simple"},"group_of_quantity":0,"min_quantity":0,"max_quantity":"","exclude_order_quantity_value_rules":"no","exclude_category_quantity_rules":"no","combine_variations":"no","locations":[{"id":3905,"name":"AB Marine","slug":"ab-marine-service","quantity":""},{"id":15431,"name":"Martec","slug":"martec","quantity":""}],"_links":{"self":[{"href":"https:\/\/ab-marineservice.com\/de\/wp-json\/wp\/v2\/product\/357545","targetHints":{"allow":["GET"]}}],"collection":[{"href":"https:\/\/ab-marineservice.com\/de\/wp-json\/wp\/v2\/product"}],"about":[{"href":"https:\/\/ab-marineservice.com\/de\/wp-json\/wp\/v2\/types\/product"}],"replies":[{"embeddable":true,"href":"https:\/\/ab-marineservice.com\/de\/wp-json\/wp\/v2\/comments?post=357545"}],"wp:featuredmedia":[{"embeddable":true,"href":"https:\/\/ab-marineservice.com\/de\/wp-json\/wp\/v2\/media\/357543"}],"wp:attachment":[{"href":"https:\/\/ab-marineservice.com\/de\/wp-json\/wp\/v2\/media?parent=357545"}],"wp:term":[{"taxonomy":"location","embeddable":true,"href":"https:\/\/ab-marineservice.com\/de\/wp-json\/wp\/v2\/location?post=357545"},{"taxonomy":"product_brand","embeddable":true,"href":"https:\/\/ab-marineservice.com\/de\/wp-json\/wp\/v2\/product_brand?post=357545"},{"taxonomy":"product_cat","embeddable":true,"href":"https:\/\/ab-marineservice.com\/de\/wp-json\/wp\/v2\/product_cat?post=357545"},{"taxonomy":"product_tag","embeddable":true,"href":"https:\/\/ab-marineservice.com\/de\/wp-json\/wp\/v2\/product_tag?post=357545"}],"curies":[{"name":"wp","href":"https:\/\/api.w.org\/{rel}","templated":true}]}}