{"id":358216,"date":"2025-05-13T19:34:27","date_gmt":"2025-05-13T17:34:27","guid":{"rendered":"https:\/\/ab-marineservice.com\/?post_type=product&#038;p=358216"},"modified":"2026-01-27T16:57:34","modified_gmt":"2026-01-27T15:57:34","slug":"automatisches-startmodul-dse3110-fur-generatoren-oder-motoren","status":"publish","type":"product","link":"https:\/\/ab-marineservice.com\/de\/produkt\/automatisches-startmodul-dse3110-fur-generatoren-oder-motoren\/","title":{"rendered":"Automatisches Startmodul DSE3110 f\u00fcr Generatoren oder Motoren"},"content":{"rendered":"<p><iframe loading=\"lazy\" title=\"We are DSE\" src=\"https:\/\/www.youtube.com\/embed\/70fpRnB_4rY\" width=\"487\" height=\"274\" frameborder=\"0\" allowfullscreen=\"allowfullscreen\"><\/iframe><\/p>\n","protected":false},"excerpt":{"rendered":"<div class=\"elementor-element elementor-element-a3116fb elementor-widget elementor-widget-heading\" data-id=\"a3116fb\" data-element_type=\"widget\" data-widget_type=\"heading.default\">\n<div class=\"elementor-widget-container\"><\/div>\n<\/div>\n<div class=\"elementor-element elementor-element-7de0674 elementor-widget elementor-widget-jet-listing-dynamic-field\" data-id=\"7de0674\" data-element_type=\"widget\" data-widget_type=\"jet-listing-dynamic-field.default\">\n<div class=\"elementor-widget-container\">\n<div class=\"jet-listing jet-listing-dynamic-field display-inline\">\n<div class=\"jet-listing-dynamic-field__inline-wrap\">\n<div class=\"jet-listing-dynamic-field__content\">\n<p>Der DSE3110 kann als manuelles oder automatisches Startmodul f\u00fcr Einzel-Generatoranwendungen oder f\u00fcr Anwendungen nur mit Motoren verwendet werden. Das Modul ist f\u00fcr den Einsatz mit nicht-elektronischen Motoren konzipiert und bietet fortschrittliche Funktionen zur Motor\u00fcberwachung und -sicherung.<\/p>\n<p>Der DSE3110 ist mit einem beleuchteten LCD-Bildschirm mit Symbolen ausgestattet, der jederzeit den Status des Generatorensatzes klar anzeigt. Das Modul \u00fcberwacht die Drehzahl des Motors, die Frequenz, die Spannung und die Betriebsstunden des Motors und zeigt au\u00dferdem Warnungen und Abschaltstatus an.<\/p>\n<p>Das Modul verf\u00fcgt \u00fcber feste und konfigurierbare Ausg\u00e4nge sowie konfigurierbare Eing\u00e4nge, was es f\u00fcr eine Vielzahl von Anwendungen geeignet macht. Das Modul kann \u00fcber das Frontpanel oder mit der DSE Configuration Suite PC-Software programmiert werden.<\/p>\n<p>          Frei programmierbar mit kostenloser Software: <a href=\"https:\/\/www.deepseaelectronics.com\/genset\/manual-auto-start-control-modules\/dse3110\/software\">Software-Download DSE<\/a><\/p>\n<ul>\n<li>DC-Stromversorgung mit kontinuierlicher Spannung von 8 bis 35 Volt<\/li>\n<li>Cranking-Aussetzer 0 Volt f\u00fcr 50 ms, wenn die Stromversorgung vorher mindestens 10 Volt betrug und sich auf mindestens 5 Volt ohne interne Batterie erholt<\/li>\n<li>Ladefehler-Erregung 8 bis 35 Volt feste Stromquelle 2,5 Watt<\/li>\n<li>Nomineller Standby-Stromverbrauch 23 mA bei 12 Volt, 18 mA bei 24 Volt<\/li>\n<li>Maximaler Betriebsstrom 35 mA bei 12 Volt, 30 mA bei 24 Volt<\/li>\n<li>Ausgang A Kraftstoff 2 A DC bei Versorgungsspannung<\/li>\n<li>Ausgang B Start 2 A DC bei Versorgungsspannung<\/li>\n<li>Ausg\u00e4nge C und D 2 A DC bei Versorgungsspannung<\/li>\n<li>Generator Spannungsbereich 15 bis 333 Volt AC<\/li>\n<li>Generator Frequenzbereich 3,5 bis 75 Hz<\/li>\n<li>Magnetische Abholspannung \u00b10,5 bis 70 Volt<\/li>\n<li>Magnetische Abholfrequenz bis zu 10.000 Hz<\/li>\n<\/ul>\n<p>Hinweis: Nicht CAN-kompatibel.<\/p>\n<p>Inklusive Steckverbinder.<\/p>\n<p>          Datenblatt:\n        <\/p><\/div>\n<\/p><\/div>\n<div class=\"jet-listing-dynamic-field__inline-wrap\">\n<div><a href=\"https:\/\/ab-marineservice.com\/wp-content\/uploads\/2025\/05\/DSE3110-Data-Sheet.pdf\">DSE3110-Datenblatt<\/a><\/div>\n<div><a href=\"https:\/\/ab-marineservice.com\/wp-content\/uploads\/2025\/05\/DSE3110-Operators-Manual.pdf\">DSE3110-Bedienungsanleitung<\/a><\/div>\n<div><a href=\"https:\/\/ab-marineservice.com\/wp-content\/uploads\/2025\/05\/DSE3110-Installation-Instructions.pdf\">DSE3110-Installationsanweisungen<\/a><\/div>\n<\/p><\/div>\n<\/p><\/div>\n<\/p><\/div>\n<\/div>\n","protected":false},"featured_media":358246,"comment_status":"open","ping_status":"closed","template":"","meta":[],"location":[],"product_brand":[],"product_cat":[1815],"product_tag":[],"class_list":{"0":"post-358216","1":"product","2":"type-product","3":"status-publish","4":"has-post-thumbnail","6":"product_cat-armaturenbrett-komplett","7":"product_shipping_class-paket-0-10-kg","9":"first","10":"onbackorder","11":"sale","12":"taxable","13":"shipping-taxable","14":"purchasable","15":"product-type-simple"},"group_of_quantity":0,"min_quantity":0,"max_quantity":"","exclude_order_quantity_value_rules":"no","exclude_category_quantity_rules":"no","combine_variations":"no","locations":[{"id":3905,"name":"AB Marine","slug":"ab-marine-service","quantity":""}],"_links":{"self":[{"href":"https:\/\/ab-marineservice.com\/de\/wp-json\/wp\/v2\/product\/358216","targetHints":{"allow":["GET"]}}],"collection":[{"href":"https:\/\/ab-marineservice.com\/de\/wp-json\/wp\/v2\/product"}],"about":[{"href":"https:\/\/ab-marineservice.com\/de\/wp-json\/wp\/v2\/types\/product"}],"replies":[{"embeddable":true,"href":"https:\/\/ab-marineservice.com\/de\/wp-json\/wp\/v2\/comments?post=358216"}],"wp:featuredmedia":[{"embeddable":true,"href":"https:\/\/ab-marineservice.com\/de\/wp-json\/wp\/v2\/media\/358246"}],"wp:attachment":[{"href":"https:\/\/ab-marineservice.com\/de\/wp-json\/wp\/v2\/media?parent=358216"}],"wp:term":[{"taxonomy":"location","embeddable":true,"href":"https:\/\/ab-marineservice.com\/de\/wp-json\/wp\/v2\/location?post=358216"},{"taxonomy":"product_brand","embeddable":true,"href":"https:\/\/ab-marineservice.com\/de\/wp-json\/wp\/v2\/product_brand?post=358216"},{"taxonomy":"product_cat","embeddable":true,"href":"https:\/\/ab-marineservice.com\/de\/wp-json\/wp\/v2\/product_cat?post=358216"},{"taxonomy":"product_tag","embeddable":true,"href":"https:\/\/ab-marineservice.com\/de\/wp-json\/wp\/v2\/product_tag?post=358216"}],"curies":[{"name":"wp","href":"https:\/\/api.w.org\/{rel}","templated":true}]}}