{"id":365609,"date":"2025-06-15T16:02:12","date_gmt":"2025-06-15T14:02:12","guid":{"rendered":"https:\/\/ab-marineservice.com\/product\/shampoo-wax\/"},"modified":"2026-05-04T15:21:03","modified_gmt":"2026-05-04T13:21:03","slug":"shampoo-wax-2","status":"publish","type":"product","link":"https:\/\/ab-marineservice.com\/de\/produkt\/shampoo-wax-2\/","title":{"rendered":"Shampoo Wax \u2013 20 Liter"},"content":{"rendered":"<p>Shampoo Wax ist ein mildes, synthetisches Kfz-Shampoo mit Aktivwachsadditiven. Eine Kappe Shampoo Wax auf einen Eimer mit warmem Wasser sorgt f\u00fcr gr\u00fcndliche Reinigung des Fahrzeuglacks und sch\u00fctzt ihn mit einer dauerhaften Wachsschicht.<\/p>\n<h4>Typische Standardanalysen<\/h4>\n<table class=\"table analyse-table\">\n<tr>\n<td>Dichte bei 15 \u00b0C<\/td>\n<td>\n<b>1,020<\/b>  kg\/l<\/td>\n<\/tr>\n<tr>\n<td>Schmelzpunkt<\/td>\n<td>\n<b>0<\/b>  \u00b0C<\/td>\n<\/tr>\n<tr>\n<td>Siedepunkt (R\u00fcckflu\u00df)<\/td>\n<td>\n<b>100<\/b>  \u00b0C<\/td>\n<\/tr>\n<tr>\n<td>pH &#8211; Wert<\/td>\n<td>\n<b>7,0<\/b> <\/td>\n<\/tr>\n<\/table>\n","protected":false},"excerpt":{"rendered":"<p>Shampoo Wax ist f\u00fcr alle Fahrzeuglacke geeignet. Nach der W\u00e4sche mit Shampoo Wax den Lack gr\u00fcndlich trocknen und mit einem trockenen, weichen Tuch auf Hochglanz polieren.<\/p>\n<p>1 Kappe Shampoo Wax in 1 Eimer warmes Wasser geben. Shampoo Wax ist biologisch abbaubar und muss frostfrei gelagert werden.<\/p>\n","protected":false},"featured_media":362687,"comment_status":"open","ping_status":"open","template":"","meta":[],"location":[4275,4276],"product_brand":[25894],"product_cat":[2187,9884],"product_tag":[],"class_list":{"0":"post-365609","1":"product","2":"type-product","3":"status-publish","4":"has-post-thumbnail","6":"location-aes-emmeloord","7":"location-aes-lemmer","8":"product_brand-kroon-oil","9":"product_cat-schmiermittel","10":"product_cat-kroon-oil","11":"product_shipping_class-paket-0-10-kg","13":"first","14":"onbackorder","15":"sale","16":"taxable","17":"shipping-taxable","18":"purchasable","19":"product-type-simple"},"group_of_quantity":0,"min_quantity":0,"max_quantity":"","exclude_order_quantity_value_rules":"no","exclude_category_quantity_rules":"no","combine_variations":"no","locations":[{"id":4275,"name":"AES Emmeloord","slug":"aes-emmeloord","quantity":""},{"id":4276,"name":"AES Lemmer","slug":"aes-lemmer","quantity":""}],"_links":{"self":[{"href":"https:\/\/ab-marineservice.com\/de\/wp-json\/wp\/v2\/product\/365609","targetHints":{"allow":["GET"]}}],"collection":[{"href":"https:\/\/ab-marineservice.com\/de\/wp-json\/wp\/v2\/product"}],"about":[{"href":"https:\/\/ab-marineservice.com\/de\/wp-json\/wp\/v2\/types\/product"}],"replies":[{"embeddable":true,"href":"https:\/\/ab-marineservice.com\/de\/wp-json\/wp\/v2\/comments?post=365609"}],"wp:featuredmedia":[{"embeddable":true,"href":"https:\/\/ab-marineservice.com\/de\/wp-json\/wp\/v2\/media\/362687"}],"wp:attachment":[{"href":"https:\/\/ab-marineservice.com\/de\/wp-json\/wp\/v2\/media?parent=365609"}],"wp:term":[{"taxonomy":"location","embeddable":true,"href":"https:\/\/ab-marineservice.com\/de\/wp-json\/wp\/v2\/location?post=365609"},{"taxonomy":"product_brand","embeddable":true,"href":"https:\/\/ab-marineservice.com\/de\/wp-json\/wp\/v2\/product_brand?post=365609"},{"taxonomy":"product_cat","embeddable":true,"href":"https:\/\/ab-marineservice.com\/de\/wp-json\/wp\/v2\/product_cat?post=365609"},{"taxonomy":"product_tag","embeddable":true,"href":"https:\/\/ab-marineservice.com\/de\/wp-json\/wp\/v2\/product_tag?post=365609"}],"curies":[{"name":"wp","href":"https:\/\/api.w.org\/{rel}","templated":true}]}}