{"id":365628,"date":"2025-06-15T16:04:28","date_gmt":"2025-06-15T14:04:28","guid":{"rendered":"https:\/\/ab-marineservice.com\/product\/2t-super\/"},"modified":"2025-11-25T17:26:50","modified_gmt":"2025-11-25T16:26:50","slug":"2t-super-3","status":"publish","type":"product","link":"https:\/\/ab-marineservice.com\/de\/produkt\/2t-super-3\/","title":{"rendered":"2T Super \u2013 208 Liter"},"content":{"rendered":"<p>2T Super ist ein Zweitakt-Motor\u00f6l, das auf ausgesuchten Premium-Grund\u00f6len basiert. Durch spezielle Zweitaktadditive erg\u00e4nzt, bietet es folgende Eigenschaften:<\/p>\n<ul>\n<li>Effektive Schmierung aller Motorteile<\/li>\n<li>Starke Reinigungswirkung, wodurch Kompressionskammer und Ausl\u00e4sse auch bei hohen Betriebstemperaturen frei von Ablagerungen bleiben<\/li>\n<li>Z\u00fcndkerzen bleiben sauber, wodurch eine optimale Motorleistung sichergestellt wird<\/li>\n<li>Hervorragender Schutz vor Korrosion und Verschlei\u00df<\/li>\n<li>Weniger Rauchbildung<\/li>\n<\/ul>\n<h4>Produktdaten<\/h4>\n<ul>\n<li>API TC<\/li>\n<\/ul>\n<h4>Typische Standardanalysen<\/h4>\n<table class=\"table analyse-table\">\n<tr>\n<td>Dichte bei 15 \u00b0C<\/td>\n<td>\n<b>0,880<\/b>  kg\/l<\/td>\n<\/tr>\n<tr>\n<td>Viskosit\u00e4t 40 \u00b0C<\/td>\n<td>\n<b>67,40<\/b>  mm\u00b2\/s<\/td>\n<\/tr>\n<tr>\n<td>Viskosit\u00e4t 100 \u00b0C<\/td>\n<td>\n<b>9,50<\/b>  mm\u00b2\/s<\/td>\n<\/tr>\n<tr>\n<td>Viskosit\u00e4tsindex<\/td>\n<td>\n<b>115<\/b> <\/td>\n<\/tr>\n<tr>\n<td>Flammpunkt PM<\/td>\n<td>\n<b>118<\/b>  \u00b0C<\/td>\n<\/tr>\n<tr>\n<td>Flammpunkt COC<\/td>\n<td>\n<b>152<\/b>  \u00b0C<\/td>\n<\/tr>\n<tr>\n<td>Flie\u00dfpunkt<\/td>\n<td>\n<b>-18<\/b>  \u00b0C<\/td>\n<\/tr>\n<tr>\n<td>Basenzahl<\/td>\n<td>\n<b>0,9<\/b>  mgKOH\/g<\/td>\n<\/tr>\n<tr>\n<td>Sulfataschegehalt<\/td>\n<td>\n<b>0,09<\/b>  %<\/td>\n<\/tr>\n<\/table>\n","protected":false},"excerpt":{"rendered":"<p>2T Super ist auf Mineral\u00f6lbasis speziell f\u00fcr Motoren, die unter Normallastbedingungen arbeiten. Das Produkt ist auch f\u00fcr Zweitaktmotoren mit Wasserk\u00fchlung (mit K\u00fchlerw\u00e4rmetauscher) geeignet. 2T Super ist selbstmischend und wird in einem Mischungsverh\u00e4ltnis von 1 Teil \u00d6l auf 50 Teile Kraftstoff bzw. mit dem vom Motorhersteller vorgegebenen Verh\u00e4ltnis verwendet.<\/p>\n","protected":false},"featured_media":362760,"comment_status":"open","ping_status":"open","template":"","meta":[],"location":[4275,4276],"product_brand":[25894],"product_cat":[2187,9884],"product_tag":[],"class_list":{"0":"post-365628","1":"product","2":"type-product","3":"status-publish","4":"has-post-thumbnail","6":"location-aes-emmeloord","7":"location-aes-lemmer","8":"product_brand-kroon-oil","9":"product_cat-schmiermittel","10":"product_cat-kroon-oil","11":"product_shipping_class-paket-0-10-kg","13":"first","14":"onbackorder","15":"sale","16":"taxable","17":"shipping-taxable","18":"purchasable","19":"product-type-simple"},"group_of_quantity":0,"min_quantity":0,"max_quantity":"","exclude_order_quantity_value_rules":"no","exclude_category_quantity_rules":"no","combine_variations":"no","locations":[{"id":4275,"name":"AES Emmeloord","slug":"aes-emmeloord","quantity":""},{"id":4276,"name":"AES Lemmer","slug":"aes-lemmer","quantity":""}],"_links":{"self":[{"href":"https:\/\/ab-marineservice.com\/de\/wp-json\/wp\/v2\/product\/365628","targetHints":{"allow":["GET"]}}],"collection":[{"href":"https:\/\/ab-marineservice.com\/de\/wp-json\/wp\/v2\/product"}],"about":[{"href":"https:\/\/ab-marineservice.com\/de\/wp-json\/wp\/v2\/types\/product"}],"replies":[{"embeddable":true,"href":"https:\/\/ab-marineservice.com\/de\/wp-json\/wp\/v2\/comments?post=365628"}],"wp:featuredmedia":[{"embeddable":true,"href":"https:\/\/ab-marineservice.com\/de\/wp-json\/wp\/v2\/media\/362760"}],"wp:attachment":[{"href":"https:\/\/ab-marineservice.com\/de\/wp-json\/wp\/v2\/media?parent=365628"}],"wp:term":[{"taxonomy":"location","embeddable":true,"href":"https:\/\/ab-marineservice.com\/de\/wp-json\/wp\/v2\/location?post=365628"},{"taxonomy":"product_brand","embeddable":true,"href":"https:\/\/ab-marineservice.com\/de\/wp-json\/wp\/v2\/product_brand?post=365628"},{"taxonomy":"product_cat","embeddable":true,"href":"https:\/\/ab-marineservice.com\/de\/wp-json\/wp\/v2\/product_cat?post=365628"},{"taxonomy":"product_tag","embeddable":true,"href":"https:\/\/ab-marineservice.com\/de\/wp-json\/wp\/v2\/product_tag?post=365628"}],"curies":[{"name":"wp","href":"https:\/\/api.w.org\/{rel}","templated":true}]}}