{"id":365631,"date":"2025-06-15T16:04:28","date_gmt":"2025-06-15T14:04:28","guid":{"rendered":"https:\/\/ab-marineservice.com\/product\/dieselfleet-cd-15w-40\/"},"modified":"2025-11-25T17:26:59","modified_gmt":"2025-11-25T16:26:59","slug":"dieselfleet-cd-15w-40-3","status":"publish","type":"product","link":"https:\/\/ab-marineservice.com\/de\/produkt\/dieselfleet-cd-15w-40-3\/","title":{"rendered":"Dieselfleet CD+ 15W-40 \u2013 208 Liter"},"content":{"rendered":"<p>Dieselfleet CD+ 15W-40 ist ein hochmodernes Dieselmotor\u00f6l, das auf hochwertigen solvent-raffinierten Grund\u00f6len basiert und durch eine sorgf\u00e4ltig gewichtete Additivmischung erg\u00e4nzt wird. Dieselfleet CD+ (15W-40 bietet folgende Eigenschaften:<\/p>\n<ul>\n<li>Starke Detergenswirkung reduziert Ablagerungen im Hochtemperaturbereich des Motors auf ein Minimum.<\/li>\n<li>\u00c4u\u00dferst effektive Dispersion sch\u00fctzt vor Sedimentierung und \u00d6lschlamm.<\/li>\n<li>Wirkungsvoller Schutz vor Korrosion und Schaumbildung<\/li>\n<li>Hoher und stabiler Viskosit\u00e4tsindex<\/li>\n<li>Niedriger Sulfataschegehalt<\/li>\n<li>Sehr effektiver Verschlei\u00dfschutz, um Kolbenring- und Zylinderwandverschlei\u00df deutlich zu vermindern<\/li>\n<\/ul>\n<h4>Produktdaten<\/h4>\n<ul>\n<li>ACEA E7<\/li>\n<li>API CI-4 \/ SL<\/li>\n<li>DTFR 15B110 (228.3)<\/li>\n<li>Deutz DQC III-18<\/li>\n<li>Mack EO-N, Renault VI RLD-2<\/li>\n<li>Volvo VDS-3<\/li>\n<li>Cat ECF-1-a \/ ECF-2<\/li>\n<li>Cummins CES 20077 \/ 20078<\/li>\n<li>Detroit Diesel 93K215<\/li>\n<li>Global DHD-1<\/li>\n<li>JASO DH-1<\/li>\n<li>Mack EO-M Plus<\/li>\n<li>MAN M 3275-1<\/li>\n<li>MB 228.3<\/li>\n<li>MTU Type 2<\/li>\n<li>Allison C3, CAT TO-2<\/li>\n<li>ZF 04C \/ 04P \/ 07C \/ 07D \/ 21K<\/li>\n<\/ul>\n<h4>Typische Standardanalysen<\/h4>\n<table class=\"table analyse-table\">\n<tr>\n<td>Dichte bei 15 \u00b0C<\/td>\n<td>\n<b>0,875<\/b>  kg\/l<\/td>\n<\/tr>\n<tr>\n<td>Viskosit\u00e4t -20 \u00b0C<\/td>\n<td>\n<b>6300<\/b>  mPa.s<\/td>\n<\/tr>\n<tr>\n<td>Viskosit\u00e4t 40 \u00b0C<\/td>\n<td>\n<b>115,00<\/b>  mm\u00b2\/s<\/td>\n<\/tr>\n<tr>\n<td>Viskosit\u00e4t 100 \u00b0C<\/td>\n<td>\n<b>15,10<\/b>  mm\u00b2\/s<\/td>\n<\/tr>\n<tr>\n<td>Viskosit\u00e4tsindex<\/td>\n<td>\n<b>136<\/b> <\/td>\n<\/tr>\n<tr>\n<td>Flammpunkt COC<\/td>\n<td>\n<b>230<\/b>  \u00b0C<\/td>\n<\/tr>\n<tr>\n<td>Flie\u00dfpunkt<\/td>\n<td>\n<b>-36<\/b>  \u00b0C<\/td>\n<\/tr>\n<tr>\n<td>Basenzahl<\/td>\n<td>\n<b>11,1<\/b>  mgKOH\/g<\/td>\n<\/tr>\n<tr>\n<td>S\u00e4urenzahl<\/td>\n<td>\n<b>4,33<\/b>  mgKOH\/g<\/td>\n<\/tr>\n<tr>\n<td>Sulfataschegehalt<\/td>\n<td>\n<b>1,43<\/b>  %<\/td>\n<\/tr>\n<\/table>\n","protected":false},"excerpt":{"rendered":"<p>Dieselfleet CD+ 15W-40 ist auf Benzin- und Dieselmotoren mit und ohne Turbolader ausgelegt, die ganzj\u00e4hrig unter stark erschwerten Einsatzbedingungen betrieben werden. Dieselfleet CD+ 15W-40 eignet sich aufgrund seiner hohen Basenzahl (Total Base Number) f\u00fcr Dieselkraftstoffe mit relativ hohem Schwefelgehalt. Dieses Motor\u00f6l wurde speziell entwickelt, um die \u00d6lwechselintervalle deutlich zu verl\u00e4ngern (45.000 km) und um Zylinderverschlei\u00df durch \u201eBore-Polishing\u201c zu verhindern.<\/p>\n","protected":false},"featured_media":362772,"comment_status":"open","ping_status":"open","template":"","meta":[],"location":[4275,4276],"product_brand":[25894],"product_cat":[2187,9884],"product_tag":[],"class_list":{"0":"post-365631","1":"product","2":"type-product","3":"status-publish","4":"has-post-thumbnail","6":"location-aes-emmeloord","7":"location-aes-lemmer","8":"product_brand-kroon-oil","9":"product_cat-schmiermittel","10":"product_cat-kroon-oil","11":"product_shipping_class-paket-0-10-kg","13":"first","14":"onbackorder","15":"sale","16":"taxable","17":"shipping-taxable","18":"purchasable","19":"product-type-simple"},"group_of_quantity":0,"min_quantity":0,"max_quantity":"","exclude_order_quantity_value_rules":"no","exclude_category_quantity_rules":"no","combine_variations":"no","locations":[{"id":4275,"name":"AES Emmeloord","slug":"aes-emmeloord","quantity":""},{"id":4276,"name":"AES Lemmer","slug":"aes-lemmer","quantity":""}],"_links":{"self":[{"href":"https:\/\/ab-marineservice.com\/de\/wp-json\/wp\/v2\/product\/365631","targetHints":{"allow":["GET"]}}],"collection":[{"href":"https:\/\/ab-marineservice.com\/de\/wp-json\/wp\/v2\/product"}],"about":[{"href":"https:\/\/ab-marineservice.com\/de\/wp-json\/wp\/v2\/types\/product"}],"replies":[{"embeddable":true,"href":"https:\/\/ab-marineservice.com\/de\/wp-json\/wp\/v2\/comments?post=365631"}],"wp:featuredmedia":[{"embeddable":true,"href":"https:\/\/ab-marineservice.com\/de\/wp-json\/wp\/v2\/media\/362772"}],"wp:attachment":[{"href":"https:\/\/ab-marineservice.com\/de\/wp-json\/wp\/v2\/media?parent=365631"}],"wp:term":[{"taxonomy":"location","embeddable":true,"href":"https:\/\/ab-marineservice.com\/de\/wp-json\/wp\/v2\/location?post=365631"},{"taxonomy":"product_brand","embeddable":true,"href":"https:\/\/ab-marineservice.com\/de\/wp-json\/wp\/v2\/product_brand?post=365631"},{"taxonomy":"product_cat","embeddable":true,"href":"https:\/\/ab-marineservice.com\/de\/wp-json\/wp\/v2\/product_cat?post=365631"},{"taxonomy":"product_tag","embeddable":true,"href":"https:\/\/ab-marineservice.com\/de\/wp-json\/wp\/v2\/product_tag?post=365631"}],"curies":[{"name":"wp","href":"https:\/\/api.w.org\/{rel}","templated":true}]}}