{"id":365632,"date":"2025-06-15T16:04:28","date_gmt":"2025-06-15T14:04:28","guid":{"rendered":"https:\/\/ab-marineservice.com\/product\/bi-turbo-15w-40\/"},"modified":"2025-11-25T17:27:02","modified_gmt":"2025-11-25T16:27:02","slug":"bi-turbo-15w-40-3","status":"publish","type":"product","link":"https:\/\/ab-marineservice.com\/de\/produkt\/bi-turbo-15w-40-3\/","title":{"rendered":"Bi-Turbo 15W-40 \u2013 208 Liter"},"content":{"rendered":"<p>Bi-Turbo 15W-40 ist ein universelles mineralisches Motor\u00f6l, das auf hochwertigen solventraffinierten Grund\u00f6len basiert. Dank einer speziellen Additivmischung bietet es folgende Eigenschaften:<\/p>\n<ul>\n<li>Sehr starke Detergens- und Dispersionswirkung, um Ausf\u00e4llung von \u00d6lschlamm zu verhindern.<\/li>\n<li>Hervorragende Oxidationsfestigkeit<\/li>\n<li>\u00dcberlegener Verschlei\u00dfschutz<\/li>\n<li>Optimierter Schutz gegen Korrosion und Schaumbildung<\/li>\n<li>Hoher und stabiler Viskosit\u00e4tsindex<\/li>\n<li>Niedrige Verdunstungsneigung<\/li>\n<li>Keine Beeintr\u00e4chtigung von Katalysatoren<\/li>\n<\/ul>\n<h4>Produktdaten<\/h4>\n<ul>\n<li>ACEA A3\/B4<\/li>\n<li>API SL\/CF<\/li>\n<li>MB 229.1<\/li>\n<li>VW 501.01\/505.00<\/li>\n<\/ul>\n<h4>Typische Standardanalysen<\/h4>\n<table class=\"table analyse-table\">\n<tr>\n<td>Dichte bei 15 \u00b0C<\/td>\n<td>\n<b>0,879<\/b>  kg\/l<\/td>\n<\/tr>\n<tr>\n<td>Viskosit\u00e4t -20 \u00b0C<\/td>\n<td>\n<b>2800<\/b>  mPa.s<\/td>\n<\/tr>\n<tr>\n<td>Viskosit\u00e4t 40 \u00b0C<\/td>\n<td>\n<b>88,90<\/b>  mm\u00b2\/s<\/td>\n<\/tr>\n<tr>\n<td>Viskosit\u00e4t 100 \u00b0C<\/td>\n<td>\n<b>13,50<\/b>  mm\u00b2\/s<\/td>\n<\/tr>\n<tr>\n<td>Viskosit\u00e4tsindex<\/td>\n<td>\n<b>135<\/b> <\/td>\n<\/tr>\n<tr>\n<td>Flammpunkt COC<\/td>\n<td>\n<b>230<\/b>  \u00b0C<\/td>\n<\/tr>\n<tr>\n<td>Flie\u00dfpunkt<\/td>\n<td>\n<b>-27<\/b>  \u00b0C<\/td>\n<\/tr>\n<tr>\n<td>Basenzahl<\/td>\n<td>\n<b>10,7<\/b>  mgKOH\/g<\/td>\n<\/tr>\n<tr>\n<td>Sulfataschegehalt<\/td>\n<td>\n<b>1,31<\/b>  %<\/td>\n<\/tr>\n<\/table>\n","protected":false},"excerpt":{"rendered":"<p>Bi-Turbo 15W-40 ist ein Universalmotor\u00f6l auf Mineral\u00f6lbasis f\u00fcr Benzin- Diesel- und LPG-Motoren von Pkw und Vans mit oder ohne Turbolader oder Katalysator Zur korrekten Anwendung siehe Kroon-Oil Datenbank \u201eProduktberatung\u201c.<\/p>\n","protected":false},"featured_media":362776,"comment_status":"open","ping_status":"open","template":"","meta":[],"location":[4275,4276],"product_brand":[25894],"product_cat":[2187,9884],"product_tag":[],"class_list":{"0":"post-365632","1":"product","2":"type-product","3":"status-publish","4":"has-post-thumbnail","6":"location-aes-emmeloord","7":"location-aes-lemmer","8":"product_brand-kroon-oil","9":"product_cat-schmiermittel","10":"product_cat-kroon-oil","11":"product_shipping_class-palettenversand","13":"first","14":"onbackorder","15":"sale","16":"taxable","17":"shipping-taxable","18":"purchasable","19":"product-type-simple"},"group_of_quantity":0,"min_quantity":0,"max_quantity":"","exclude_order_quantity_value_rules":"no","exclude_category_quantity_rules":"no","combine_variations":"no","locations":[{"id":4275,"name":"AES Emmeloord","slug":"aes-emmeloord","quantity":""},{"id":4276,"name":"AES Lemmer","slug":"aes-lemmer","quantity":""}],"_links":{"self":[{"href":"https:\/\/ab-marineservice.com\/de\/wp-json\/wp\/v2\/product\/365632","targetHints":{"allow":["GET"]}}],"collection":[{"href":"https:\/\/ab-marineservice.com\/de\/wp-json\/wp\/v2\/product"}],"about":[{"href":"https:\/\/ab-marineservice.com\/de\/wp-json\/wp\/v2\/types\/product"}],"replies":[{"embeddable":true,"href":"https:\/\/ab-marineservice.com\/de\/wp-json\/wp\/v2\/comments?post=365632"}],"wp:featuredmedia":[{"embeddable":true,"href":"https:\/\/ab-marineservice.com\/de\/wp-json\/wp\/v2\/media\/362776"}],"wp:attachment":[{"href":"https:\/\/ab-marineservice.com\/de\/wp-json\/wp\/v2\/media?parent=365632"}],"wp:term":[{"taxonomy":"location","embeddable":true,"href":"https:\/\/ab-marineservice.com\/de\/wp-json\/wp\/v2\/location?post=365632"},{"taxonomy":"product_brand","embeddable":true,"href":"https:\/\/ab-marineservice.com\/de\/wp-json\/wp\/v2\/product_brand?post=365632"},{"taxonomy":"product_cat","embeddable":true,"href":"https:\/\/ab-marineservice.com\/de\/wp-json\/wp\/v2\/product_cat?post=365632"},{"taxonomy":"product_tag","embeddable":true,"href":"https:\/\/ab-marineservice.com\/de\/wp-json\/wp\/v2\/product_tag?post=365632"}],"curies":[{"name":"wp","href":"https:\/\/api.w.org\/{rel}","templated":true}]}}