{"id":365638,"date":"2025-06-15T16:05:20","date_gmt":"2025-06-15T14:05:20","guid":{"rendered":"https:\/\/ab-marineservice.com\/product\/gearlube-ls-80w-90\/"},"modified":"2025-11-25T17:26:19","modified_gmt":"2025-11-25T16:26:19","slug":"gearlube-ls-80w-90-2","status":"publish","type":"product","link":"https:\/\/ab-marineservice.com\/de\/produkt\/gearlube-ls-80w-90-2\/","title":{"rendered":"Gearlube LS 80W-90 \u2013 60 Liter"},"content":{"rendered":"<p>Gearlube LS 80W-90 ist ein mineralisches Schmier\u00f6l f\u00fcr mechanische Getriebe. Es basiert auf solventraffinierten Premium-Grund\u00f6len, durch spezielle EP-Hochdruckadditive erg\u00e4nzt, um folgende Eigenschaften zu bieten:<\/p>\n<ul>\n<li>Hervorragende Oxidationsfestigkeit<\/li>\n<li>Sehr wirkungsvoller Schutz vor Rost, Korrosion und Schaumbildung<\/li>\n<li>Niedriger Flie\u00dfpunkt<\/li>\n<li>\u00dcberragende EP-Hochdruckeigenschaften<\/li>\n<li>\u00dcberlegene Schlupfbegrenzungseigenschaften<\/li>\n<\/ul>\n<h4>Produktdaten<\/h4>\n<ul>\n<li>API GL-5 Limited Slip<\/li>\n<li>MIL-L-2105D<\/li>\n<li>Volvo 97321 (STD 1273,21)<\/li>\n<li>ZF TE-ML 05C, 05N, 21N<\/li>\n<li>P &gt;1900 mg\/kg (Liebherr)<\/li>\n<\/ul>\n<h4>Typische Standardanalysen<\/h4>\n<table class=\"table analyse-table\">\n<tr>\n<td>Dichte bei 15 \u00b0C<\/td>\n<td>\n<b>0,881<\/b>  kg\/l<\/td>\n<\/tr>\n<tr>\n<td>Viskosit\u00e4t 40 \u00b0C<\/td>\n<td>\n<b>120,00<\/b>  mm\u00b2\/s<\/td>\n<\/tr>\n<tr>\n<td>Viskosit\u00e4t 100 \u00b0C<\/td>\n<td>\n<b>15,00<\/b>  mm\u00b2\/s<\/td>\n<\/tr>\n<tr>\n<td>Viskosit\u00e4tsindex<\/td>\n<td>\n<b>125<\/b> <\/td>\n<\/tr>\n<tr>\n<td>Flammpunkt COC<\/td>\n<td>\n<b>214<\/b>  \u00b0C<\/td>\n<\/tr>\n<tr>\n<td>Flie\u00dfpunkt<\/td>\n<td>\n<b>-36<\/b>  \u00b0C<\/td>\n<\/tr>\n<tr>\n<td>Basenzahl<\/td>\n<td>\n<b>2,0<\/b>  mgKOH\/g<\/td>\n<\/tr>\n<tr>\n<td>S\u00e4urenzahl<\/td>\n<td>\n<b>1,27<\/b>  mgKOH\/g<\/td>\n<\/tr>\n<tr>\n<td>Brookfield -26\u00b0C<\/td>\n<td>\n<b>40700<\/b>  mPa.s<\/td>\n<\/tr>\n<tr>\n<td>Kalzium<\/td>\n<td>\n<b>240<\/b>  mg\/kg<\/td>\n<\/tr>\n<tr>\n<td>Zink<\/td>\n<td>\n<b>0<\/b>  mg\/kg<\/td>\n<\/tr>\n<\/table>\n","protected":false},"excerpt":{"rendered":"<p>Gearlube LS 80W-90 ist speziell f\u00fcr die einwandfreie Schmierung von \u201eLimited Slip\u201c-Hypoidgetrieben mit Lamellensperre und selbstsperrenden Hypoidgetrieben formuliert.<\/p>\n","protected":false},"featured_media":362804,"comment_status":"open","ping_status":"open","template":"","meta":[],"location":[4275,4276],"product_brand":[25894],"product_cat":[2187,9884],"product_tag":[],"class_list":{"0":"post-365638","1":"product","2":"type-product","3":"status-publish","4":"has-post-thumbnail","6":"location-aes-emmeloord","7":"location-aes-lemmer","8":"product_brand-kroon-oil","9":"product_cat-schmiermittel","10":"product_cat-kroon-oil","11":"product_shipping_class-palettenversand","13":"first","14":"onbackorder","15":"sale","16":"taxable","17":"shipping-taxable","18":"purchasable","19":"product-type-simple"},"group_of_quantity":0,"min_quantity":0,"max_quantity":"","exclude_order_quantity_value_rules":"no","exclude_category_quantity_rules":"no","combine_variations":"no","locations":[{"id":4275,"name":"AES Emmeloord","slug":"aes-emmeloord","quantity":""},{"id":4276,"name":"AES Lemmer","slug":"aes-lemmer","quantity":""}],"_links":{"self":[{"href":"https:\/\/ab-marineservice.com\/de\/wp-json\/wp\/v2\/product\/365638","targetHints":{"allow":["GET"]}}],"collection":[{"href":"https:\/\/ab-marineservice.com\/de\/wp-json\/wp\/v2\/product"}],"about":[{"href":"https:\/\/ab-marineservice.com\/de\/wp-json\/wp\/v2\/types\/product"}],"replies":[{"embeddable":true,"href":"https:\/\/ab-marineservice.com\/de\/wp-json\/wp\/v2\/comments?post=365638"}],"wp:featuredmedia":[{"embeddable":true,"href":"https:\/\/ab-marineservice.com\/de\/wp-json\/wp\/v2\/media\/362804"}],"wp:attachment":[{"href":"https:\/\/ab-marineservice.com\/de\/wp-json\/wp\/v2\/media?parent=365638"}],"wp:term":[{"taxonomy":"location","embeddable":true,"href":"https:\/\/ab-marineservice.com\/de\/wp-json\/wp\/v2\/location?post=365638"},{"taxonomy":"product_brand","embeddable":true,"href":"https:\/\/ab-marineservice.com\/de\/wp-json\/wp\/v2\/product_brand?post=365638"},{"taxonomy":"product_cat","embeddable":true,"href":"https:\/\/ab-marineservice.com\/de\/wp-json\/wp\/v2\/product_cat?post=365638"},{"taxonomy":"product_tag","embeddable":true,"href":"https:\/\/ab-marineservice.com\/de\/wp-json\/wp\/v2\/product_tag?post=365638"}],"curies":[{"name":"wp","href":"https:\/\/api.w.org\/{rel}","templated":true}]}}