{"id":365641,"date":"2025-06-15T16:05:20","date_gmt":"2025-06-15T14:05:20","guid":{"rendered":"https:\/\/ab-marineservice.com\/product\/espadon-zc-3500-iso-22\/"},"modified":"2025-11-25T17:26:29","modified_gmt":"2025-11-25T16:26:29","slug":"espadon-zc-3500-iso-22-2","status":"publish","type":"product","link":"https:\/\/ab-marineservice.com\/de\/produkt\/espadon-zc-3500-iso-22-2\/","title":{"rendered":"Espadon ZC-3500 ISO 22 \u2013 60 Liter"},"content":{"rendered":"<p>Espadon ZC-3500 ist ein Schneid\u00f6l auf Basis raffinierter High-Grade-Grund\u00f6le, denen ausgew\u00e4hlte Nebel-, Polarisations- und chemisch aktive Verschwei\u00dfungsinhibitoren hinzugef\u00fcgt wurden. Durch seine schwache Verdunstungsneigung tr\u00e4gt Espadon ZC-3500 \u00fcber seine gesamte Lebensdauer zur Verbesserung der Arbeitsumgebung bei. Dank seiner speziellen Formulierung bietet Espadon ZC-3500 folgende Eigenschaften:<\/p>\n<ul>\n<li>Chlorfrei<\/li>\n<li>\u00dcberlegene Extremdruckfestigkeit<\/li>\n<li>Greift Dichtungen und Lacke von Maschinen nicht an.<\/li>\n<li>Niedriger Aromatgehalt<\/li>\n<li>Geringe Nebelbildungsneigung<\/li>\n<li>Schwache Verdunstungsneigung<\/li>\n<li>Gute Oberfl\u00e4chenbearbeitung<\/li>\n<li>Kann mit allen anderen Kroon-Oil Maschinen\u00f6len verwendet werden.<\/li>\n<\/ul>\n<h4>Typische Standardanalysen<\/h4>\n<table class=\"table analyse-table\">\n<tr>\n<td>Dichte bei 15 \u00b0C<\/td>\n<td>\n<b>0,885<\/b>  kg\/l<\/td>\n<\/tr>\n<tr>\n<td>Viskosit\u00e4t 40 \u00b0C<\/td>\n<td>\n<b>21,20<\/b>  mm\u00b2\/s<\/td>\n<\/tr>\n<tr>\n<td>Viskosit\u00e4t 100 \u00b0C<\/td>\n<td>\n<b>4,18<\/b>  mm\u00b2\/s<\/td>\n<\/tr>\n<tr>\n<td>Viskosit\u00e4tsindex<\/td>\n<td>\n<b>98<\/b> <\/td>\n<\/tr>\n<tr>\n<td>Flammpunkt COC<\/td>\n<td>\n<b>182<\/b>  \u00b0C<\/td>\n<\/tr>\n<tr>\n<td>Flie\u00dfpunkt<\/td>\n<td>\n<b>-15<\/b>  \u00b0C<\/td>\n<\/tr>\n<tr>\n<td>Basenzahl<\/td>\n<td>\n<b>1,0<\/b>  mgKOH\/g<\/td>\n<\/tr>\n<tr>\n<td>S\u00e4urenzahl<\/td>\n<td>\n<b>0,77<\/b>  mgKOH\/g<\/td>\n<\/tr>\n<\/table>\n","protected":false},"excerpt":{"rendered":"<p>Espadon ZC-3500 ist ein Heavy-Duty-Schneid\u00f6l, das zur Zerspanung von hochlegierten, rost-, s\u00e4urefreien und hitzebest\u00e4ndigen austenitischen St\u00e4hlen benutzt wird. Es hat sich bei der Bearbeitung von zahlreichen Stahlsorten bew\u00e4hrt, die eine Verschmierungsneigung zeigen, was zur Gratbildung an der Schnittkante f\u00fchren kann. Das Produkt kann zum Schleifen von Zahnr\u00e4dern und Fr\u00e4sen von Gewindespindeln verwendet werden. <\/p>\n<p>Achtung! Bei der Bearbeitung von Nichteisenmetallen ist Verf\u00e4rbung m\u00f6glich.<\/p>\n","protected":false},"featured_media":362822,"comment_status":"open","ping_status":"open","template":"","meta":[],"location":[4275,4276],"product_brand":[25894],"product_cat":[2187,9884],"product_tag":[],"class_list":{"0":"post-365641","1":"product","2":"type-product","3":"status-publish","4":"has-post-thumbnail","6":"location-aes-emmeloord","7":"location-aes-lemmer","8":"product_brand-kroon-oil","9":"product_cat-schmiermittel","10":"product_cat-kroon-oil","11":"product_shipping_class-palettenversand","13":"first","14":"onbackorder","15":"sale","16":"taxable","17":"shipping-taxable","18":"purchasable","19":"product-type-simple"},"group_of_quantity":0,"min_quantity":0,"max_quantity":"","exclude_order_quantity_value_rules":"no","exclude_category_quantity_rules":"no","combine_variations":"no","locations":[{"id":4275,"name":"AES Emmeloord","slug":"aes-emmeloord","quantity":""},{"id":4276,"name":"AES Lemmer","slug":"aes-lemmer","quantity":""}],"_links":{"self":[{"href":"https:\/\/ab-marineservice.com\/de\/wp-json\/wp\/v2\/product\/365641","targetHints":{"allow":["GET"]}}],"collection":[{"href":"https:\/\/ab-marineservice.com\/de\/wp-json\/wp\/v2\/product"}],"about":[{"href":"https:\/\/ab-marineservice.com\/de\/wp-json\/wp\/v2\/types\/product"}],"replies":[{"embeddable":true,"href":"https:\/\/ab-marineservice.com\/de\/wp-json\/wp\/v2\/comments?post=365641"}],"wp:featuredmedia":[{"embeddable":true,"href":"https:\/\/ab-marineservice.com\/de\/wp-json\/wp\/v2\/media\/362822"}],"wp:attachment":[{"href":"https:\/\/ab-marineservice.com\/de\/wp-json\/wp\/v2\/media?parent=365641"}],"wp:term":[{"taxonomy":"location","embeddable":true,"href":"https:\/\/ab-marineservice.com\/de\/wp-json\/wp\/v2\/location?post=365641"},{"taxonomy":"product_brand","embeddable":true,"href":"https:\/\/ab-marineservice.com\/de\/wp-json\/wp\/v2\/product_brand?post=365641"},{"taxonomy":"product_cat","embeddable":true,"href":"https:\/\/ab-marineservice.com\/de\/wp-json\/wp\/v2\/product_cat?post=365641"},{"taxonomy":"product_tag","embeddable":true,"href":"https:\/\/ab-marineservice.com\/de\/wp-json\/wp\/v2\/product_tag?post=365641"}],"curies":[{"name":"wp","href":"https:\/\/api.w.org\/{rel}","templated":true}]}}