{"id":365644,"date":"2025-06-15T16:05:20","date_gmt":"2025-06-15T14:05:20","guid":{"rendered":"https:\/\/ab-marineservice.com\/product\/agrifluid-ht\/"},"modified":"2025-11-25T17:26:38","modified_gmt":"2025-11-25T16:26:38","slug":"agrifluid-ht-2","status":"publish","type":"product","link":"https:\/\/ab-marineservice.com\/de\/produkt\/agrifluid-ht-2\/","title":{"rendered":"Agrifluid HT \u2013 60 Liter"},"content":{"rendered":"<p>Agrifluid HT ist ein modernes, universelles Hydraulik- und Getriebe\u00f6l. Es basiert auf solventraffinierten Grund\u00f6len in Kombination mit speziellen Additiven. Agrifluid HT bietet folgende Eigenschaften:<\/p>\n<ul>\n<li>Hoher und sehr stabiler Viskosit\u00e4tsindex<\/li>\n<li>Sehr niedriger Flie\u00dfpunkt<\/li>\n<li>Hervorragende Oxidationsstabilit\u00e4t<\/li>\n<li>Effektiver Extremdruck- und Verschlei\u00dfschutz<\/li>\n<li>Eignet sich f\u00fcr Systeme mit Nasslamellenbremsen.<\/li>\n<li>Hervorragender Rost- und Korrosionsschutz<\/li>\n<\/ul>\n<h4>Produktdaten<\/h4>\n<ul>\n<li>API GL-4<\/li>\n<li>Allison C4<\/li>\n<li>Case MS1206 \/ MS1207 \/ MS1209<\/li>\n<li>Cat TO-2<\/li>\n<li>Ford M2C134-D<\/li>\n<li>John Deere J20C<\/li>\n<li>Massey Ferguson M1135 \/ M1143<\/li>\n<li>NH 410B<\/li>\n<li>Volvo WB 101 (97303)<\/li>\n<li>ZF TE-ML 03E \/ 05F \/ 06K<\/li>\n<\/ul>\n<h4>Typische Standardanalysen<\/h4>\n<table class=\"table analyse-table\">\n<tr>\n<td>Dichte bei 15 \u00b0C<\/td>\n<td>\n<b>0,882<\/b>  kg\/l<\/td>\n<\/tr>\n<tr>\n<td>Viskosit\u00e4t -25 \u00b0C<\/td>\n<td>\n<b>6120<\/b>  mPa.s<\/td>\n<\/tr>\n<tr>\n<td>Viskosit\u00e4t -20 \u00b0C<\/td>\n<td>\n<b>4800<\/b>  mPa.s<\/td>\n<\/tr>\n<tr>\n<td>Viskosit\u00e4t 40 \u00b0C<\/td>\n<td>\n<b>62,60<\/b>  mm\u00b2\/s<\/td>\n<\/tr>\n<tr>\n<td>Viskosit\u00e4t 100 \u00b0C<\/td>\n<td>\n<b>10,60<\/b>  mm\u00b2\/s<\/td>\n<\/tr>\n<tr>\n<td>Viskosit\u00e4tsindex<\/td>\n<td>\n<b>155<\/b> <\/td>\n<\/tr>\n<tr>\n<td>Flammpunkt COC<\/td>\n<td>\n<b>225<\/b>  \u00b0C<\/td>\n<\/tr>\n<tr>\n<td>Flie\u00dfpunkt<\/td>\n<td>\n<b>-42<\/b>  \u00b0C<\/td>\n<\/tr>\n<tr>\n<td>Basenzahl<\/td>\n<td>\n<b>7,3<\/b>  mgKOH\/g<\/td>\n<\/tr>\n<tr>\n<td>Sulfataschegehalt<\/td>\n<td>\n<b>1,19<\/b>  %<\/td>\n<\/tr>\n<tr>\n<td>Brookfield -40\u00b0C<\/td>\n<td>\n<b>&gt;900000<\/b>  mPa.s<\/td>\n<\/tr>\n<\/table>\n","protected":false},"excerpt":{"rendered":"<p>Agrifluid HT ist ein UTTO-\u00d6l (Universal Tractor Transmission Oil), das speziell f\u00fcr die allt\u00e4glichen Betriebsbedingungen in der Landwirtschaft formuliert wurde. Dieses Universal\u00f6l wurde f\u00fcr die Schmierung von Hydraulik- und Getriebesystemen der g\u00e4ngigsten Land- und Tiefbaumaschinen entwickelt.<\/p>\n","protected":false},"featured_media":362835,"comment_status":"open","ping_status":"open","template":"","meta":[],"location":[4275,4276],"product_brand":[25894],"product_cat":[2187,9884],"product_tag":[],"class_list":{"0":"post-365644","1":"product","2":"type-product","3":"status-publish","4":"has-post-thumbnail","6":"location-aes-emmeloord","7":"location-aes-lemmer","8":"product_brand-kroon-oil","9":"product_cat-schmiermittel","10":"product_cat-kroon-oil","11":"product_shipping_class-palettenversand","13":"first","14":"onbackorder","15":"sale","16":"taxable","17":"shipping-taxable","18":"purchasable","19":"product-type-simple"},"group_of_quantity":0,"min_quantity":0,"max_quantity":"","exclude_order_quantity_value_rules":"no","exclude_category_quantity_rules":"no","combine_variations":"no","locations":[{"id":4275,"name":"AES Emmeloord","slug":"aes-emmeloord","quantity":""},{"id":4276,"name":"AES Lemmer","slug":"aes-lemmer","quantity":""}],"_links":{"self":[{"href":"https:\/\/ab-marineservice.com\/de\/wp-json\/wp\/v2\/product\/365644","targetHints":{"allow":["GET"]}}],"collection":[{"href":"https:\/\/ab-marineservice.com\/de\/wp-json\/wp\/v2\/product"}],"about":[{"href":"https:\/\/ab-marineservice.com\/de\/wp-json\/wp\/v2\/types\/product"}],"replies":[{"embeddable":true,"href":"https:\/\/ab-marineservice.com\/de\/wp-json\/wp\/v2\/comments?post=365644"}],"wp:featuredmedia":[{"embeddable":true,"href":"https:\/\/ab-marineservice.com\/de\/wp-json\/wp\/v2\/media\/362835"}],"wp:attachment":[{"href":"https:\/\/ab-marineservice.com\/de\/wp-json\/wp\/v2\/media?parent=365644"}],"wp:term":[{"taxonomy":"location","embeddable":true,"href":"https:\/\/ab-marineservice.com\/de\/wp-json\/wp\/v2\/location?post=365644"},{"taxonomy":"product_brand","embeddable":true,"href":"https:\/\/ab-marineservice.com\/de\/wp-json\/wp\/v2\/product_brand?post=365644"},{"taxonomy":"product_cat","embeddable":true,"href":"https:\/\/ab-marineservice.com\/de\/wp-json\/wp\/v2\/product_cat?post=365644"},{"taxonomy":"product_tag","embeddable":true,"href":"https:\/\/ab-marineservice.com\/de\/wp-json\/wp\/v2\/product_tag?post=365644"}],"curies":[{"name":"wp","href":"https:\/\/api.w.org\/{rel}","templated":true}]}}