{"id":365674,"date":"2025-06-15T16:08:04","date_gmt":"2025-06-15T14:08:04","guid":{"rendered":"https:\/\/ab-marineservice.com\/product\/compressol-h-68\/"},"modified":"2025-11-25T17:24:30","modified_gmt":"2025-11-25T16:24:30","slug":"compressol-h-68-2","status":"publish","type":"product","link":"https:\/\/ab-marineservice.com\/de\/produkt\/compressol-h-68-2\/","title":{"rendered":"Compressol H 68 \u2013 60 Liter"},"content":{"rendered":"<p>Compressol H 68 stellt ein Kompressor\u00f6l auf Basis von hochraffinierten Grund\u00f6len dar, die eine von Natur aus hohe Alterungsbest\u00e4ndigkeit bieten. Dank Beimischung von hochwirksamen Additiven werden folgende Eigenschaften realisiert:<\/p>\n<ul>\n<li>Geringe Ausf\u00e4llneigung von Kohlenstoffablagerungen<\/li>\n<li>Sehr gute Oxidationsfestigkeit<\/li>\n<li>Guter Korrosionsschutz<\/li>\n<li>Wirkungsvoller Verschlei\u00dfschutz<\/li>\n<li>Niedrige Verdunstungsneigung<\/li>\n<\/ul>\n<h4>Produktdaten<\/h4>\n<ul>\n<li>DIN 51506 VDL<\/li>\n<li>DIN 51352-2<\/li>\n<\/ul>\n<h4>Typische Standardanalysen<\/h4>\n<table class=\"table analyse-table\">\n<tr>\n<td>Dichte bei 15 \u00b0C<\/td>\n<td>\n<b>0,876<\/b>  kg\/l<\/td>\n<\/tr>\n<tr>\n<td>Viskosit\u00e4t 40 \u00b0C<\/td>\n<td>\n<b>68,00<\/b>  mm\u00b2\/s<\/td>\n<\/tr>\n<tr>\n<td>Viskosit\u00e4t 100 \u00b0C<\/td>\n<td>\n<b>8,77<\/b>  mm\u00b2\/s<\/td>\n<\/tr>\n<tr>\n<td>Viskosit\u00e4tsindex<\/td>\n<td>\n<b>101<\/b> <\/td>\n<\/tr>\n<tr>\n<td>Flammpunkt COC<\/td>\n<td>\n<b>236<\/b>  \u00b0C<\/td>\n<\/tr>\n<tr>\n<td>Flie\u00dfpunkt<\/td>\n<td>\n<b>-33<\/b>  \u00b0C<\/td>\n<\/tr>\n<tr>\n<td>S\u00e4urenzahl<\/td>\n<td>\n<b>0,45<\/b>  mgKOH\/g<\/td>\n<\/tr>\n<\/table>\n","protected":false},"excerpt":{"rendered":"<p>Compressol H 68 empfiehlt sich f\u00fcr die Schmierung von Kolbenkompressoren und zur Tropfschmierung von Rotationskompressoren. In beiden Kompressoren k\u00f6nnen aufgrund ihrer hohen Verdichtung hohe Temperaturen auftreten. Dank der hohen Qualit\u00e4t dieses \u00d6ls k\u00f6nnen die \u00d6lwechselintervalle verl\u00e4ngert werden.<\/p>\n","protected":false},"featured_media":362951,"comment_status":"open","ping_status":"open","template":"","meta":[],"location":[4275,4276],"product_brand":[25894],"product_cat":[2187,9884],"product_tag":[],"class_list":{"0":"post-365674","1":"product","2":"type-product","3":"status-publish","4":"has-post-thumbnail","6":"location-aes-emmeloord","7":"location-aes-lemmer","8":"product_brand-kroon-oil","9":"product_cat-schmiermittel","10":"product_cat-kroon-oil","11":"product_shipping_class-paket-0-10-kg","13":"first","14":"onbackorder","15":"sale","16":"taxable","17":"shipping-taxable","18":"purchasable","19":"product-type-simple"},"group_of_quantity":0,"min_quantity":0,"max_quantity":"","exclude_order_quantity_value_rules":"no","exclude_category_quantity_rules":"no","combine_variations":"no","locations":[{"id":4275,"name":"AES Emmeloord","slug":"aes-emmeloord","quantity":""},{"id":4276,"name":"AES Lemmer","slug":"aes-lemmer","quantity":""}],"_links":{"self":[{"href":"https:\/\/ab-marineservice.com\/de\/wp-json\/wp\/v2\/product\/365674","targetHints":{"allow":["GET"]}}],"collection":[{"href":"https:\/\/ab-marineservice.com\/de\/wp-json\/wp\/v2\/product"}],"about":[{"href":"https:\/\/ab-marineservice.com\/de\/wp-json\/wp\/v2\/types\/product"}],"replies":[{"embeddable":true,"href":"https:\/\/ab-marineservice.com\/de\/wp-json\/wp\/v2\/comments?post=365674"}],"wp:featuredmedia":[{"embeddable":true,"href":"https:\/\/ab-marineservice.com\/de\/wp-json\/wp\/v2\/media\/362951"}],"wp:attachment":[{"href":"https:\/\/ab-marineservice.com\/de\/wp-json\/wp\/v2\/media?parent=365674"}],"wp:term":[{"taxonomy":"location","embeddable":true,"href":"https:\/\/ab-marineservice.com\/de\/wp-json\/wp\/v2\/location?post=365674"},{"taxonomy":"product_brand","embeddable":true,"href":"https:\/\/ab-marineservice.com\/de\/wp-json\/wp\/v2\/product_brand?post=365674"},{"taxonomy":"product_cat","embeddable":true,"href":"https:\/\/ab-marineservice.com\/de\/wp-json\/wp\/v2\/product_cat?post=365674"},{"taxonomy":"product_tag","embeddable":true,"href":"https:\/\/ab-marineservice.com\/de\/wp-json\/wp\/v2\/product_tag?post=365674"}],"curies":[{"name":"wp","href":"https:\/\/api.w.org\/{rel}","templated":true}]}}