{"id":365680,"date":"2025-06-15T16:08:55","date_gmt":"2025-06-15T14:08:55","guid":{"rendered":"https:\/\/ab-marineservice.com\/product\/maestrol\/"},"modified":"2026-05-04T15:25:34","modified_gmt":"2026-05-04T13:25:34","slug":"maestrol-2","status":"publish","type":"product","link":"https:\/\/ab-marineservice.com\/de\/produkt\/maestrol-2\/","title":{"rendered":"Maestrol \u2013 60 Liter"},"content":{"rendered":"<p>Maestrol ist ein halbsynthetisches Zweitakt-Motor\u00f6l f\u00fcr Benzin. Dank einer exklusiven Additivmischung bietet es folgende Eigenschaften:<\/p>\n<ul>\n<li>Hervorragende Schmierung aller Motorteile dank starkem Adh\u00e4sionsverm\u00f6gen: Reduziert Verschlei\u00df und verl\u00e4ngert Lebensdauer des Motors.<\/li>\n<li>Starke Reinigungswirkung, wodurch Kompressionskammer und Ausl\u00e4sse auch bei hohen Betriebstemperaturen frei von Ablagerungen bleiben<\/li>\n<li>Fast vollst\u00e4ndige Verbrennung gew\u00e4hrleistet saubere Z\u00fcndkerzen und eine konstant hohe Motorleistung.<\/li>\n<li>Hervorragender Schutz vor Korrosion und Verschlei\u00df<\/li>\n<li>Verminderte Rauch- und Geruchsentwicklung<\/li>\n<li>Kann mit bleifreiem Benzin vermischt werden.<\/li>\n<\/ul>\n<h4>Produktdaten<\/h4>\n<ul>\n<li>API TC<\/li>\n<li>JASO FD<\/li>\n<li>Global GD<\/li>\n<li>Husqvarna 272<\/li>\n<li>ISO-L-EGD<\/li>\n<li>2-Stroke DFI<\/li>\n<\/ul>\n<h4>Typische Standardanalysen<\/h4>\n<table class=\"table analyse-table\">\n<tr>\n<td>Dichte bei 15 \u00b0C<\/td>\n<td>\n<b>0,873<\/b>  kg\/l<\/td>\n<\/tr>\n<tr>\n<td>Viskosit\u00e4t 40 \u00b0C<\/td>\n<td>\n<b>64,60<\/b>  mm\u00b2\/s<\/td>\n<\/tr>\n<tr>\n<td>Viskosit\u00e4t 100 \u00b0C<\/td>\n<td>\n<b>9,50<\/b>  mm\u00b2\/s<\/td>\n<\/tr>\n<tr>\n<td>Viskosit\u00e4tsindex<\/td>\n<td>\n<b>129<\/b> <\/td>\n<\/tr>\n<tr>\n<td>Flammpunkt PM<\/td>\n<td>\n<b>100<\/b>  \u00b0C<\/td>\n<\/tr>\n<tr>\n<td>Flammpunkt COC<\/td>\n<td>\n<b>116<\/b>  \u00b0C<\/td>\n<\/tr>\n<tr>\n<td>Flie\u00dfpunkt<\/td>\n<td>\n<b>-24<\/b>  \u00b0C<\/td>\n<\/tr>\n<tr>\n<td>Basenzahl<\/td>\n<td>\n<b>1,4<\/b>  mgKOH\/g<\/td>\n<\/tr>\n<tr>\n<td>S\u00e4urenzahl<\/td>\n<td>\n<b>0,50<\/b>  mgKOH\/g<\/td>\n<\/tr>\n<tr>\n<td>Sulfataschegehalt<\/td>\n<td>\n<b>0,14<\/b>  %<\/td>\n<\/tr>\n<\/table>\n","protected":false},"excerpt":{"rendered":"<p>Maestrol halbsynthetisches Motor\u00f6l ist f\u00fcr luftgek\u00fchlte Hochleistungs-Zweitaktmotoren mit hohen Drehzahlen in Mopeds, Motorr\u00e4dern, Motorrollern, Kettens\u00e4gen, Rasenm\u00e4hern, Generatoren usw. geeignet. Es eignet sich auch f\u00fcr wassergek\u00fchlte Zweitaktmotoren. Kann als selbstmischendes Produkt oder in automatischen Schmiersystemen verwendet werden. Mischungsverh\u00e4ltnis: 1 Teil \u00d6l auf 50 Teile Kraftstoff bzw. das vom Hersteller vorgegebene Verh\u00e4ltnis anwenden.<\/p>\n","protected":false},"featured_media":362975,"comment_status":"open","ping_status":"open","template":"","meta":[],"location":[4275,4276],"product_brand":[25894],"product_cat":[2187,9884],"product_tag":[],"class_list":{"0":"post-365680","1":"product","2":"type-product","3":"status-publish","4":"has-post-thumbnail","6":"location-aes-emmeloord","7":"location-aes-lemmer","8":"product_brand-kroon-oil","9":"product_cat-schmiermittel","10":"product_cat-kroon-oil","11":"product_shipping_class-palettenversand","13":"first","14":"onbackorder","15":"sale","16":"taxable","17":"shipping-taxable","18":"purchasable","19":"product-type-simple"},"group_of_quantity":0,"min_quantity":0,"max_quantity":"","exclude_order_quantity_value_rules":"no","exclude_category_quantity_rules":"no","combine_variations":"no","locations":[{"id":4275,"name":"AES Emmeloord","slug":"aes-emmeloord","quantity":""},{"id":4276,"name":"AES Lemmer","slug":"aes-lemmer","quantity":""}],"_links":{"self":[{"href":"https:\/\/ab-marineservice.com\/de\/wp-json\/wp\/v2\/product\/365680","targetHints":{"allow":["GET"]}}],"collection":[{"href":"https:\/\/ab-marineservice.com\/de\/wp-json\/wp\/v2\/product"}],"about":[{"href":"https:\/\/ab-marineservice.com\/de\/wp-json\/wp\/v2\/types\/product"}],"replies":[{"embeddable":true,"href":"https:\/\/ab-marineservice.com\/de\/wp-json\/wp\/v2\/comments?post=365680"}],"wp:featuredmedia":[{"embeddable":true,"href":"https:\/\/ab-marineservice.com\/de\/wp-json\/wp\/v2\/media\/362975"}],"wp:attachment":[{"href":"https:\/\/ab-marineservice.com\/de\/wp-json\/wp\/v2\/media?parent=365680"}],"wp:term":[{"taxonomy":"location","embeddable":true,"href":"https:\/\/ab-marineservice.com\/de\/wp-json\/wp\/v2\/location?post=365680"},{"taxonomy":"product_brand","embeddable":true,"href":"https:\/\/ab-marineservice.com\/de\/wp-json\/wp\/v2\/product_brand?post=365680"},{"taxonomy":"product_cat","embeddable":true,"href":"https:\/\/ab-marineservice.com\/de\/wp-json\/wp\/v2\/product_cat?post=365680"},{"taxonomy":"product_tag","embeddable":true,"href":"https:\/\/ab-marineservice.com\/de\/wp-json\/wp\/v2\/product_tag?post=365680"}],"curies":[{"name":"wp","href":"https:\/\/api.w.org\/{rel}","templated":true}]}}