{"id":365683,"date":"2025-06-15T16:08:55","date_gmt":"2025-06-15T14:08:55","guid":{"rendered":"https:\/\/ab-marineservice.com\/product\/expulsa-10w-40\/"},"modified":"2025-11-25T17:24:09","modified_gmt":"2025-11-25T16:24:09","slug":"expulsa-10w-40-2","status":"publish","type":"product","link":"https:\/\/ab-marineservice.com\/de\/produkt\/expulsa-10w-40-2\/","title":{"rendered":"Expulsa 10W-40 \u2013 60 Liter"},"content":{"rendered":"<p>Expulsa 10W-40 ist ein halbsynthetisches Motor\u00f6l f\u00fcr leistungsstarke Motorr\u00e4der mit Viertaktmotor. Es wurde in Zusammenarbeit mit Honda, Suzuki, Kawasaki und Yamaha entwickelt, um deren modernste Technologien zu ber\u00fccksichtigen. F\u00fchrende Hersteller empfehlen stets ein speziell f\u00fcr Motorr\u00e4der konzipiertes Motor\u00f6l. Diese Mischung aus hochwertigen synthetischen und mineralischen Grund\u00f6len gew\u00e4hrleistet folgende Eigenschaften:<\/p>\n<ul>\n<li>Bester Schutz vor Verschlei\u00df, Korrosion und Schaumbildung<\/li>\n<li>Verl\u00e4ngerte Wechselintervalle<\/li>\n<li>Zuverl\u00e4ssiger Schmierfilm auch bei extrem hohen Betriebstemperaturen<\/li>\n<li>Stark begrenzte Ascheablagerungen<\/li>\n<li>Zuverl\u00e4ssige Kaltstarts<\/li>\n<li>Niedriger \u00d6lverbrauch<\/li>\n<li>Starke Dispersions- und Detergenswirkung<\/li>\n<\/ul>\n<h4>Produktdaten<\/h4>\n<ul>\n<li>API SL<\/li>\n<li>JASO MA2<\/li>\n<\/ul>\n<h4>Typische Standardanalysen<\/h4>\n<table class=\"table analyse-table\">\n<tr>\n<td>Dichte bei 15 \u00b0C<\/td>\n<td>\n<b>0,867<\/b>  kg\/l<\/td>\n<\/tr>\n<tr>\n<td>Viskosit\u00e4t -25 \u00b0C<\/td>\n<td>\n<b>3200<\/b>  mPa.s<\/td>\n<\/tr>\n<tr>\n<td>Viskosit\u00e4t 40 \u00b0C<\/td>\n<td>\n<b>85,60<\/b>  mm\u00b2\/s<\/td>\n<\/tr>\n<tr>\n<td>Viskosit\u00e4t 100 \u00b0C<\/td>\n<td>\n<b>14,00<\/b>  mm\u00b2\/s<\/td>\n<\/tr>\n<tr>\n<td>Viskosit\u00e4tsindex<\/td>\n<td>\n<b>168<\/b> <\/td>\n<\/tr>\n<tr>\n<td>Flammpunkt COC<\/td>\n<td>\n<b>218<\/b>  \u00b0C<\/td>\n<\/tr>\n<tr>\n<td>Flie\u00dfpunkt<\/td>\n<td>\n<b>-33<\/b>  \u00b0C<\/td>\n<\/tr>\n<tr>\n<td>Basenzahl<\/td>\n<td>\n<b>7,7<\/b>  mgKOH\/g<\/td>\n<\/tr>\n<tr>\n<td>Sulfataschegehalt<\/td>\n<td>\n<b>0,94<\/b>  %<\/td>\n<\/tr>\n<\/table>\n","protected":false},"excerpt":{"rendered":"<p>Expulsa 10W-40 ist speziell auf alle Viertakt-Motorr\u00e4der, einschlie\u00dflich europ\u00e4ischer Modelle, mit und ohne Nassscheibenkupplung ausgelegt. Das Produkt ist auch f\u00fcr Motorr\u00e4der mit der neuesten Katalysator-Technologie geeignet. Besonderes Augenmerk lag auf der Erzielung maximaler Reibungskraft der Kupplung selbst unter sehr hohen \u00d6ltemperaturen, damit der Gangwechsel auch bei noch nicht erreichter Motorbetriebstemperatur so leise wie m\u00f6glich erfolgt.<\/p>\n","protected":false},"featured_media":362987,"comment_status":"open","ping_status":"open","template":"","meta":[],"location":[4275,4276],"product_brand":[25894],"product_cat":[2187,9884],"product_tag":[],"class_list":{"0":"post-365683","1":"product","2":"type-product","3":"status-publish","4":"has-post-thumbnail","6":"location-aes-emmeloord","7":"location-aes-lemmer","8":"product_brand-kroon-oil","9":"product_cat-schmiermittel","10":"product_cat-kroon-oil","11":"product_shipping_class-paket-0-10-kg","13":"first","14":"onbackorder","15":"sale","16":"taxable","17":"shipping-taxable","18":"purchasable","19":"product-type-simple"},"group_of_quantity":0,"min_quantity":0,"max_quantity":"","exclude_order_quantity_value_rules":"no","exclude_category_quantity_rules":"no","combine_variations":"no","locations":[{"id":4275,"name":"AES Emmeloord","slug":"aes-emmeloord","quantity":""},{"id":4276,"name":"AES Lemmer","slug":"aes-lemmer","quantity":""}],"_links":{"self":[{"href":"https:\/\/ab-marineservice.com\/de\/wp-json\/wp\/v2\/product\/365683","targetHints":{"allow":["GET"]}}],"collection":[{"href":"https:\/\/ab-marineservice.com\/de\/wp-json\/wp\/v2\/product"}],"about":[{"href":"https:\/\/ab-marineservice.com\/de\/wp-json\/wp\/v2\/types\/product"}],"replies":[{"embeddable":true,"href":"https:\/\/ab-marineservice.com\/de\/wp-json\/wp\/v2\/comments?post=365683"}],"wp:featuredmedia":[{"embeddable":true,"href":"https:\/\/ab-marineservice.com\/de\/wp-json\/wp\/v2\/media\/362987"}],"wp:attachment":[{"href":"https:\/\/ab-marineservice.com\/de\/wp-json\/wp\/v2\/media?parent=365683"}],"wp:term":[{"taxonomy":"location","embeddable":true,"href":"https:\/\/ab-marineservice.com\/de\/wp-json\/wp\/v2\/location?post=365683"},{"taxonomy":"product_brand","embeddable":true,"href":"https:\/\/ab-marineservice.com\/de\/wp-json\/wp\/v2\/product_brand?post=365683"},{"taxonomy":"product_cat","embeddable":true,"href":"https:\/\/ab-marineservice.com\/de\/wp-json\/wp\/v2\/product_cat?post=365683"},{"taxonomy":"product_tag","embeddable":true,"href":"https:\/\/ab-marineservice.com\/de\/wp-json\/wp\/v2\/product_tag?post=365683"}],"curies":[{"name":"wp","href":"https:\/\/api.w.org\/{rel}","templated":true}]}}