{"id":365687,"date":"2025-06-15T16:08:55","date_gmt":"2025-06-15T14:08:55","guid":{"rendered":"https:\/\/ab-marineservice.com\/product\/scoosynth\/"},"modified":"2025-11-25T17:23:49","modified_gmt":"2025-11-25T16:23:49","slug":"scoosynth-2","status":"publish","type":"product","link":"https:\/\/ab-marineservice.com\/de\/produkt\/scoosynth-2\/","title":{"rendered":"Scoosynth \u2013 60 Liter"},"content":{"rendered":"<p>Scoosynth ist ein halbsynthetisches Zweitakt-Scootermotor\u00f6l f\u00fcr Benzin. Dank einer speziell entwickelten Additivmischung bietet es folgende Eigenschaften:<\/p>\n<ul>\n<li>Hervorragende Schmierung aller Motorteile: Verhindert effektiv Verschlei\u00df und verl\u00e4ngert Lebensdauer des Motors betr\u00e4chtlich.<\/li>\n<li>Starke Detergenswirkung: Kompressionskammer und Ausl\u00e4sse bleiben auch bei hohen Betriebstemperaturen frei von Ablagerungen.<\/li>\n<li>Motorleistung bleibt \u00fcber lange Zeit aufrechterhalten.<\/li>\n<li>Fast vollst\u00e4ndige Verbrennung: weniger Umweltbelastung und saubere Z\u00fcndkerzen<\/li>\n<li>Hervorragender Schutz vor Korrosion und Verschlei\u00df<\/li>\n<li>Verminderte Rauch- und Geruchsentwicklung<\/li>\n<li>Speziell auf Vermischung mit bleifreiem (Euro 95 empfohlen) Benzin ausgelegt.<\/li>\n<\/ul>\n<h4>Produktdaten<\/h4>\n<ul>\n<li>API TC<\/li>\n<li>JASO FD<\/li>\n<li>Global GD<\/li>\n<li>Husqvarna 272<\/li>\n<li>ISO-L-EGD<\/li>\n<li>2-Stroke DFI<\/li>\n<\/ul>\n<h4>Typische Standardanalysen<\/h4>\n<table class=\"table analyse-table\">\n<tr>\n<td>Dichte bei 15 \u00b0C<\/td>\n<td>\n<b>0,873<\/b>  kg\/l<\/td>\n<\/tr>\n<tr>\n<td>Viskosit\u00e4t 40 \u00b0C<\/td>\n<td>\n<b>64,60<\/b>  mm\u00b2\/s<\/td>\n<\/tr>\n<tr>\n<td>Viskosit\u00e4t 100 \u00b0C<\/td>\n<td>\n<b>9,50<\/b>  mm\u00b2\/s<\/td>\n<\/tr>\n<tr>\n<td>Viskosit\u00e4tsindex<\/td>\n<td>\n<b>129<\/b> <\/td>\n<\/tr>\n<tr>\n<td>Flammpunkt PM<\/td>\n<td>\n<b>100<\/b>  \u00b0C<\/td>\n<\/tr>\n<tr>\n<td>Flammpunkt COC<\/td>\n<td>\n<b>116<\/b>  \u00b0C<\/td>\n<\/tr>\n<tr>\n<td>Flie\u00dfpunkt<\/td>\n<td>\n<b>-24<\/b>  \u00b0C<\/td>\n<\/tr>\n<tr>\n<td>Basenzahl<\/td>\n<td>\n<b>1,4<\/b>  mgKOH\/g<\/td>\n<\/tr>\n<tr>\n<td>S\u00e4urenzahl<\/td>\n<td>\n<b>0,50<\/b>  mgKOH\/g<\/td>\n<\/tr>\n<tr>\n<td>Sulfataschegehalt<\/td>\n<td>\n<b>0,14<\/b>  %<\/td>\n<\/tr>\n<\/table>\n","protected":false},"excerpt":{"rendered":"<p>Scoosynth wurde f\u00fcr hochdrehende Hochleistungs-Zweitaktmotoren (luft- oder wassergek\u00fchlt) von Motorrollern formuliert. Das Produkt kann auch mit Erfolg in anderen Zweitaktmotoren wie Motorr\u00e4dern, Kettens\u00e4gen und Generatoren verwendet werden. F\u00fcr ein optimales Ergebnis 1 Teil Scoosynth mit 50 Teilen bleifreies Benzin bzw. nach den Herstellervorgaben mischen. Scoosynth ist ein selbstmischendes, halbsynthetisches Zweitaktmotoren\u00f6l, das auch f\u00fcr automatische Schmiersysteme geeignet ist.<\/p>\n","protected":false},"featured_media":363003,"comment_status":"open","ping_status":"open","template":"","meta":[],"location":[4275,4276],"product_brand":[25894],"product_cat":[2187,9884],"product_tag":[],"class_list":{"0":"post-365687","1":"product","2":"type-product","3":"status-publish","4":"has-post-thumbnail","6":"location-aes-emmeloord","7":"location-aes-lemmer","8":"product_brand-kroon-oil","9":"product_cat-schmiermittel","10":"product_cat-kroon-oil","11":"product_shipping_class-paket-0-10-kg","13":"first","14":"onbackorder","15":"sale","16":"taxable","17":"shipping-taxable","18":"purchasable","19":"product-type-simple"},"group_of_quantity":0,"min_quantity":0,"max_quantity":"","exclude_order_quantity_value_rules":"no","exclude_category_quantity_rules":"no","combine_variations":"no","locations":[{"id":4275,"name":"AES Emmeloord","slug":"aes-emmeloord","quantity":""},{"id":4276,"name":"AES Lemmer","slug":"aes-lemmer","quantity":""}],"_links":{"self":[{"href":"https:\/\/ab-marineservice.com\/de\/wp-json\/wp\/v2\/product\/365687","targetHints":{"allow":["GET"]}}],"collection":[{"href":"https:\/\/ab-marineservice.com\/de\/wp-json\/wp\/v2\/product"}],"about":[{"href":"https:\/\/ab-marineservice.com\/de\/wp-json\/wp\/v2\/types\/product"}],"replies":[{"embeddable":true,"href":"https:\/\/ab-marineservice.com\/de\/wp-json\/wp\/v2\/comments?post=365687"}],"wp:featuredmedia":[{"embeddable":true,"href":"https:\/\/ab-marineservice.com\/de\/wp-json\/wp\/v2\/media\/363003"}],"wp:attachment":[{"href":"https:\/\/ab-marineservice.com\/de\/wp-json\/wp\/v2\/media?parent=365687"}],"wp:term":[{"taxonomy":"location","embeddable":true,"href":"https:\/\/ab-marineservice.com\/de\/wp-json\/wp\/v2\/location?post=365687"},{"taxonomy":"product_brand","embeddable":true,"href":"https:\/\/ab-marineservice.com\/de\/wp-json\/wp\/v2\/product_brand?post=365687"},{"taxonomy":"product_cat","embeddable":true,"href":"https:\/\/ab-marineservice.com\/de\/wp-json\/wp\/v2\/product_cat?post=365687"},{"taxonomy":"product_tag","embeddable":true,"href":"https:\/\/ab-marineservice.com\/de\/wp-json\/wp\/v2\/product_tag?post=365687"}],"curies":[{"name":"wp","href":"https:\/\/api.w.org\/{rel}","templated":true}]}}