{"id":365700,"date":"2025-06-15T16:10:41","date_gmt":"2025-06-15T14:10:41","guid":{"rendered":"https:\/\/ab-marineservice.com\/product\/perlus-h-32\/"},"modified":"2026-05-04T15:24:24","modified_gmt":"2026-05-04T13:24:24","slug":"perlus-h-32-3","status":"publish","type":"product","link":"https:\/\/ab-marineservice.com\/de\/produkt\/perlus-h-32-3\/","title":{"rendered":"Perlus H 32 \u2013 208 Liter"},"content":{"rendered":"<p>Perlus H 32 ist ein hochwertiges Mehrbereichs-Hydraulik\u00f6l f\u00fcr extreme Druckbelastung (EP-\u00d6l), das auf speziellen, solventraffinierten Grund\u00f6len basiert. Dank einer exklusiven Additivmischung bietet es folgende Eigenschaften:<\/p>\n<ul>\n<li>Hoher und stabiler Viskosit\u00e4tsindex<\/li>\n<li>\u00dcberlegener Verschlei\u00dfschutz<\/li>\n<li>Hervorragender Rost- und Korrosionsschutz<\/li>\n<li>Ausgezeichnete Oxidationsstabilit\u00e4t<\/li>\n<li>\u00c4u\u00dferst wirkungsvoller Demulgator<\/li>\n<li>Hocheffiziente Luftfreigabe und Schaumunterdr\u00fcckung<\/li>\n<li>Greift synthetische Dichtungen nicht an.<\/li>\n<li>Sehr niedriger Flie\u00dfpunkt<\/li>\n<\/ul>\n<h4>Produktdaten<\/h4>\n<ul>\n<li>AFNOR NF E 48-603 HV<\/li>\n<li>ASTM D 6158 HV<\/li>\n<li>Cincinnati Machine P-68<\/li>\n<li>DIN 51524-3 HVLP<\/li>\n<li>GM LS-2<\/li>\n<\/ul>\n<h4>Typische Standardanalysen<\/h4>\n<table class=\"table analyse-table\">\n<tr>\n<td>Dichte bei 15 \u00b0C<\/td>\n<td>\n<b>0,849<\/b>  kg\/l<\/td>\n<\/tr>\n<tr>\n<td>Viskosit\u00e4t -30 \u00b0C<\/td>\n<td>\n<b>4940<\/b>  mPa.s<\/td>\n<\/tr>\n<tr>\n<td>Viskosit\u00e4t 40 \u00b0C<\/td>\n<td>\n<b>32,80<\/b>  mm\u00b2\/s<\/td>\n<\/tr>\n<tr>\n<td>Viskosit\u00e4t 100 \u00b0C<\/td>\n<td>\n<b>6,35<\/b>  mm\u00b2\/s<\/td>\n<\/tr>\n<tr>\n<td>Viskosit\u00e4tsindex<\/td>\n<td>\n<b>149<\/b> <\/td>\n<\/tr>\n<tr>\n<td>Flammpunkt COC<\/td>\n<td>\n<b>190<\/b>  \u00b0C<\/td>\n<\/tr>\n<tr>\n<td>Flie\u00dfpunkt<\/td>\n<td>\n<b>-39<\/b>  \u00b0C<\/td>\n<\/tr>\n<tr>\n<td>S\u00e4urenzahl<\/td>\n<td>\n<b>0,40<\/b>  mgKOH\/g<\/td>\n<\/tr>\n<tr>\n<td>Sulfataschegehalt<\/td>\n<td>\n<b>0,06<\/b>  %<\/td>\n<\/tr>\n<tr>\n<td>Konduktivit\u00e4t<\/td>\n<td>\n<b>190<\/b>   pS<\/td>\n<\/tr>\n<\/table>\n","protected":false},"excerpt":{"rendered":"<p>Perlus H 32 eignet sich perfekt f\u00fcr Hochlast-Hydrauliksysteme von Tiefbaumaschinen und station\u00e4ren Maschinen, die mit hohem Druck \u00fcber einen breiten Temperaturbereich betrieben werden.<\/p>\n","protected":false},"featured_media":363055,"comment_status":"open","ping_status":"closed","template":"","meta":[],"location":[4275,4276],"product_brand":[25894],"product_cat":[2187,9884],"product_tag":[],"class_list":{"0":"post-365700","1":"product","2":"type-product","3":"status-publish","4":"has-post-thumbnail","6":"location-aes-emmeloord","7":"location-aes-lemmer","8":"product_brand-kroon-oil","9":"product_cat-schmiermittel","10":"product_cat-kroon-oil","11":"product_shipping_class-palettenversand","13":"first","14":"onbackorder","15":"sale","16":"taxable","17":"shipping-taxable","18":"purchasable","19":"product-type-simple"},"group_of_quantity":0,"min_quantity":0,"max_quantity":"","exclude_order_quantity_value_rules":"no","exclude_category_quantity_rules":"no","combine_variations":"no","locations":[{"id":4275,"name":"AES Emmeloord","slug":"aes-emmeloord","quantity":""},{"id":4276,"name":"AES Lemmer","slug":"aes-lemmer","quantity":""}],"_links":{"self":[{"href":"https:\/\/ab-marineservice.com\/de\/wp-json\/wp\/v2\/product\/365700","targetHints":{"allow":["GET"]}}],"collection":[{"href":"https:\/\/ab-marineservice.com\/de\/wp-json\/wp\/v2\/product"}],"about":[{"href":"https:\/\/ab-marineservice.com\/de\/wp-json\/wp\/v2\/types\/product"}],"replies":[{"embeddable":true,"href":"https:\/\/ab-marineservice.com\/de\/wp-json\/wp\/v2\/comments?post=365700"}],"wp:featuredmedia":[{"embeddable":true,"href":"https:\/\/ab-marineservice.com\/de\/wp-json\/wp\/v2\/media\/363055"}],"wp:attachment":[{"href":"https:\/\/ab-marineservice.com\/de\/wp-json\/wp\/v2\/media?parent=365700"}],"wp:term":[{"taxonomy":"location","embeddable":true,"href":"https:\/\/ab-marineservice.com\/de\/wp-json\/wp\/v2\/location?post=365700"},{"taxonomy":"product_brand","embeddable":true,"href":"https:\/\/ab-marineservice.com\/de\/wp-json\/wp\/v2\/product_brand?post=365700"},{"taxonomy":"product_cat","embeddable":true,"href":"https:\/\/ab-marineservice.com\/de\/wp-json\/wp\/v2\/product_cat?post=365700"},{"taxonomy":"product_tag","embeddable":true,"href":"https:\/\/ab-marineservice.com\/de\/wp-json\/wp\/v2\/product_tag?post=365700"}],"curies":[{"name":"wp","href":"https:\/\/api.w.org\/{rel}","templated":true}]}}