{"id":365709,"date":"2025-06-15T16:11:32","date_gmt":"2025-06-15T14:11:32","guid":{"rendered":"https:\/\/ab-marineservice.com\/product\/abacot-mep-150\/"},"modified":"2025-11-25T17:22:16","modified_gmt":"2025-11-25T16:22:16","slug":"abacot-mep-150-2","status":"publish","type":"product","link":"https:\/\/ab-marineservice.com\/de\/produkt\/abacot-mep-150-2\/","title":{"rendered":"Abacot MEP 150 \u2013 208 Liter"},"content":{"rendered":"<p>Abacot MEP 150 ist ein hochwertiges Industriegetriebe\u00f6l. Das Produkt basiert auf Mineral\u00f6l, dem bleifreie Extremdruckadditive zugesetzt sind. Abacot MEP 150 bietet folgende Eigenschaften:<\/p>\n<ul>\n<li>Ausgezeichnete Widerstandsf\u00e4higkeit gehen hohe Dr\u00fccke und Sto\u00dflasten<\/li>\n<li>Hochtemperaturfestigkeit<\/li>\n<li>Wirkungsvoller Rost- und Korrosionsschutz<\/li>\n<li>\u00dcberlegener Verschlei\u00dfschutz<\/li>\n<li>Hocheffiziente Schaumunterdr\u00fcckung<\/li>\n<li>Niedriger Flie\u00dfpunkt<\/li>\n<\/ul>\n<h4>Produktdaten<\/h4>\n<ul>\n<li>AGMA 9005-F16 (AS)<\/li>\n<li>AIST (US Steel) 224<\/li>\n<li>David Brown S1.53.101 E<\/li>\n<li>DIN 51517-3 CLP<\/li>\n<li>ISO 12925-1 Type CKD<\/li>\n<\/ul>\n<h4>Typische Standardanalysen<\/h4>\n<table class=\"table analyse-table\">\n<tr>\n<td>Dichte bei 15 \u00b0C<\/td>\n<td>\n<b>0,890<\/b>  kg\/l<\/td>\n<\/tr>\n<tr>\n<td>Viskosit\u00e4t 40 \u00b0C<\/td>\n<td>\n<b>150,00<\/b>  mm\u00b2\/s<\/td>\n<\/tr>\n<tr>\n<td>Viskosit\u00e4t 100 \u00b0C<\/td>\n<td>\n<b>14,60<\/b>  mm\u00b2\/s<\/td>\n<\/tr>\n<tr>\n<td>Viskosit\u00e4tsindex<\/td>\n<td>\n<b>95<\/b> <\/td>\n<\/tr>\n<tr>\n<td>Flammpunkt COC<\/td>\n<td>\n<b>245<\/b>  \u00b0C<\/td>\n<\/tr>\n<tr>\n<td>Flie\u00dfpunkt<\/td>\n<td>\n<b>-21<\/b>  \u00b0C<\/td>\n<\/tr>\n<tr>\n<td>S\u00e4urenzahl<\/td>\n<td>\n<b>0,54<\/b>  mgKOH\/g<\/td>\n<\/tr>\n<\/table>\n","protected":false},"excerpt":{"rendered":"<p>Abacot MEP 150 kann zur Schmierung fast aller Industriegetriebe herangezogen werden, die hohen Lasten und\/oder Sto\u00dfbelastungen ausgesetzt sind.<\/p>\n","protected":false},"featured_media":363091,"comment_status":"open","ping_status":"open","template":"","meta":[],"location":[4275,4276],"product_brand":[25894],"product_cat":[2187,9884],"product_tag":[],"class_list":{"0":"post-365709","1":"product","2":"type-product","3":"status-publish","4":"has-post-thumbnail","6":"location-aes-emmeloord","7":"location-aes-lemmer","8":"product_brand-kroon-oil","9":"product_cat-schmiermittel","10":"product_cat-kroon-oil","11":"product_shipping_class-paket-0-10-kg","13":"first","14":"onbackorder","15":"sale","16":"taxable","17":"shipping-taxable","18":"purchasable","19":"product-type-simple"},"group_of_quantity":0,"min_quantity":0,"max_quantity":"","exclude_order_quantity_value_rules":"no","exclude_category_quantity_rules":"no","combine_variations":"no","locations":[{"id":4275,"name":"AES Emmeloord","slug":"aes-emmeloord","quantity":""},{"id":4276,"name":"AES Lemmer","slug":"aes-lemmer","quantity":""}],"_links":{"self":[{"href":"https:\/\/ab-marineservice.com\/de\/wp-json\/wp\/v2\/product\/365709","targetHints":{"allow":["GET"]}}],"collection":[{"href":"https:\/\/ab-marineservice.com\/de\/wp-json\/wp\/v2\/product"}],"about":[{"href":"https:\/\/ab-marineservice.com\/de\/wp-json\/wp\/v2\/types\/product"}],"replies":[{"embeddable":true,"href":"https:\/\/ab-marineservice.com\/de\/wp-json\/wp\/v2\/comments?post=365709"}],"wp:featuredmedia":[{"embeddable":true,"href":"https:\/\/ab-marineservice.com\/de\/wp-json\/wp\/v2\/media\/363091"}],"wp:attachment":[{"href":"https:\/\/ab-marineservice.com\/de\/wp-json\/wp\/v2\/media?parent=365709"}],"wp:term":[{"taxonomy":"location","embeddable":true,"href":"https:\/\/ab-marineservice.com\/de\/wp-json\/wp\/v2\/location?post=365709"},{"taxonomy":"product_brand","embeddable":true,"href":"https:\/\/ab-marineservice.com\/de\/wp-json\/wp\/v2\/product_brand?post=365709"},{"taxonomy":"product_cat","embeddable":true,"href":"https:\/\/ab-marineservice.com\/de\/wp-json\/wp\/v2\/product_cat?post=365709"},{"taxonomy":"product_tag","embeddable":true,"href":"https:\/\/ab-marineservice.com\/de\/wp-json\/wp\/v2\/product_tag?post=365709"}],"curies":[{"name":"wp","href":"https:\/\/api.w.org\/{rel}","templated":true}]}}