{"id":365717,"date":"2025-06-15T16:11:32","date_gmt":"2025-06-15T14:11:32","guid":{"rendered":"https:\/\/ab-marineservice.com\/product\/turbo-oil-32\/"},"modified":"2025-11-25T17:22:40","modified_gmt":"2025-11-25T16:22:40","slug":"turbo-oil-32-2","status":"publish","type":"product","link":"https:\/\/ab-marineservice.com\/de\/produkt\/turbo-oil-32-2\/","title":{"rendered":"Turbo Oil 32 \u2013 208 Liter"},"content":{"rendered":"<p>Turbo Oil 32 ist ein universelles Turbinen\u00f6l auf Mineral\u00f6lbasis, das auf speziell ausgew\u00e4hlten und raffinierten Grund\u00f6len basiert. Durch die Zugabe von Metalldeaktivatoren und herk\u00f6mmlichen Additiven resultieren folgende Eigenschaften:<\/p>\n<ul>\n<li>Hervorragende Oxidationsstabilit\u00e4t auch bei hohen Temperaturen<\/li>\n<li>Wirkungsvoller Korrosionsschutz f\u00fcr Eisen- und Buntmetalle<\/li>\n<li>Sehr effektive Wasserabscheidung<\/li>\n<li>Minimierte Schaumneigung<\/li>\n<li>Hoher Viskosit\u00e4tsindex<\/li>\n<\/ul>\n<h4>Produktdaten<\/h4>\n<ul>\n<li>Alstom HTGD 90 117<\/li>\n<li>BS 489<\/li>\n<li>DIN 51515-1 L-TD<\/li>\n<li>General Electric GEK 46506D<\/li>\n<li>Siemens TLV 9013 04 (non-EP)<\/li>\n<\/ul>\n<h4>Typische Standardanalysen<\/h4>\n<table class=\"table analyse-table\">\n<tr>\n<td>Dichte bei 15 \u00b0C<\/td>\n<td>\n<b>0,872<\/b>  kg\/l<\/td>\n<\/tr>\n<tr>\n<td>Viskosit\u00e4t 40 \u00b0C<\/td>\n<td>\n<b>32,00<\/b>  mm\u00b2\/s<\/td>\n<\/tr>\n<tr>\n<td>Viskosit\u00e4t 100 \u00b0C<\/td>\n<td>\n<b>5,40<\/b>  mm\u00b2\/s<\/td>\n<\/tr>\n<tr>\n<td>Viskosit\u00e4tsindex<\/td>\n<td>\n<b>98<\/b> <\/td>\n<\/tr>\n<tr>\n<td>Flammpunkt COC<\/td>\n<td>\n<b>204<\/b>  \u00b0C<\/td>\n<\/tr>\n<tr>\n<td>Flie\u00dfpunkt<\/td>\n<td>\n<b>-30<\/b>  \u00b0C<\/td>\n<\/tr>\n<tr>\n<td>S\u00e4urenzahl<\/td>\n<td>\n<b>0,15<\/b>  mgKOH\/g<\/td>\n<\/tr>\n<\/table>\n","protected":false},"excerpt":{"rendered":"<p>Turbo Oil 32 wurde f\u00fcr die Schmiermittelkreisl\u00e4ufe der neuesten Generation von Dampf- und Gasturbinen entwickelt, in denen h\u00e4ufig hohe \u00d6ltemperaturen auftreten. Turbo Oil 32 ist auch f\u00fcr die Schmierung von Hydrauliksystemen, Kompressoren, Getriebe und Zahnr\u00e4dern geeignet, bei denen Kontaminierung des Schmiermittels mit Wasser ein Problem darstellt.<\/p>\n","protected":false},"featured_media":363124,"comment_status":"open","ping_status":"open","template":"","meta":[],"location":[4275,4276],"product_brand":[25894],"product_cat":[2187,9884],"product_tag":[],"class_list":{"0":"post-365717","1":"product","2":"type-product","3":"status-publish","4":"has-post-thumbnail","6":"location-aes-emmeloord","7":"location-aes-lemmer","8":"product_brand-kroon-oil","9":"product_cat-schmiermittel","10":"product_cat-kroon-oil","11":"product_shipping_class-palettenversand","13":"first","14":"onbackorder","15":"sale","16":"taxable","17":"shipping-taxable","18":"purchasable","19":"product-type-simple"},"group_of_quantity":0,"min_quantity":0,"max_quantity":"","exclude_order_quantity_value_rules":"no","exclude_category_quantity_rules":"no","combine_variations":"no","locations":[{"id":4275,"name":"AES Emmeloord","slug":"aes-emmeloord","quantity":""},{"id":4276,"name":"AES Lemmer","slug":"aes-lemmer","quantity":""}],"_links":{"self":[{"href":"https:\/\/ab-marineservice.com\/de\/wp-json\/wp\/v2\/product\/365717","targetHints":{"allow":["GET"]}}],"collection":[{"href":"https:\/\/ab-marineservice.com\/de\/wp-json\/wp\/v2\/product"}],"about":[{"href":"https:\/\/ab-marineservice.com\/de\/wp-json\/wp\/v2\/types\/product"}],"replies":[{"embeddable":true,"href":"https:\/\/ab-marineservice.com\/de\/wp-json\/wp\/v2\/comments?post=365717"}],"wp:featuredmedia":[{"embeddable":true,"href":"https:\/\/ab-marineservice.com\/de\/wp-json\/wp\/v2\/media\/363124"}],"wp:attachment":[{"href":"https:\/\/ab-marineservice.com\/de\/wp-json\/wp\/v2\/media?parent=365717"}],"wp:term":[{"taxonomy":"location","embeddable":true,"href":"https:\/\/ab-marineservice.com\/de\/wp-json\/wp\/v2\/location?post=365717"},{"taxonomy":"product_brand","embeddable":true,"href":"https:\/\/ab-marineservice.com\/de\/wp-json\/wp\/v2\/product_brand?post=365717"},{"taxonomy":"product_cat","embeddable":true,"href":"https:\/\/ab-marineservice.com\/de\/wp-json\/wp\/v2\/product_cat?post=365717"},{"taxonomy":"product_tag","embeddable":true,"href":"https:\/\/ab-marineservice.com\/de\/wp-json\/wp\/v2\/product_tag?post=365717"}],"curies":[{"name":"wp","href":"https:\/\/api.w.org\/{rel}","templated":true}]}}