{"id":365720,"date":"2025-06-15T16:12:23","date_gmt":"2025-06-15T14:12:23","guid":{"rendered":"https:\/\/ab-marineservice.com\/product\/carsinus-u-220\/"},"modified":"2025-11-25T17:21:47","modified_gmt":"2025-11-25T16:21:47","slug":"carsinus-u-220-2","status":"publish","type":"product","link":"https:\/\/ab-marineservice.com\/de\/produkt\/carsinus-u-220-2\/","title":{"rendered":"Carsinus U 220 \u2013 208 Liter"},"content":{"rendered":"<p>Carsinus U 220 ist ein Universalschmiermittel auf Mineral\u00f6lbasis f\u00fcr Werkzeugmaschinen. Dank einer speziellen Additivmischung bietet es folgende Eigenschaften:<\/p>\n<ul>\n<li>Hochdruck- und Sto\u00dflastfestigkeit<\/li>\n<li>Sehr starke Haftf\u00e4higkeit an Metallen<\/li>\n<li>Hocheffiziente Haftgleitunterdr\u00fcckung<\/li>\n<li>Wirkungsvoller Schutz vor Verschlei\u00df, Korrosion und Schaumbildung<\/li>\n<\/ul>\n<h4>Produktdaten<\/h4>\n<ul>\n<li>FZG 12<\/li>\n<\/ul>\n<h4>Typische Standardanalysen<\/h4>\n<table class=\"table analyse-table\">\n<tr>\n<td>Dichte bei 15 \u00b0C<\/td>\n<td>\n<b>0,895<\/b>  kg\/l<\/td>\n<\/tr>\n<tr>\n<td>Viskosit\u00e4t 40 \u00b0C<\/td>\n<td>\n<b>220,00<\/b>  mm\u00b2\/s<\/td>\n<\/tr>\n<tr>\n<td>Viskosit\u00e4t 100 \u00b0C<\/td>\n<td>\n<b>18,20<\/b>  mm\u00b2\/s<\/td>\n<\/tr>\n<tr>\n<td>Viskosit\u00e4tsindex<\/td>\n<td>\n<b>95<\/b> <\/td>\n<\/tr>\n<tr>\n<td>Flammpunkt COC<\/td>\n<td>\n<b>245<\/b>  \u00b0C<\/td>\n<\/tr>\n<tr>\n<td>Flie\u00dfpunkt<\/td>\n<td>\n<b>-15<\/b>  \u00b0C<\/td>\n<\/tr>\n<\/table>\n","protected":false},"excerpt":{"rendered":"<p>Carsinus U 220 kann als kombiniertes Schmiermittel sowohl f\u00fcr Gleitschienen und -bahnen von Werkzeugmaschinen als auch f\u00fcr die dazugeh\u00f6rigen Hydrauliksysteme und Getriebe verwendet werden.<\/p>\n","protected":false},"featured_media":363136,"comment_status":"open","ping_status":"open","template":"","meta":[],"location":[4275,4276],"product_brand":[25894],"product_cat":[2187,9884],"product_tag":[],"class_list":{"0":"post-365720","1":"product","2":"type-product","3":"status-publish","4":"has-post-thumbnail","6":"location-aes-emmeloord","7":"location-aes-lemmer","8":"product_brand-kroon-oil","9":"product_cat-schmiermittel","10":"product_cat-kroon-oil","11":"product_shipping_class-palettenversand","13":"first","14":"outofstock","15":"sale","16":"taxable","17":"shipping-taxable","18":"purchasable","19":"product-type-simple"},"group_of_quantity":0,"min_quantity":0,"max_quantity":"","exclude_order_quantity_value_rules":"no","exclude_category_quantity_rules":"no","combine_variations":"no","locations":[{"id":4275,"name":"AES Emmeloord","slug":"aes-emmeloord","quantity":""},{"id":4276,"name":"AES Lemmer","slug":"aes-lemmer","quantity":""}],"_links":{"self":[{"href":"https:\/\/ab-marineservice.com\/de\/wp-json\/wp\/v2\/product\/365720","targetHints":{"allow":["GET"]}}],"collection":[{"href":"https:\/\/ab-marineservice.com\/de\/wp-json\/wp\/v2\/product"}],"about":[{"href":"https:\/\/ab-marineservice.com\/de\/wp-json\/wp\/v2\/types\/product"}],"replies":[{"embeddable":true,"href":"https:\/\/ab-marineservice.com\/de\/wp-json\/wp\/v2\/comments?post=365720"}],"wp:featuredmedia":[{"embeddable":true,"href":"https:\/\/ab-marineservice.com\/de\/wp-json\/wp\/v2\/media\/363136"}],"wp:attachment":[{"href":"https:\/\/ab-marineservice.com\/de\/wp-json\/wp\/v2\/media?parent=365720"}],"wp:term":[{"taxonomy":"location","embeddable":true,"href":"https:\/\/ab-marineservice.com\/de\/wp-json\/wp\/v2\/location?post=365720"},{"taxonomy":"product_brand","embeddable":true,"href":"https:\/\/ab-marineservice.com\/de\/wp-json\/wp\/v2\/product_brand?post=365720"},{"taxonomy":"product_cat","embeddable":true,"href":"https:\/\/ab-marineservice.com\/de\/wp-json\/wp\/v2\/product_cat?post=365720"},{"taxonomy":"product_tag","embeddable":true,"href":"https:\/\/ab-marineservice.com\/de\/wp-json\/wp\/v2\/product_tag?post=365720"}],"curies":[{"name":"wp","href":"https:\/\/api.w.org\/{rel}","templated":true}]}}