{"id":365736,"date":"2025-06-15T16:13:16","date_gmt":"2025-06-15T14:13:16","guid":{"rendered":"https:\/\/ab-marineservice.com\/product\/syngear-mt-ld-75w-80\/"},"modified":"2026-05-04T15:29:51","modified_gmt":"2026-05-04T13:29:51","slug":"syngear-mt-ld-75w-80-2","status":"publish","type":"product","link":"https:\/\/ab-marineservice.com\/de\/produkt\/syngear-mt-ld-75w-80-2\/","title":{"rendered":"Syngear MT\/LD 75W-80 \u2013 208 Liter"},"content":{"rendered":"<p>Syngear MT\/LD 75W-80 ist ein modernes, kraftstoffsparendes synthetisches Langzeit-Getriebe\u00f6l. Dank Erg\u00e4nzung mit wegweisenden Additiven bietet es folgende Eigenschaften:<\/p>\n<ul>\n<li>\u00dcberlegene thermische Stabilit\u00e4t, wodurch es lange Zeit eine niedrige Viskosit\u00e4t beibeh\u00e4lt<\/li>\n<li>Sehr wirkungsvoller Schutz vor Rost, Korrosion und Schaumbildung<\/li>\n<li>Sehr niedriger Flie\u00dfpunkt, wodurch Gangwechsel auch bei niedrigen Temperaturen ruckfrei erfolgen.<\/li>\n<li>\u00dcberragende EP-Hochdruckeigenschaften<\/li>\n<li>Lange Lebensdauer<\/li>\n<\/ul>\n<h4>Produktdaten<\/h4>\n<ul>\n<li>API GL-4<\/li>\n<li>MAN 341 Typ Z4<\/li>\n<li>ZF TE-ML 01L \/ 02L \/ 16K<\/li>\n<li>DAF<\/li>\n<li>Eaton Europe (extended drain)<\/li>\n<li>Iveco<\/li>\n<li>Renault<\/li>\n<li>Volvo 97307<\/li>\n<li>ZF TE-ML 08 \/ 13 \/ 24A<\/li>\n<\/ul>\n<h4>Typische Standardanalysen<\/h4>\n<table class=\"table analyse-table\">\n<tr>\n<td>Dichte bei 15 \u00b0C<\/td>\n<td>\n<b>0,858<\/b>  kg\/l<\/td>\n<\/tr>\n<tr>\n<td>Viskosit\u00e4t 40 \u00b0C<\/td>\n<td>\n<b>59,50<\/b>  mm\u00b2\/s<\/td>\n<\/tr>\n<tr>\n<td>Viskosit\u00e4t 100 \u00b0C<\/td>\n<td>\n<b>10,00<\/b>  mm\u00b2\/s<\/td>\n<\/tr>\n<tr>\n<td>Viskosit\u00e4tsindex<\/td>\n<td>\n<b>155<\/b> <\/td>\n<\/tr>\n<tr>\n<td>Flammpunkt COC<\/td>\n<td>\n<b>218<\/b>  \u00b0C<\/td>\n<\/tr>\n<tr>\n<td>Flie\u00dfpunkt<\/td>\n<td>\n<b>-39<\/b>  \u00b0C<\/td>\n<\/tr>\n<tr>\n<td>Basenzahl<\/td>\n<td>\n<b>4,2<\/b>  mgKOH\/g<\/td>\n<\/tr>\n<\/table>\n","protected":false},"excerpt":{"rendered":"<p>Syngear MT\/LD 75W-80 wurde speziell f\u00fcr moderne Hochleistungs-(Kompakt-) -Getriebe und Schaltgetriebe entwickelt, in denen sehr hohe Betriebstemperaturen auftreten k\u00f6nnen. Dieses Produkt ist auch perfekt f\u00fcr lange, vom Hersteller vorgegebene Wechselintervalle geeignet. F\u00fcr korrekte Anwendung siehe Produktspezifikationen auf der Produktseite.<\/p>\n","protected":false},"featured_media":363176,"comment_status":"open","ping_status":"open","template":"","meta":[],"location":[4275,4276],"product_brand":[25894],"product_cat":[2187,9884],"product_tag":[],"class_list":{"0":"post-365736","1":"product","2":"type-product","3":"status-publish","4":"has-post-thumbnail","6":"location-aes-emmeloord","7":"location-aes-lemmer","8":"product_brand-kroon-oil","9":"product_cat-schmiermittel","10":"product_cat-kroon-oil","11":"product_shipping_class-palettenversand","13":"first","14":"onbackorder","15":"sale","16":"taxable","17":"shipping-taxable","18":"purchasable","19":"product-type-simple"},"group_of_quantity":0,"min_quantity":0,"max_quantity":"","exclude_order_quantity_value_rules":"no","exclude_category_quantity_rules":"no","combine_variations":"no","locations":[{"id":4275,"name":"AES Emmeloord","slug":"aes-emmeloord","quantity":""},{"id":4276,"name":"AES Lemmer","slug":"aes-lemmer","quantity":""}],"_links":{"self":[{"href":"https:\/\/ab-marineservice.com\/de\/wp-json\/wp\/v2\/product\/365736","targetHints":{"allow":["GET"]}}],"collection":[{"href":"https:\/\/ab-marineservice.com\/de\/wp-json\/wp\/v2\/product"}],"about":[{"href":"https:\/\/ab-marineservice.com\/de\/wp-json\/wp\/v2\/types\/product"}],"replies":[{"embeddable":true,"href":"https:\/\/ab-marineservice.com\/de\/wp-json\/wp\/v2\/comments?post=365736"}],"wp:featuredmedia":[{"embeddable":true,"href":"https:\/\/ab-marineservice.com\/de\/wp-json\/wp\/v2\/media\/363176"}],"wp:attachment":[{"href":"https:\/\/ab-marineservice.com\/de\/wp-json\/wp\/v2\/media?parent=365736"}],"wp:term":[{"taxonomy":"location","embeddable":true,"href":"https:\/\/ab-marineservice.com\/de\/wp-json\/wp\/v2\/location?post=365736"},{"taxonomy":"product_brand","embeddable":true,"href":"https:\/\/ab-marineservice.com\/de\/wp-json\/wp\/v2\/product_brand?post=365736"},{"taxonomy":"product_cat","embeddable":true,"href":"https:\/\/ab-marineservice.com\/de\/wp-json\/wp\/v2\/product_cat?post=365736"},{"taxonomy":"product_tag","embeddable":true,"href":"https:\/\/ab-marineservice.com\/de\/wp-json\/wp\/v2\/product_tag?post=365736"}],"curies":[{"name":"wp","href":"https:\/\/api.w.org\/{rel}","templated":true}]}}