{"id":365750,"date":"2025-06-15T16:14:09","date_gmt":"2025-06-15T14:14:09","guid":{"rendered":"https:\/\/ab-marineservice.com\/product\/mp-lithep-grease-ep-2\/"},"modified":"2025-11-20T18:10:55","modified_gmt":"2025-11-20T17:10:55","slug":"mp-lithep-grease-ep-2-2","status":"publish","type":"product","link":"https:\/\/ab-marineservice.com\/de\/produkt\/mp-lithep-grease-ep-2-2\/","title":{"rendered":"MP Lithep Grease EP 2 \u2013 50 kg"},"content":{"rendered":"<p>MP Lithep Grease EP 2 ist ein Mehrzweckfett auf Basis hochraffinierter Grund\u00f6le hoher Viskosit\u00e4t mit Lithiumseife als Verdickungsmittel. Dank seiner Erg\u00e4nzung durch Extremdruck- und andere Additive bietet es folgende Eigenschaften:<\/p>\n<ul>\n<li>Starke Haftf\u00e4higkeit an Metallen<\/li>\n<li>Ausgezeichnete Wasserverdr\u00e4ngung<\/li>\n<li>Sehr hohe Stabilit\u00e4t<\/li>\n<li>Wirkungsvoller Korrosions- und Verschlei\u00dfschutz<\/li>\n<li>Optimale Pumpbarkeit<\/li>\n<li>\u00dcberragende EP-Hochdruckeigenschaften<\/li>\n<\/ul>\n<h4>Produktdaten<\/h4>\n<ul>\n<li>N.L.G.I. Klasse 2<\/li>\n<li>DIN 51 502, KP 2 K-30<\/li>\n<li>MAN 283 Li-P 2<\/li>\n<\/ul>\n<h4>Typische Standardanalysen<\/h4>\n<table class=\"table analyse-table\">\n<tr>\n<td>Walkpenetration bei 25 \u00b0C<\/td>\n<td>\n<b>280<\/b>  0<\/td>\n<\/tr>\n<tr>\n<td>Tropfpunkt<\/td>\n<td>\n<b>190<\/b>  \u00b0C<\/td>\n<\/tr>\n<tr>\n<td>Temperaturbereich<\/td>\n<td>\n<b>-30\/130<\/b>  \u00b0C<\/td>\n<\/tr>\n<tr>\n<td>Viskosit\u00e4t des Grund\u00f6ls<\/td>\n<td>\n<b>195,00<\/b>  40 \u00b0C<\/td>\n<\/tr>\n<tr>\n<td>4-ball welding load<\/td>\n<td>\n<b>2600<\/b>  N<\/td>\n<\/tr>\n<\/table>\n","protected":false},"excerpt":{"rendered":"<p>MP Lithep Grease EP 2 dient als Schmiermittel von Lagern in Kraftfahrzeugen und Baumaschinen, die hohen Lasten und\/oder Sto\u00dflasten ausgesetzt sind. MP Lithep Grease EP 2 ist auch f\u00fcr Gelenk- und Drehzapfen unter schwerer Last in feuchter und staubiger Umgebung geeignet.<\/p>\n","protected":false},"featured_media":363217,"comment_status":"open","ping_status":"open","template":"","meta":[],"location":[4275,4276],"product_brand":[25894],"product_cat":[2187,9884],"product_tag":[],"class_list":{"0":"post-365750","1":"product","2":"type-product","3":"status-publish","4":"has-post-thumbnail","6":"location-aes-emmeloord","7":"location-aes-lemmer","8":"product_brand-kroon-oil","9":"product_cat-schmiermittel","10":"product_cat-kroon-oil","11":"product_shipping_class-paket-0-10-kg","13":"first","14":"onbackorder","15":"sale","16":"taxable","17":"shipping-taxable","18":"purchasable","19":"product-type-simple"},"group_of_quantity":0,"min_quantity":0,"max_quantity":"","exclude_order_quantity_value_rules":"no","exclude_category_quantity_rules":"no","combine_variations":"no","locations":[{"id":4275,"name":"AES Emmeloord","slug":"aes-emmeloord","quantity":""},{"id":4276,"name":"AES Lemmer","slug":"aes-lemmer","quantity":""}],"_links":{"self":[{"href":"https:\/\/ab-marineservice.com\/de\/wp-json\/wp\/v2\/product\/365750","targetHints":{"allow":["GET"]}}],"collection":[{"href":"https:\/\/ab-marineservice.com\/de\/wp-json\/wp\/v2\/product"}],"about":[{"href":"https:\/\/ab-marineservice.com\/de\/wp-json\/wp\/v2\/types\/product"}],"replies":[{"embeddable":true,"href":"https:\/\/ab-marineservice.com\/de\/wp-json\/wp\/v2\/comments?post=365750"}],"wp:featuredmedia":[{"embeddable":true,"href":"https:\/\/ab-marineservice.com\/de\/wp-json\/wp\/v2\/media\/363217"}],"wp:attachment":[{"href":"https:\/\/ab-marineservice.com\/de\/wp-json\/wp\/v2\/media?parent=365750"}],"wp:term":[{"taxonomy":"location","embeddable":true,"href":"https:\/\/ab-marineservice.com\/de\/wp-json\/wp\/v2\/location?post=365750"},{"taxonomy":"product_brand","embeddable":true,"href":"https:\/\/ab-marineservice.com\/de\/wp-json\/wp\/v2\/product_brand?post=365750"},{"taxonomy":"product_cat","embeddable":true,"href":"https:\/\/ab-marineservice.com\/de\/wp-json\/wp\/v2\/product_cat?post=365750"},{"taxonomy":"product_tag","embeddable":true,"href":"https:\/\/ab-marineservice.com\/de\/wp-json\/wp\/v2\/product_tag?post=365750"}],"curies":[{"name":"wp","href":"https:\/\/api.w.org\/{rel}","templated":true}]}}