{"id":365751,"date":"2025-06-15T16:14:09","date_gmt":"2025-06-15T14:14:09","guid":{"rendered":"https:\/\/ab-marineservice.com\/product\/white-vaseline\/"},"modified":"2025-11-20T18:10:58","modified_gmt":"2025-11-20T17:10:58","slug":"white-vaseline-2","status":"publish","type":"product","link":"https:\/\/ab-marineservice.com\/de\/produkt\/white-vaseline-2\/","title":{"rendered":"White Vaseline \u2013 50 kg"},"content":{"rendered":"<p>White Vaseline ist ein \u00e4u\u00dferst reines, hochraffiniertes Petrolatum. Durch die speziell entwickelte Raffination resultiert eine schneewei\u00dfe Vaseline. Das Produkt bietet folgende besondere Eigenschaften:<\/p>\n<ul>\n<li>Vollkommen wei\u00dfe Farbe<\/li>\n<li>Komplett geruch- und geschmacklos<\/li>\n<li>Langfaserige Struktur<\/li>\n<li>Komplett s\u00e4urefrei, wodurch es Dichtungen und Metalle nicht angreift<\/li>\n<li>Widersteht Eindringen von Chemikalien<\/li>\n<\/ul>\n<h4>Typische Standardanalysen<\/h4>\n<table class=\"table analyse-table\">\n<tr>\n<td>Dichte bei 15 \u00b0C<\/td>\n<td>\n<b>0,900<\/b>  kg\/l<\/td>\n<\/tr>\n<tr>\n<td>Viskosit\u00e4t 100 \u00b0C<\/td>\n<td>\n<b>8,00<\/b>  mm\u00b2\/s<\/td>\n<\/tr>\n<tr>\n<td>Walkpenetration bei 25 \u00b0C<\/td>\n<td>\n<b>155<\/b>  0<\/td>\n<\/tr>\n<tr>\n<td>Tropfpunkt<\/td>\n<td>\n<b>42 \/ 60<\/b>  \u00b0C<\/td>\n<\/tr>\n<\/table>\n","protected":false},"excerpt":{"rendered":"<p>White Vaseline ist ein hochraffiniertes Produkt und eignet sich daher besonders f\u00fcr Anwendungen in der technischen Industrie wie z. B. dem Automobilbau. Als Produkt erm\u00f6glicht es zahlreiche Anwendungen &#8211; als Schmiermittel f\u00fcr Maschinen, Batteriepole, Fahrradteile sowie als Pflegemittel f\u00fcr Leder. Sch\u00fctzt Metalle und verchromte Teile vor Korrosion. Es kann auch als Isolator verwendet werden.<\/p>\n","protected":false},"featured_media":363221,"comment_status":"open","ping_status":"open","template":"","meta":[],"location":[4275,4276],"product_brand":[25894],"product_cat":[2187,9884],"product_tag":[],"class_list":{"0":"post-365751","1":"product","2":"type-product","3":"status-publish","4":"has-post-thumbnail","6":"location-aes-emmeloord","7":"location-aes-lemmer","8":"product_brand-kroon-oil","9":"product_cat-schmiermittel","10":"product_cat-kroon-oil","11":"product_shipping_class-paket-0-10-kg","13":"first","14":"onbackorder","15":"sale","16":"taxable","17":"shipping-taxable","18":"purchasable","19":"product-type-simple"},"group_of_quantity":0,"min_quantity":0,"max_quantity":"","exclude_order_quantity_value_rules":"no","exclude_category_quantity_rules":"no","combine_variations":"no","locations":[{"id":4275,"name":"AES Emmeloord","slug":"aes-emmeloord","quantity":""},{"id":4276,"name":"AES Lemmer","slug":"aes-lemmer","quantity":""}],"_links":{"self":[{"href":"https:\/\/ab-marineservice.com\/de\/wp-json\/wp\/v2\/product\/365751","targetHints":{"allow":["GET"]}}],"collection":[{"href":"https:\/\/ab-marineservice.com\/de\/wp-json\/wp\/v2\/product"}],"about":[{"href":"https:\/\/ab-marineservice.com\/de\/wp-json\/wp\/v2\/types\/product"}],"replies":[{"embeddable":true,"href":"https:\/\/ab-marineservice.com\/de\/wp-json\/wp\/v2\/comments?post=365751"}],"wp:featuredmedia":[{"embeddable":true,"href":"https:\/\/ab-marineservice.com\/de\/wp-json\/wp\/v2\/media\/363221"}],"wp:attachment":[{"href":"https:\/\/ab-marineservice.com\/de\/wp-json\/wp\/v2\/media?parent=365751"}],"wp:term":[{"taxonomy":"location","embeddable":true,"href":"https:\/\/ab-marineservice.com\/de\/wp-json\/wp\/v2\/location?post=365751"},{"taxonomy":"product_brand","embeddable":true,"href":"https:\/\/ab-marineservice.com\/de\/wp-json\/wp\/v2\/product_brand?post=365751"},{"taxonomy":"product_cat","embeddable":true,"href":"https:\/\/ab-marineservice.com\/de\/wp-json\/wp\/v2\/product_cat?post=365751"},{"taxonomy":"product_tag","embeddable":true,"href":"https:\/\/ab-marineservice.com\/de\/wp-json\/wp\/v2\/product_tag?post=365751"}],"curies":[{"name":"wp","href":"https:\/\/api.w.org\/{rel}","templated":true}]}}