{"id":365753,"date":"2025-06-15T16:14:09","date_gmt":"2025-06-15T14:14:09","guid":{"rendered":"https:\/\/ab-marineservice.com\/product\/kroon-o-sol\/"},"modified":"2025-11-20T18:11:05","modified_gmt":"2025-11-20T17:11:05","slug":"kroon-o-sol-2","status":"publish","type":"product","link":"https:\/\/ab-marineservice.com\/de\/produkt\/kroon-o-sol-2\/","title":{"rendered":"Kroon-O-Sol \u2013 60 Liter"},"content":{"rendered":"<p>Kroon-O-Sol ist ein mineral\u00f6lhaltiger, emulgierbarer Entfetter auf Basis eines hochraffinierten L\u00f6sungsmittels. Durch seine speziellen Wirksubstanzen entfaltet das Mittel eine starke Reinigungswirkung. Kroon-O-Sol entfernt \u00d6le, Fett, Schmutz und andere Verunreinigungen von Komponenten, Motoren, Maschinen usw.<br \/>Kroon-O-Sol ist nicht aggressiv und stellt dank seines hohen Flammpunkts von 70 \u00b0C kein Brandrisiko dar.<\/p>\n<h4>Typische Standardanalysen<\/h4>\n<table class=\"table analyse-table\">\n<tr>\n<td>Dichte bei 15 \u00b0C<\/td>\n<td>\n<b>0,798<\/b>  kg\/l<\/td>\n<\/tr>\n<tr>\n<td>Viskosit\u00e4t 40 \u00b0C<\/td>\n<td>\n<b>1,60<\/b>  mm\u00b2\/s<\/td>\n<\/tr>\n<tr>\n<td>Flammpunkt PM<\/td>\n<td>\n<b>72<\/b>  \u00b0C<\/td>\n<\/tr>\n<tr>\n<td>Flie\u00dfpunkt<\/td>\n<td>\n<b>-36<\/b>  \u00b0C<\/td>\n<\/tr>\n<tr>\n<td>pH &#8211; 10 % in Wasser<\/td>\n<td>\n<b>8,0<\/b> <\/td>\n<\/tr>\n<\/table>\n","protected":false},"excerpt":{"rendered":"<p>Kroon-O-Sol mit einem Pinsel auf die zu reinigende Fl\u00e4che auftragen oder aufspr\u00fchen. 3 bis 5 Minuten einwirken lassen, dann das zu reinigende Teil mit flie\u00dfendem Wasser oder einem Hochdruckschlauch sp\u00fclen. Kleinere Gegenst\u00e4nde k\u00f6nnen auch in Kroon-O-Sol eingetaucht werden. <\/p>\n<p>ACHTUNG! Kroon-O-Sol und Sp\u00fclwasser d\u00fcrfen nicht direkt in die \u00f6ffentliche Kanalisation oder in Gew\u00e4sser geleitet werden. Sicherstellen, dass das Sp\u00fclwasser durch einen \u00d6labscheider geleitet wird.<\/p>\n","protected":false},"featured_media":363229,"comment_status":"open","ping_status":"open","template":"","meta":[],"location":[4275,4276],"product_brand":[25894],"product_cat":[2187,9884],"product_tag":[],"class_list":{"0":"post-365753","1":"product","2":"type-product","3":"status-publish","4":"has-post-thumbnail","6":"location-aes-emmeloord","7":"location-aes-lemmer","8":"product_brand-kroon-oil","9":"product_cat-schmiermittel","10":"product_cat-kroon-oil","11":"product_shipping_class-paket-0-10-kg","13":"first","14":"onbackorder","15":"sale","16":"taxable","17":"shipping-taxable","18":"purchasable","19":"product-type-simple"},"group_of_quantity":0,"min_quantity":0,"max_quantity":"","exclude_order_quantity_value_rules":"no","exclude_category_quantity_rules":"no","combine_variations":"no","locations":[{"id":4275,"name":"AES Emmeloord","slug":"aes-emmeloord","quantity":""},{"id":4276,"name":"AES Lemmer","slug":"aes-lemmer","quantity":""}],"_links":{"self":[{"href":"https:\/\/ab-marineservice.com\/de\/wp-json\/wp\/v2\/product\/365753","targetHints":{"allow":["GET"]}}],"collection":[{"href":"https:\/\/ab-marineservice.com\/de\/wp-json\/wp\/v2\/product"}],"about":[{"href":"https:\/\/ab-marineservice.com\/de\/wp-json\/wp\/v2\/types\/product"}],"replies":[{"embeddable":true,"href":"https:\/\/ab-marineservice.com\/de\/wp-json\/wp\/v2\/comments?post=365753"}],"wp:featuredmedia":[{"embeddable":true,"href":"https:\/\/ab-marineservice.com\/de\/wp-json\/wp\/v2\/media\/363229"}],"wp:attachment":[{"href":"https:\/\/ab-marineservice.com\/de\/wp-json\/wp\/v2\/media?parent=365753"}],"wp:term":[{"taxonomy":"location","embeddable":true,"href":"https:\/\/ab-marineservice.com\/de\/wp-json\/wp\/v2\/location?post=365753"},{"taxonomy":"product_brand","embeddable":true,"href":"https:\/\/ab-marineservice.com\/de\/wp-json\/wp\/v2\/product_brand?post=365753"},{"taxonomy":"product_cat","embeddable":true,"href":"https:\/\/ab-marineservice.com\/de\/wp-json\/wp\/v2\/product_cat?post=365753"},{"taxonomy":"product_tag","embeddable":true,"href":"https:\/\/ab-marineservice.com\/de\/wp-json\/wp\/v2\/product_tag?post=365753"}],"curies":[{"name":"wp","href":"https:\/\/api.w.org\/{rel}","templated":true}]}}