{"id":365773,"date":"2025-06-15T16:15:55","date_gmt":"2025-06-15T14:15:55","guid":{"rendered":"https:\/\/ab-marineservice.com\/product\/kroontex-sdc\/"},"modified":"2025-11-20T18:10:12","modified_gmt":"2025-11-20T17:10:12","slug":"kroontex-sdc-2","status":"publish","type":"product","link":"https:\/\/ab-marineservice.com\/de\/produkt\/kroontex-sdc-2\/","title":{"rendered":"Kroontex SDC \u2013 208 Liter"},"content":{"rendered":"<p>Kroontex SDC ist eine Konservierungsfl\u00fcssigkeit zur Langzeitlagerung von Maschinen und Komponenten. Das Produkt enth\u00e4lt vaselineartigen Substanzen, durch mineralisches L\u00f6sungsmittel, spezielle Wasserverdr\u00e4ngungsadditive und Korrosionsinhibitoren erg\u00e4nzt, um folgende Eigenschaften zu bieten:<\/p>\n<ul>\n<li>Effektive Wasserverdr\u00e4ngung: Feuchte Teile m\u00fcssen vor der Anwendung nicht getrocknet werden.<\/li>\n<li>Sehr einfach mit L\u00f6sungsmitteln auf Mineral\u00f6lbasis entfernbar<\/li>\n<li>Wirkungsvoller Demulgator: Die Fl\u00fcssigkeit l\u00e4sst sich leicht von Wasser trennen.<\/li>\n<li>Zuverl\u00e4ssiger Aufbau einer Schutzschicht von ca. 10 \u00b5m: Kann sich bei leichter Besch\u00e4digung rekonstituieren.<\/li>\n<li>Guter Korrosionsschutz: Die Mindestschutzdauer betr\u00e4gt bei Lagerung in geschlossenen R\u00e4umen \u00b1 24 Monate, im Freien ohne Abdeckung \u00b1 12 Monate.<\/li>\n<\/ul>\n<h4>Typische Standardanalysen<\/h4>\n<table class=\"table analyse-table\">\n<tr>\n<td>Dichte bei 15 \u00b0C<\/td>\n<td>\n<b>0,828<\/b>  kg\/l<\/td>\n<\/tr>\n<tr>\n<td>Viskosit\u00e4t 20 \u00b0C<\/td>\n<td>\n<b>48,00<\/b>  mm\u00b2\/s<\/td>\n<\/tr>\n<tr>\n<td>Flammpunkt PM<\/td>\n<td>\n<b>65<\/b>  \u00b0C<\/td>\n<\/tr>\n<\/table>\n","protected":false},"excerpt":{"rendered":"<p>Kroontex SDC ist eine Konservierungsfl\u00fcssigkeit zur Langzeitkonservierung von Maschinen und Maschinenkomponenten. Das Auftragen erfolgt durch Eintauchen, Aufspr\u00fchen oder Bestreichen mit einem weichen Pinsel. Kroontex SDC kann mittels Entfetter (mineralisch oder alkalisch) und\/oder Hochdruckreiniger entfernt werden.<\/p>\n","protected":false},"featured_media":363309,"comment_status":"open","ping_status":"open","template":"","meta":[],"location":[4275,4276],"product_brand":[25894],"product_cat":[2187,9884],"product_tag":[],"class_list":{"0":"post-365773","1":"product","2":"type-product","3":"status-publish","4":"has-post-thumbnail","6":"location-aes-emmeloord","7":"location-aes-lemmer","8":"product_brand-kroon-oil","9":"product_cat-schmiermittel","10":"product_cat-kroon-oil","11":"product_shipping_class-paket-0-10-kg","13":"first","14":"onbackorder","15":"sale","16":"taxable","17":"shipping-taxable","18":"purchasable","19":"product-type-simple"},"group_of_quantity":0,"min_quantity":0,"max_quantity":"","exclude_order_quantity_value_rules":"no","exclude_category_quantity_rules":"no","combine_variations":"no","locations":[{"id":4275,"name":"AES Emmeloord","slug":"aes-emmeloord","quantity":""},{"id":4276,"name":"AES Lemmer","slug":"aes-lemmer","quantity":""}],"_links":{"self":[{"href":"https:\/\/ab-marineservice.com\/de\/wp-json\/wp\/v2\/product\/365773","targetHints":{"allow":["GET"]}}],"collection":[{"href":"https:\/\/ab-marineservice.com\/de\/wp-json\/wp\/v2\/product"}],"about":[{"href":"https:\/\/ab-marineservice.com\/de\/wp-json\/wp\/v2\/types\/product"}],"replies":[{"embeddable":true,"href":"https:\/\/ab-marineservice.com\/de\/wp-json\/wp\/v2\/comments?post=365773"}],"wp:featuredmedia":[{"embeddable":true,"href":"https:\/\/ab-marineservice.com\/de\/wp-json\/wp\/v2\/media\/363309"}],"wp:attachment":[{"href":"https:\/\/ab-marineservice.com\/de\/wp-json\/wp\/v2\/media?parent=365773"}],"wp:term":[{"taxonomy":"location","embeddable":true,"href":"https:\/\/ab-marineservice.com\/de\/wp-json\/wp\/v2\/location?post=365773"},{"taxonomy":"product_brand","embeddable":true,"href":"https:\/\/ab-marineservice.com\/de\/wp-json\/wp\/v2\/product_brand?post=365773"},{"taxonomy":"product_cat","embeddable":true,"href":"https:\/\/ab-marineservice.com\/de\/wp-json\/wp\/v2\/product_cat?post=365773"},{"taxonomy":"product_tag","embeddable":true,"href":"https:\/\/ab-marineservice.com\/de\/wp-json\/wp\/v2\/product_tag?post=365773"}],"curies":[{"name":"wp","href":"https:\/\/api.w.org\/{rel}","templated":true}]}}