{"id":365774,"date":"2025-06-15T17:54:30","date_gmt":"2025-06-15T15:54:30","guid":{"rendered":"https:\/\/ab-marineservice.com\/product\/screen-wash-concentrated\/"},"modified":"2026-05-04T15:37:52","modified_gmt":"2026-05-04T13:37:52","slug":"screen-wash-concentrated-3","status":"publish","type":"product","link":"https:\/\/ab-marineservice.com\/de\/produkt\/screen-wash-concentrated-3\/","title":{"rendered":"Screen Wash Concentrated \u2013 208 Liter"},"content":{"rendered":"<p>Screen Wash Concentrated ist eine starke Scheibenwaschfl\u00fcssigkeit, die durch ein Frostschutzmittel auf Ethanolbasis erg\u00e4nzt ist. Dieses Produkt befreit die Windschutzscheibe schnell und effektiv von Schmutz und Insektenresten. Die beigemischten Spezialadditive verhindern auch eine Wiedervereisung der Scheiben und ein Zufrieren der Waschanlagend\u00fcsen.<\/p>\n","protected":false},"excerpt":{"rendered":"<p>Screen Wash Concentrated kann dem Wasser im Scheiben-Waschfl\u00fcssigkeitsbeh\u00e4lter beigemischt werden. Durch verschiedene Mischungsverh\u00e4ltnisse (siehe Tabelle) kann ein hoher Frostschutzgrad erzielt werden. Das Produkt ist weniger umweltsch\u00e4dlich als Scheibenwaschfl\u00fcssigkeit auf Methanol- oder IPA-Basis und weniger hautreizend. Verd\u00fcnnungshinweis: Ein Teil Screen Wash Concentrated &#8211; ein Teil Wasser sch\u00fctzt bis zu:<\/p>\n<p>Pur -50\u00b0C<br \/>2 : 1 -30\u00b0C<br \/>1 : 1 -20\u00b0C<br \/>1 : 2 -10\u00b0C<br \/>1: 3 -8\u00b0C<br \/>1: 5 Sommer<\/p>\n","protected":false},"featured_media":363313,"comment_status":"open","ping_status":"open","template":"","meta":[],"location":[4275,4276],"product_brand":[25894],"product_cat":[20477,1608,2187,9884],"product_tag":[],"class_list":{"0":"post-365774","1":"product","2":"type-product","3":"status-publish","4":"has-post-thumbnail","6":"location-aes-emmeloord","7":"location-aes-lemmer","8":"product_brand-kroon-oil","9":"product_cat-aes","10":"product_cat-uncategorized","11":"product_cat-schmiermittel","12":"product_cat-kroon-oil","13":"product_shipping_class-palettenversand","15":"first","16":"outofstock","17":"sale","18":"taxable","19":"shipping-taxable","20":"purchasable","21":"product-type-simple"},"group_of_quantity":0,"min_quantity":0,"max_quantity":"","exclude_order_quantity_value_rules":"no","exclude_category_quantity_rules":"no","combine_variations":"no","locations":[{"id":4275,"name":"AES Emmeloord","slug":"aes-emmeloord","quantity":""},{"id":4276,"name":"AES Lemmer","slug":"aes-lemmer","quantity":""}],"_links":{"self":[{"href":"https:\/\/ab-marineservice.com\/de\/wp-json\/wp\/v2\/product\/365774","targetHints":{"allow":["GET"]}}],"collection":[{"href":"https:\/\/ab-marineservice.com\/de\/wp-json\/wp\/v2\/product"}],"about":[{"href":"https:\/\/ab-marineservice.com\/de\/wp-json\/wp\/v2\/types\/product"}],"replies":[{"embeddable":true,"href":"https:\/\/ab-marineservice.com\/de\/wp-json\/wp\/v2\/comments?post=365774"}],"wp:featuredmedia":[{"embeddable":true,"href":"https:\/\/ab-marineservice.com\/de\/wp-json\/wp\/v2\/media\/363313"}],"wp:attachment":[{"href":"https:\/\/ab-marineservice.com\/de\/wp-json\/wp\/v2\/media?parent=365774"}],"wp:term":[{"taxonomy":"location","embeddable":true,"href":"https:\/\/ab-marineservice.com\/de\/wp-json\/wp\/v2\/location?post=365774"},{"taxonomy":"product_brand","embeddable":true,"href":"https:\/\/ab-marineservice.com\/de\/wp-json\/wp\/v2\/product_brand?post=365774"},{"taxonomy":"product_cat","embeddable":true,"href":"https:\/\/ab-marineservice.com\/de\/wp-json\/wp\/v2\/product_cat?post=365774"},{"taxonomy":"product_tag","embeddable":true,"href":"https:\/\/ab-marineservice.com\/de\/wp-json\/wp\/v2\/product_tag?post=365774"}],"curies":[{"name":"wp","href":"https:\/\/api.w.org\/{rel}","templated":true}]}}