{"id":365775,"date":"2025-06-15T16:15:55","date_gmt":"2025-06-15T14:15:55","guid":{"rendered":"https:\/\/ab-marineservice.com\/product\/welding-fluid\/"},"modified":"2025-11-20T18:09:41","modified_gmt":"2025-11-20T17:09:41","slug":"welding-fluid-2","status":"publish","type":"product","link":"https:\/\/ab-marineservice.com\/de\/produkt\/welding-fluid-2\/","title":{"rendered":"Welding Fluid \u2013 208 Liter"},"content":{"rendered":"<p>Welding Fluid ist ein Spezialk\u00fchlmittel f\u00fcr den Einsatz in fl\u00fcssigkeitsgek\u00fchlten Schwei\u00dfger\u00e4ten. Dieses Produkt basiert auf 1.2-Ethanediol und besonders weichem Wasser. Dank seiner sorgf\u00e4ltig ausgewogenen Additive bietet es folgende Eigenschaften:<\/p>\n<ul>\n<li>Greift Dichtungen und Schl\u00e4uche nicht an<\/li>\n<li>Sch\u00fctzt Metallteile von Schwei\u00dfger\u00e4ten \u00e4u\u00dferst effektiv vor Korrosion<\/li>\n<li>Hocheffiziente Schaumunterdr\u00fcckung<\/li>\n<li>Dank der hohen Viskosit\u00e4t wird der Kopf der Schwei\u00dfpistole wirkungsvoll gek\u00fchlt<\/li>\n<li>Gute Schmierwirkung, um die Pumpe zu schmieren<\/li>\n<li>Ausgezeichnete W\u00e4rmetauscheigenschaften<\/li>\n<li>Klumpen- und kristallfreie Fl\u00fcssigkeit<\/li>\n<\/ul>\n<h4>Typische Standardanalysen<\/h4>\n<table class=\"table analyse-table\">\n<tr>\n<td>Dichte bei 15 \u00b0C<\/td>\n<td>\n<b>1,068<\/b>  kg\/l<\/td>\n<\/tr>\n<tr>\n<td>pH &#8211; Wert<\/td>\n<td>\n<b>8,6<\/b> <\/td>\n<\/tr>\n<tr>\n<td>Reservealkalit\u00e4t<\/td>\n<td>\n<b>8,0<\/b>  pH<\/td>\n<\/tr>\n<tr>\n<td>Kristallisationspunkt<\/td>\n<td>\n<b>-26<\/b>  \u00b0C<\/td>\n<\/tr>\n<\/table>\n","protected":false},"excerpt":{"rendered":"<p>Welding Fluid ist ein Spezialk\u00fchlmittel f\u00fcr den Einsatz in Schwei\u00dfger\u00e4ten mit K\u00fchlsystem. Welding Fluid sollte unverd\u00fcnnt eingesetzt werden und bietet dann Schutz bis zu -26 \u00b0C.<\/p>\n","protected":false},"featured_media":363317,"comment_status":"open","ping_status":"open","template":"","meta":[],"location":[4275,4276],"product_brand":[25894],"product_cat":[2187,9884],"product_tag":[],"class_list":{"0":"post-365775","1":"product","2":"type-product","3":"status-publish","4":"has-post-thumbnail","6":"location-aes-emmeloord","7":"location-aes-lemmer","8":"product_brand-kroon-oil","9":"product_cat-schmiermittel","10":"product_cat-kroon-oil","11":"product_shipping_class-paket-0-10-kg","13":"first","14":"onbackorder","15":"sale","16":"taxable","17":"shipping-taxable","18":"purchasable","19":"product-type-simple"},"group_of_quantity":0,"min_quantity":0,"max_quantity":"","exclude_order_quantity_value_rules":"no","exclude_category_quantity_rules":"no","combine_variations":"no","locations":[{"id":4275,"name":"AES Emmeloord","slug":"aes-emmeloord","quantity":""},{"id":4276,"name":"AES Lemmer","slug":"aes-lemmer","quantity":""}],"_links":{"self":[{"href":"https:\/\/ab-marineservice.com\/de\/wp-json\/wp\/v2\/product\/365775","targetHints":{"allow":["GET"]}}],"collection":[{"href":"https:\/\/ab-marineservice.com\/de\/wp-json\/wp\/v2\/product"}],"about":[{"href":"https:\/\/ab-marineservice.com\/de\/wp-json\/wp\/v2\/types\/product"}],"replies":[{"embeddable":true,"href":"https:\/\/ab-marineservice.com\/de\/wp-json\/wp\/v2\/comments?post=365775"}],"wp:featuredmedia":[{"embeddable":true,"href":"https:\/\/ab-marineservice.com\/de\/wp-json\/wp\/v2\/media\/363317"}],"wp:attachment":[{"href":"https:\/\/ab-marineservice.com\/de\/wp-json\/wp\/v2\/media?parent=365775"}],"wp:term":[{"taxonomy":"location","embeddable":true,"href":"https:\/\/ab-marineservice.com\/de\/wp-json\/wp\/v2\/location?post=365775"},{"taxonomy":"product_brand","embeddable":true,"href":"https:\/\/ab-marineservice.com\/de\/wp-json\/wp\/v2\/product_brand?post=365775"},{"taxonomy":"product_cat","embeddable":true,"href":"https:\/\/ab-marineservice.com\/de\/wp-json\/wp\/v2\/product_cat?post=365775"},{"taxonomy":"product_tag","embeddable":true,"href":"https:\/\/ab-marineservice.com\/de\/wp-json\/wp\/v2\/product_tag?post=365775"}],"curies":[{"name":"wp","href":"https:\/\/api.w.org\/{rel}","templated":true}]}}