{"id":365784,"date":"2025-06-15T16:16:46","date_gmt":"2025-06-15T14:16:46","guid":{"rendered":"https:\/\/ab-marineservice.com\/product\/sp-matic-2032\/"},"modified":"2026-05-04T15:28:03","modified_gmt":"2026-05-04T13:28:03","slug":"sp-matic-2032-3","status":"publish","type":"product","link":"https:\/\/ab-marineservice.com\/de\/produkt\/sp-matic-2032-3\/","title":{"rendered":"SP Matic 2032 \u2013 208 Liter"},"content":{"rendered":"<p>SP Matic 2032 ist ein synthetisches Langzeit-Automatikgetriebe\u00f6l von hoher Qualit\u00e4t, das speziell f\u00fcr Automatikgetriebe mit kontinuierlicher Wandlerkupplung entwickelt wurde. Dieses Produkt bietet folgende Eigenschaften:<\/p>\n<ul>\n<li>Ausgezeichnete Oxidationsstabilit\u00e4t: l\u00e4ngere Lebensdauer<\/li>\n<li>Hervorragendes Schmierverm\u00f6gen: optimaler Schutz<\/li>\n<li>Hocheffektiver Schutz vor Korrosion und Schaumbildung: umfassende Schutzwirkung<\/li>\n<li>Extrem niedriger Flie\u00dfpunkt erlaubt Einsatz auch bei Tiefsttemperaturen.<\/li>\n<li>Greift Dichtungen nicht an: Verhindert Leckage.<\/li>\n<\/ul>\n<h4>Produktdaten<\/h4>\n<ul>\n<li>Allison C4 \/ TES-389<\/li>\n<li>Cat TO-2<\/li>\n<li>DTFR 13C100 \/ 13C140 \/ 13C170<\/li>\n<li>Ford Mercon \/ M2C138-CJ \/ 166-H<\/li>\n<li>GM Dexron IID \/ IIE \/ IIIF \/ IIIG \/ IIIH<\/li>\n<li>MAN 339 Typ Z1 \/ V1 \/ Z2 \/ V2<\/li>\n<li>MB 236.1\/236.5\/236.6\/236.7\/236.9\/236.10\/236.93<\/li>\n<li>Voith 55.6335 \/ 55.6336<\/li>\n<li>Volvo 97340 \/ 97341<\/li>\n<li>ZF TE-ML 02F\/03D\/04D\/09\/11A\/11B\/14A\/14B\/16L\/17C<\/li>\n<\/ul>\n<h4>Typische Standardanalysen<\/h4>\n<table class=\"table analyse-table\">\n<tr>\n<td>Dichte bei 15 \u00b0C<\/td>\n<td>\n<b>0,849<\/b>  kg\/l<\/td>\n<\/tr>\n<tr>\n<td>Viskosit\u00e4t 40 \u00b0C<\/td>\n<td>\n<b>34,70<\/b>  mm\u00b2\/s<\/td>\n<\/tr>\n<tr>\n<td>Viskosit\u00e4t 100 \u00b0C<\/td>\n<td>\n<b>7,40<\/b>  mm\u00b2\/s<\/td>\n<\/tr>\n<tr>\n<td>Viskosit\u00e4tsindex<\/td>\n<td>\n<b>188<\/b> <\/td>\n<\/tr>\n<tr>\n<td>Flammpunkt COC<\/td>\n<td>\n<b>250<\/b>  \u00b0C<\/td>\n<\/tr>\n<tr>\n<td>Flie\u00dfpunkt<\/td>\n<td>\n<b>-48<\/b>  \u00b0C<\/td>\n<\/tr>\n<tr>\n<td>Basenzahl<\/td>\n<td>\n<b>0,9<\/b>  mgKOH\/g<\/td>\n<\/tr>\n<\/table>\n","protected":false},"excerpt":{"rendered":"<p>SP Matic 2032 ist f\u00fcr automatische Getriebe mit stufenloser Wandler\u00fcberbr\u00fcckung geeignet und wird h\u00e4ufig in den Automatikgetrieben vieler renommierter Automobilhersteller verwendet. Zur korrekten Anwendung siehe Kroon-Oil Datenbank \u201eProduktberatung\u201c.<\/p>\n","protected":false},"featured_media":363353,"comment_status":"open","ping_status":"open","template":"","meta":[],"location":[4275,4276],"product_brand":[25894],"product_cat":[2187,9884],"product_tag":[],"class_list":{"0":"post-365784","1":"product","2":"type-product","3":"status-publish","4":"has-post-thumbnail","6":"location-aes-emmeloord","7":"location-aes-lemmer","8":"product_brand-kroon-oil","9":"product_cat-schmiermittel","10":"product_cat-kroon-oil","11":"product_shipping_class-palettenversand","13":"first","14":"onbackorder","15":"sale","16":"taxable","17":"shipping-taxable","18":"purchasable","19":"product-type-simple"},"group_of_quantity":0,"min_quantity":0,"max_quantity":"","exclude_order_quantity_value_rules":"no","exclude_category_quantity_rules":"no","combine_variations":"no","locations":[{"id":4275,"name":"AES Emmeloord","slug":"aes-emmeloord","quantity":""},{"id":4276,"name":"AES Lemmer","slug":"aes-lemmer","quantity":""}],"_links":{"self":[{"href":"https:\/\/ab-marineservice.com\/de\/wp-json\/wp\/v2\/product\/365784","targetHints":{"allow":["GET"]}}],"collection":[{"href":"https:\/\/ab-marineservice.com\/de\/wp-json\/wp\/v2\/product"}],"about":[{"href":"https:\/\/ab-marineservice.com\/de\/wp-json\/wp\/v2\/types\/product"}],"replies":[{"embeddable":true,"href":"https:\/\/ab-marineservice.com\/de\/wp-json\/wp\/v2\/comments?post=365784"}],"wp:featuredmedia":[{"embeddable":true,"href":"https:\/\/ab-marineservice.com\/de\/wp-json\/wp\/v2\/media\/363353"}],"wp:attachment":[{"href":"https:\/\/ab-marineservice.com\/de\/wp-json\/wp\/v2\/media?parent=365784"}],"wp:term":[{"taxonomy":"location","embeddable":true,"href":"https:\/\/ab-marineservice.com\/de\/wp-json\/wp\/v2\/location?post=365784"},{"taxonomy":"product_brand","embeddable":true,"href":"https:\/\/ab-marineservice.com\/de\/wp-json\/wp\/v2\/product_brand?post=365784"},{"taxonomy":"product_cat","embeddable":true,"href":"https:\/\/ab-marineservice.com\/de\/wp-json\/wp\/v2\/product_cat?post=365784"},{"taxonomy":"product_tag","embeddable":true,"href":"https:\/\/ab-marineservice.com\/de\/wp-json\/wp\/v2\/product_tag?post=365784"}],"curies":[{"name":"wp","href":"https:\/\/api.w.org\/{rel}","templated":true}]}}