{"id":365786,"date":"2025-06-15T16:16:46","date_gmt":"2025-06-15T14:16:46","guid":{"rendered":"https:\/\/ab-marineservice.com\/product\/coolant-sp-11\/"},"modified":"2025-11-20T18:09:38","modified_gmt":"2025-11-20T17:09:38","slug":"coolant-sp-11-2","status":"publish","type":"product","link":"https:\/\/ab-marineservice.com\/de\/produkt\/coolant-sp-11-2\/","title":{"rendered":"Coolant SP 11 \u2013 20 Liter"},"content":{"rendered":"<p>Coolant SP 11 ist ein gebrauchsfertiges, hochwertiges Langzeit-K\u00fchlmittel (Frostschutz bis -37 \u00b0C), das auf einer patentierten, silikatfreien Technologie mit Carboxyls\u00e4uren basiert. Aufgrund dieser Technologie gew\u00e4hrleistet Coolant SP 11 einen l\u00e4nger wirksamen Korrosionsschutz als herk\u00f6mmliche Frostschutzmittel, wodurch empfindliche Teile wie K\u00fchler, Wasserpumpe und Dichtungen eine l\u00e4ngere Lebensdauer bieten. Wirkungsvolle Spezialadditive verhindern zudem Schlamm und Ablagerungen im K\u00fchler, wodurch eine optimale K\u00fchlleistung \u00fcber lange Zeit gesichert ist. Coolant SP 11 wurde speziell f\u00fcr K\u00fchlsysteme aus Leichtmetall wie Aluminium, Magnesium bzw. deren Legierungen entwickelt.<\/p>\n<h4>Produktdaten<\/h4>\n<ul>\n<li>ASTM D3306<\/li>\n<li>BMW N 600 69.0<\/li>\n<li>DTFR 29D100<\/li>\n<li>MAN 324-NF<\/li>\n<li>MB 326.0<\/li>\n<li>Opel\/GM QL 130100<\/li>\n<li>Porsche\/Audi\/Seat\/Skoda TL-774C (G11)<\/li>\n<li>Saab\/GM 6901 599<\/li>\n<\/ul>\n<h4>Typische Standardanalysen<\/h4>\n<table class=\"table analyse-table\">\n<tr>\n<td>Dichte bei 15 \u00b0C<\/td>\n<td>\n<b>1,077<\/b>  kg\/l<\/td>\n<\/tr>\n<tr>\n<td>pH &#8211; Wert<\/td>\n<td>\n<b>7,6<\/b> <\/td>\n<\/tr>\n<\/table>\n","protected":false},"excerpt":{"rendered":"<p>Coolant SP 11 ist ein blaues\/gr\u00fcn, gebrauchsfertiges K\u00fchlmittel f\u00fcr diverse Modelle von Mercedes, BMW, Opel und Saab sowie der VAG-Gruppe (VW\/Audi\/Porsche\/Seat\/Skoda) mit der Qualit\u00e4tsanforderung G11. Dank wirkungsvoller Korrosionshemmer altert Coolant SP 11 praktisch nicht und h\u00e4lt daher deutlich l\u00e4nger als herk\u00f6mmliche K\u00fchlmittel. Die beste Wirkung wird jedoch nur bei einer 100%-F\u00fcllung erzielt.<\/p>\n","protected":false},"featured_media":363361,"comment_status":"open","ping_status":"open","template":"","meta":[],"location":[4275,4276],"product_brand":[25894],"product_cat":[2187,9884],"product_tag":[],"class_list":{"0":"post-365786","1":"product","2":"type-product","3":"status-publish","4":"has-post-thumbnail","6":"location-aes-emmeloord","7":"location-aes-lemmer","8":"product_brand-kroon-oil","9":"product_cat-schmiermittel","10":"product_cat-kroon-oil","11":"product_shipping_class-paket-0-10-kg","13":"first","14":"onbackorder","15":"sale","16":"taxable","17":"shipping-taxable","18":"purchasable","19":"product-type-simple"},"group_of_quantity":0,"min_quantity":0,"max_quantity":"","exclude_order_quantity_value_rules":"no","exclude_category_quantity_rules":"no","combine_variations":"no","locations":[{"id":4275,"name":"AES Emmeloord","slug":"aes-emmeloord","quantity":""},{"id":4276,"name":"AES Lemmer","slug":"aes-lemmer","quantity":""}],"_links":{"self":[{"href":"https:\/\/ab-marineservice.com\/de\/wp-json\/wp\/v2\/product\/365786","targetHints":{"allow":["GET"]}}],"collection":[{"href":"https:\/\/ab-marineservice.com\/de\/wp-json\/wp\/v2\/product"}],"about":[{"href":"https:\/\/ab-marineservice.com\/de\/wp-json\/wp\/v2\/types\/product"}],"replies":[{"embeddable":true,"href":"https:\/\/ab-marineservice.com\/de\/wp-json\/wp\/v2\/comments?post=365786"}],"wp:featuredmedia":[{"embeddable":true,"href":"https:\/\/ab-marineservice.com\/de\/wp-json\/wp\/v2\/media\/363361"}],"wp:attachment":[{"href":"https:\/\/ab-marineservice.com\/de\/wp-json\/wp\/v2\/media?parent=365786"}],"wp:term":[{"taxonomy":"location","embeddable":true,"href":"https:\/\/ab-marineservice.com\/de\/wp-json\/wp\/v2\/location?post=365786"},{"taxonomy":"product_brand","embeddable":true,"href":"https:\/\/ab-marineservice.com\/de\/wp-json\/wp\/v2\/product_brand?post=365786"},{"taxonomy":"product_cat","embeddable":true,"href":"https:\/\/ab-marineservice.com\/de\/wp-json\/wp\/v2\/product_cat?post=365786"},{"taxonomy":"product_tag","embeddable":true,"href":"https:\/\/ab-marineservice.com\/de\/wp-json\/wp\/v2\/product_tag?post=365786"}],"curies":[{"name":"wp","href":"https:\/\/api.w.org\/{rel}","templated":true}]}}