{"id":365792,"date":"2025-06-15T16:17:40","date_gmt":"2025-06-15T14:17:40","guid":{"rendered":"https:\/\/ab-marineservice.com\/product\/copper-plus\/"},"modified":"2025-11-20T18:09:02","modified_gmt":"2025-11-20T17:09:02","slug":"copper-plus-2","status":"publish","type":"product","link":"https:\/\/ab-marineservice.com\/de\/produkt\/copper-plus-2\/","title":{"rendered":"Copper + Plus \u2013 50 kg"},"content":{"rendered":"<p>Copper + Plus ist eine bleifreie Korrosionsschutzpaste. Das Produkt basiert auf nicht schmelzenden Bentonitfetten mit feinverteilten Kupferteilchen, durch starke Oxidations- und Korrosionsinhibitoren erg\u00e4nzt. <br \/>Copper + Plus bildet einen Film zwischen den Metallteilen, der sehr hohen Temperaturen widersteht (bis 1100 \u00b0C).<br \/>Daneben bietet Copper + Plus effektiven Schutz vor Korrosion, Feuchtigkeit und Vibrationen. Das Produkt ist s\u00e4ure-, wasser-, salz- und laugenbest\u00e4ndig.<\/p>\n<h4>Typische Standardanalysen<\/h4>\n<table class=\"table analyse-table\">\n<tr>\n<td>Dichte bei 15 \u00b0C<\/td>\n<td>\n<b>0,900<\/b>  kg\/l<\/td>\n<\/tr>\n<tr>\n<td>Walkpenetration bei 25 \u00b0C<\/td>\n<td>\n<b>265-295<\/b>  0<\/td>\n<\/tr>\n<tr>\n<td>Tropfpunkt<\/td>\n<td>\n<b>&gt;300<\/b>  \u00b0C<\/td>\n<\/tr>\n<tr>\n<td>Temperaturbereich<\/td>\n<td>\n<b>-40\/+1100<\/b>  \u00b0C<\/td>\n<\/tr>\n<\/table>\n","protected":false},"excerpt":{"rendered":"<p>Copper + Plus ist eine hitzefeste, bleifreie Montagepaste Sie sch\u00fctzt metallische Verbindungen bei hohen Temperaturen, Wasser- oder Chemikalienkontakt vor Rost und Verschlei\u00df. Durch Verwendung von Copper + Plus k\u00f6nnen Metallverbindungen selbst nach mehreren Jahren problemlos getrennt werden. Copper + Plus zwischen Bremskolben und Bremsklotz-F\u00fchrungsscheibe verhindert unangenehme Ger\u00e4usche. ACHTUNG! Niemals auf Bremsscheiben auftragen!<\/p>\n","protected":false},"featured_media":363376,"comment_status":"open","ping_status":"open","template":"","meta":[],"location":[4275,4276],"product_brand":[25894],"product_cat":[2187,9884],"product_tag":[],"class_list":{"0":"post-365792","1":"product","2":"type-product","3":"status-publish","4":"has-post-thumbnail","6":"location-aes-emmeloord","7":"location-aes-lemmer","8":"product_brand-kroon-oil","9":"product_cat-schmiermittel","10":"product_cat-kroon-oil","11":"product_shipping_class-paket-0-10-kg","13":"first","14":"onbackorder","15":"sale","16":"taxable","17":"shipping-taxable","18":"purchasable","19":"product-type-simple"},"group_of_quantity":0,"min_quantity":0,"max_quantity":"","exclude_order_quantity_value_rules":"no","exclude_category_quantity_rules":"no","combine_variations":"no","locations":[{"id":4275,"name":"AES Emmeloord","slug":"aes-emmeloord","quantity":""},{"id":4276,"name":"AES Lemmer","slug":"aes-lemmer","quantity":""}],"_links":{"self":[{"href":"https:\/\/ab-marineservice.com\/de\/wp-json\/wp\/v2\/product\/365792","targetHints":{"allow":["GET"]}}],"collection":[{"href":"https:\/\/ab-marineservice.com\/de\/wp-json\/wp\/v2\/product"}],"about":[{"href":"https:\/\/ab-marineservice.com\/de\/wp-json\/wp\/v2\/types\/product"}],"replies":[{"embeddable":true,"href":"https:\/\/ab-marineservice.com\/de\/wp-json\/wp\/v2\/comments?post=365792"}],"wp:featuredmedia":[{"embeddable":true,"href":"https:\/\/ab-marineservice.com\/de\/wp-json\/wp\/v2\/media\/363376"}],"wp:attachment":[{"href":"https:\/\/ab-marineservice.com\/de\/wp-json\/wp\/v2\/media?parent=365792"}],"wp:term":[{"taxonomy":"location","embeddable":true,"href":"https:\/\/ab-marineservice.com\/de\/wp-json\/wp\/v2\/location?post=365792"},{"taxonomy":"product_brand","embeddable":true,"href":"https:\/\/ab-marineservice.com\/de\/wp-json\/wp\/v2\/product_brand?post=365792"},{"taxonomy":"product_cat","embeddable":true,"href":"https:\/\/ab-marineservice.com\/de\/wp-json\/wp\/v2\/product_cat?post=365792"},{"taxonomy":"product_tag","embeddable":true,"href":"https:\/\/ab-marineservice.com\/de\/wp-json\/wp\/v2\/product_tag?post=365792"}],"curies":[{"name":"wp","href":"https:\/\/api.w.org\/{rel}","templated":true}]}}