{"id":365793,"date":"2025-06-15T16:17:40","date_gmt":"2025-06-15T14:17:40","guid":{"rendered":"https:\/\/ab-marineservice.com\/product\/sp-fluid-3013\/"},"modified":"2025-11-20T18:08:34","modified_gmt":"2025-11-20T17:08:34","slug":"sp-fluid-3013-2","status":"publish","type":"product","link":"https:\/\/ab-marineservice.com\/de\/produkt\/sp-fluid-3013-2\/","title":{"rendered":"SP Fluid 3013 \u2013 60 Liter"},"content":{"rendered":"<p>SP Fluid 3013 ist ein synthetisches Spezialhydraulik\u00f6l, das auf hochwertigen Grund\u00f6len basiert, die durch Additive erg\u00e4nzt werden, um folgende exklusive Eigenschaften zu bieten:<\/p>\n<ul>\n<li>Ein sehr hoher Viskosit\u00e4tsindex (>300!) gew\u00e4hrleistet stets die passende Viskosit\u00e4t: Das Produkt beh\u00e4lt selbst bei Extremtemperaturen seine optimale Flie\u00dff\u00e4higkeit<\/li>\n<li>Dank eines extrem niedrigen Flie\u00dfpunktes kann das Produkt auch bei tiefen Temperaturen eingesetzt werden<\/li>\n<li>Hocheffiziente Schaumunterdr\u00fcckung: Sicherheit<\/li>\n<li>Greift Dichtungen nicht an: Verhindert Leckage<\/li>\n<\/ul>\n<h4>Produktdaten<\/h4>\n<ul>\n<li>DIN 51524-T3<\/li>\n<li>ISO 7308<\/li>\n<li>MAN M 3289<\/li>\n<li>PSA S71 2710<\/li>\n<li>VW G 002 000 (TL 52146)<\/li>\n<li>MB 345.0<\/li>\n<\/ul>\n<h4>Typische Standardanalysen<\/h4>\n<table class=\"table analyse-table\">\n<tr>\n<td>Dichte bei 15 \u00b0C<\/td>\n<td>\n<b>0,818<\/b>  kg\/l<\/td>\n<\/tr>\n<tr>\n<td>Viskosit\u00e4t -20 \u00b0C<\/td>\n<td>\n<b>247<\/b>  mm\u00b2\/s<\/td>\n<\/tr>\n<tr>\n<td>Viskosit\u00e4t 40 \u00b0C<\/td>\n<td>\n<b>17,89<\/b>  mm\u00b2\/s<\/td>\n<\/tr>\n<tr>\n<td>Viskosit\u00e4t 100 \u00b0C<\/td>\n<td>\n<b>6,11<\/b>  mm\u00b2\/s<\/td>\n<\/tr>\n<tr>\n<td>Viskosit\u00e4tsindex<\/td>\n<td>\n<b>339<\/b> <\/td>\n<\/tr>\n<tr>\n<td>Flammpunkt COC<\/td>\n<td>\n<b>173<\/b>  \u00b0C<\/td>\n<\/tr>\n<tr>\n<td>Flie\u00dfpunkt<\/td>\n<td>\n<b>-62<\/b>  \u00b0C<\/td>\n<\/tr>\n<\/table>\n","protected":false},"excerpt":{"rendered":"<p>SP Fluid 3013 ist ein Hydraulik\u00f6l, das sich f\u00fcr eine Vielzahl von Hydrauliksystemen anbietet, wie z. B.: Lenkhilfesysteme, Niveauregelungen, hydropneumatische Federungen, Sto\u00dfd\u00e4mpfer, hydrostatische Antriebe, ABS\/ASR- und ASC-Systeme, hydraulisch bet\u00e4tigte Kupplungen und elektrohydraulische Faltdachsysteme usw. Zur korrekten Anwendung siehe Kroon-Oil Datenbank \u201eProduktberatung\u201c.<\/p>\n","protected":false},"featured_media":363380,"comment_status":"open","ping_status":"open","template":"","meta":[],"location":[4275,4276],"product_brand":[25894],"product_cat":[2187,9884],"product_tag":[],"class_list":{"0":"post-365793","1":"product","2":"type-product","3":"status-publish","4":"has-post-thumbnail","6":"location-aes-emmeloord","7":"location-aes-lemmer","8":"product_brand-kroon-oil","9":"product_cat-schmiermittel","10":"product_cat-kroon-oil","11":"product_shipping_class-paket-0-10-kg","13":"first","14":"onbackorder","15":"sale","16":"taxable","17":"shipping-taxable","18":"purchasable","19":"product-type-simple"},"group_of_quantity":0,"min_quantity":0,"max_quantity":"","exclude_order_quantity_value_rules":"no","exclude_category_quantity_rules":"no","combine_variations":"no","locations":[{"id":4275,"name":"AES Emmeloord","slug":"aes-emmeloord","quantity":""},{"id":4276,"name":"AES Lemmer","slug":"aes-lemmer","quantity":""}],"_links":{"self":[{"href":"https:\/\/ab-marineservice.com\/de\/wp-json\/wp\/v2\/product\/365793","targetHints":{"allow":["GET"]}}],"collection":[{"href":"https:\/\/ab-marineservice.com\/de\/wp-json\/wp\/v2\/product"}],"about":[{"href":"https:\/\/ab-marineservice.com\/de\/wp-json\/wp\/v2\/types\/product"}],"replies":[{"embeddable":true,"href":"https:\/\/ab-marineservice.com\/de\/wp-json\/wp\/v2\/comments?post=365793"}],"wp:featuredmedia":[{"embeddable":true,"href":"https:\/\/ab-marineservice.com\/de\/wp-json\/wp\/v2\/media\/363380"}],"wp:attachment":[{"href":"https:\/\/ab-marineservice.com\/de\/wp-json\/wp\/v2\/media?parent=365793"}],"wp:term":[{"taxonomy":"location","embeddable":true,"href":"https:\/\/ab-marineservice.com\/de\/wp-json\/wp\/v2\/location?post=365793"},{"taxonomy":"product_brand","embeddable":true,"href":"https:\/\/ab-marineservice.com\/de\/wp-json\/wp\/v2\/product_brand?post=365793"},{"taxonomy":"product_cat","embeddable":true,"href":"https:\/\/ab-marineservice.com\/de\/wp-json\/wp\/v2\/product_cat?post=365793"},{"taxonomy":"product_tag","embeddable":true,"href":"https:\/\/ab-marineservice.com\/de\/wp-json\/wp\/v2\/product_tag?post=365793"}],"curies":[{"name":"wp","href":"https:\/\/api.w.org\/{rel}","templated":true}]}}