{"id":365801,"date":"2025-06-15T16:18:31","date_gmt":"2025-06-15T14:18:31","guid":{"rendered":"https:\/\/ab-marineservice.com\/product\/agrifluid-ht-plus\/"},"modified":"2025-11-20T18:08:08","modified_gmt":"2025-11-20T17:08:08","slug":"agrifluid-ht-plus-4","status":"publish","type":"product","link":"https:\/\/ab-marineservice.com\/de\/produkt\/agrifluid-ht-plus-4\/","title":{"rendered":"Agrifluid HT-Plus \u2013 208 Liter"},"content":{"rendered":"<p>Agrifluid HT-Plus ist ein modernes Premium-Hydraulikgetriebe\u00f6l. Das Produkt basiert auf hochwertigen Grund\u00f6len und einer fortschrittlichen Additivkombination. Ein speziell formuliertes Universal-Hydraulikgetriebe\u00f6l der neuesten Generation. Agrifluid HT-Plus besitzt folgende Eigenschaften: <\/p>\n<ul>\n<li>Hoher und stabiler Viskosit\u00e4tsindex<\/li>\n<li>Hervorragende Best\u00e4ndigkeit gegen mechanische Beanspruchung<\/li>\n<li>Sehr geringe Fl\u00fcchtigkeit, wodurch weniger \u00d6l w\u00e4hrend des Betriebs verdampft<\/li>\n<li>Sehr niedriger Flie\u00dfpunkt<\/li>\n<li>Ausgezeichnete Oxidationsstabilit\u00e4t<\/li>\n<li>Hohe thermische Stabilit\u00e4t<\/li>\n<li>\u00dcberlegene Extremdruck- und Verschlei\u00dffestigkeit<\/li>\n<li>Optimierte Reibungseigenschaften und daher Eignung f\u00fcr Nassbremsen<\/li>\n<li>Hocheffektiver Schutz vor Korrosion und Schaumbildung<\/li>\n<\/ul>\n<h4>Produktdaten<\/h4>\n<ul>\n<li>API GL-4<\/li>\n<li>Allison C4<\/li>\n<li>Cat TO-2<\/li>\n<li>Case MS 1210<\/li>\n<li>CNH MAT 3540 \/ 3525<\/li>\n<li>FNHA-2-C-200.00 \/ 201.00<\/li>\n<li>Ford M2C86-C \/ M2C134-D<\/li>\n<li>John Deere J20C\/D<\/li>\n<li>Massey Ferguson M1141 \/ M1143 \/ M1145<\/li>\n<li>Valtra G2-08<\/li>\n<li>Volvo WB 101 (97303)<\/li>\n<li>ZF TE-ML 03E \/ 05F \/ 06K \/ 17E \/ 21F<\/li>\n<\/ul>\n<h4>Typische Standardanalysen<\/h4>\n<table class=\"table analyse-table\">\n<tr>\n<td>Dichte bei 15 \u00b0C<\/td>\n<td>\n<b>0,868<\/b>  kg\/l<\/td>\n<\/tr>\n<tr>\n<td>Viskosit\u00e4t -25 \u00b0C<\/td>\n<td>\n<b>6220<\/b>  mPa.s<\/td>\n<\/tr>\n<tr>\n<td>Viskosit\u00e4t 40 \u00b0C<\/td>\n<td>\n<b>59,80<\/b>  mm\u00b2\/s<\/td>\n<\/tr>\n<tr>\n<td>Viskosit\u00e4t 100 \u00b0C<\/td>\n<td>\n<b>9,58<\/b>  mm\u00b2\/s<\/td>\n<\/tr>\n<tr>\n<td>Viskosit\u00e4tsindex<\/td>\n<td>\n<b>143<\/b> <\/td>\n<\/tr>\n<tr>\n<td>Flammpunkt COC<\/td>\n<td>\n<b>235<\/b>  \u00b0C<\/td>\n<\/tr>\n<tr>\n<td>Flie\u00dfpunkt<\/td>\n<td>\n<b>-45<\/b>  \u00b0C<\/td>\n<\/tr>\n<tr>\n<td>Basenzahl<\/td>\n<td>\n<b>6,4<\/b>  mgKOH\/g<\/td>\n<\/tr>\n<tr>\n<td>Sulfataschegehalt<\/td>\n<td>\n<b>1,49<\/b>  %<\/td>\n<\/tr>\n<\/table>\n","protected":false},"excerpt":{"rendered":"<p>Agrifluid HT-Plus ist ein hochwertiges Universaltraktorgetriebe\u00f6l (UTTO) der neuesten Generation. Dieses Produkt wurde speziell f\u00fcr Hochlast-Hydraulik- und -Getriebesysteme entwickelt, die in den meisten modernen Landwirtschafts- und Erdbewegungsmaschinen mit oder ohne Nassbremsen verbaut werden. Agrifluid HT-Plus eignet sich zudem hervorragend f\u00fcr bestimmte stufenlose Getriebe (CVT) in Landwirtschafts- und Erdbewegungsmaschinen.<\/p>\n","protected":false},"featured_media":363412,"comment_status":"open","ping_status":"open","template":"","meta":[],"location":[4275,4276],"product_brand":[25894],"product_cat":[2187,9884],"product_tag":[],"class_list":{"0":"post-365801","1":"product","2":"type-product","3":"status-publish","4":"has-post-thumbnail","6":"location-aes-emmeloord","7":"location-aes-lemmer","8":"product_brand-kroon-oil","9":"product_cat-schmiermittel","10":"product_cat-kroon-oil","11":"product_shipping_class-paket-0-10-kg","13":"first","14":"onbackorder","15":"sale","16":"taxable","17":"shipping-taxable","18":"purchasable","19":"product-type-simple"},"group_of_quantity":0,"min_quantity":0,"max_quantity":"","exclude_order_quantity_value_rules":"no","exclude_category_quantity_rules":"no","combine_variations":"no","locations":[{"id":4275,"name":"AES Emmeloord","slug":"aes-emmeloord","quantity":""},{"id":4276,"name":"AES Lemmer","slug":"aes-lemmer","quantity":""}],"_links":{"self":[{"href":"https:\/\/ab-marineservice.com\/de\/wp-json\/wp\/v2\/product\/365801","targetHints":{"allow":["GET"]}}],"collection":[{"href":"https:\/\/ab-marineservice.com\/de\/wp-json\/wp\/v2\/product"}],"about":[{"href":"https:\/\/ab-marineservice.com\/de\/wp-json\/wp\/v2\/types\/product"}],"replies":[{"embeddable":true,"href":"https:\/\/ab-marineservice.com\/de\/wp-json\/wp\/v2\/comments?post=365801"}],"wp:featuredmedia":[{"embeddable":true,"href":"https:\/\/ab-marineservice.com\/de\/wp-json\/wp\/v2\/media\/363412"}],"wp:attachment":[{"href":"https:\/\/ab-marineservice.com\/de\/wp-json\/wp\/v2\/media?parent=365801"}],"wp:term":[{"taxonomy":"location","embeddable":true,"href":"https:\/\/ab-marineservice.com\/de\/wp-json\/wp\/v2\/location?post=365801"},{"taxonomy":"product_brand","embeddable":true,"href":"https:\/\/ab-marineservice.com\/de\/wp-json\/wp\/v2\/product_brand?post=365801"},{"taxonomy":"product_cat","embeddable":true,"href":"https:\/\/ab-marineservice.com\/de\/wp-json\/wp\/v2\/product_cat?post=365801"},{"taxonomy":"product_tag","embeddable":true,"href":"https:\/\/ab-marineservice.com\/de\/wp-json\/wp\/v2\/product_tag?post=365801"}],"curies":[{"name":"wp","href":"https:\/\/api.w.org\/{rel}","templated":true}]}}