{"id":365810,"date":"2025-06-15T16:19:23","date_gmt":"2025-06-15T14:19:23","guid":{"rendered":"https:\/\/ab-marineservice.com\/product\/sp-matic-4016\/"},"modified":"2025-11-20T18:07:49","modified_gmt":"2025-11-20T17:07:49","slug":"sp-matic-4016-4","status":"publish","type":"product","link":"https:\/\/ab-marineservice.com\/de\/produkt\/sp-matic-4016-4\/","title":{"rendered":"SP Matic 4016 \u2013 60 Liter"},"content":{"rendered":"<p>SP Matic 4016 ist ein synthetisches, multifunktionelles Automatikgetriebe\u00f6l. Das Produkt eignet sich insbesondere f\u00fcr stufenlose Automatikgetriebe, die als CVT bezeichnet werden. Dank der Verwendung von modernsten Additiven und hochwertigen synthetischen Grund\u00f6len bietet SP Matic 4016 die folgenden Eigenschaften:<\/p>\n<ul>\n<li>Spezifische Reibeigenschaften f\u00fcr CVT-Getriebe<\/li>\n<li>Extrem hohe Oxidationsstabilit\u00e4t<\/li>\n<li>Ausgezeichnete Verschlei\u00dfschutzeigenschaften<\/li>\n<li>Stark minimierte Schaumneigung<\/li>\n<li>Hoher Viskosit\u00e4tsindex Garantiert gute Flie\u00dff\u00e4higkeit auch bei extremen Temperaturen.<\/li>\n<\/ul>\n<h4>Produktdaten<\/h4>\n<ul>\n<li>Chrysler\/Dodge\/Jeep NS-2 \/ Mopar CVTF+4<\/li>\n<li>Daihatsu Amix CVTF DC \/ DFC \/ DFE<\/li>\n<li>Ford WSS-M2C928-A \/ Hybrid e-CVT<\/li>\n<li>GM DEX-CVT \/ 1940713 \/ 1940714<\/li>\n<li>Honda HMMF (without starting clutch) \/ HCF2 \/ HEVF<\/li>\n<li>Hyundai\/Kia CVT-1 \/ SP III (CVT model)<\/li>\n<li>Jatco CVT 8 Hybrid<\/li>\n<li>Mazda JWS 3320<\/li>\n<li>MB 236.20<\/li>\n<li>Mitsubishi SP-III (only CVT) \/ CVTF J1\/(ECO)J4\/J4+<\/li>\n<li>Mini Cooper EZL 799 \/ 799A<\/li>\n<li>Nissan NS-1\/2\/2V\/3 \/ N-CVT<\/li>\n<li>Subaru ECVT \/ iCVT \/ iCVT FG \/ CVT-LV \/ NS-2<\/li>\n<li>Subaru Lineartronic High Torque (HT) CVTF<\/li>\n<li>Subaru Lineartronic chain CVTF \/ CVTF II\/III<\/li>\n<li>Suzuki CVTF TC \/ 3320 \/ 4401 \/ NS-2 \/ Green 1\/2\/1V<\/li>\n<li>Toyota CVTF TC \/ FE \/ THSII<\/li>\n<li>VW G 052 180 \/ G 052 516<\/li>\n<\/ul>\n<h4>Typische Standardanalysen<\/h4>\n<table class=\"table analyse-table\">\n<tr>\n<td>Dichte bei 15 \u00b0C<\/td>\n<td>\n<b>0,848<\/b>  kg\/l<\/td>\n<\/tr>\n<tr>\n<td>Viskosit\u00e4t 40 \u00b0C<\/td>\n<td>\n<b>35,40<\/b>  mm\u00b2\/s<\/td>\n<\/tr>\n<tr>\n<td>Viskosit\u00e4t 100 \u00b0C<\/td>\n<td>\n<b>7,30<\/b>  mm\u00b2\/s<\/td>\n<\/tr>\n<tr>\n<td>Viskosit\u00e4tsindex<\/td>\n<td>\n<b>177<\/b> <\/td>\n<\/tr>\n<tr>\n<td>Flammpunkt PM<\/td>\n<td>\n<b>180<\/b>  \u00b0C<\/td>\n<\/tr>\n<tr>\n<td>Flammpunkt COC<\/td>\n<td>\n<b>214<\/b>  \u00b0C<\/td>\n<\/tr>\n<tr>\n<td>Flie\u00dfpunkt<\/td>\n<td>\n<b>-42<\/b>  \u00b0C<\/td>\n<\/tr>\n<tr>\n<td>Basenzahl<\/td>\n<td>\n<b>3,6<\/b>  mgKOH\/g<\/td>\n<\/tr>\n<tr>\n<td>S\u00e4urenzahl<\/td>\n<td>\n<b>1,04<\/b>  mgKOH\/g<\/td>\n<\/tr>\n<\/table>\n","protected":false},"excerpt":{"rendered":"<p>SP Matic 4016 ist ein hochwertiges und breit einsetzbares synthetisches Automatikgetriebe\u00f6l f\u00fcr CVT-Getriebe. Dieses CVT-Universal\u00f6l eignet sich f\u00fcr die verschiedensten CVT-Getriebe (mit Riemen oder Lamellenkette) von japanischen und europ\u00e4ischen Herstellern. Siehe unsere Datenbank \u201eProduktberatung\u201c, um konkrete Produktratschl\u00e4ge zu bekommen.<\/p>\n","protected":false},"featured_media":363442,"comment_status":"open","ping_status":"open","template":"","meta":[],"location":[4275,4276],"product_brand":[25894],"product_cat":[2187,9884],"product_tag":[],"class_list":{"0":"post-365810","1":"product","2":"type-product","3":"status-publish","4":"has-post-thumbnail","6":"location-aes-emmeloord","7":"location-aes-lemmer","8":"product_brand-kroon-oil","9":"product_cat-schmiermittel","10":"product_cat-kroon-oil","11":"product_shipping_class-paket-0-10-kg","13":"first","14":"onbackorder","15":"sale","16":"taxable","17":"shipping-taxable","18":"purchasable","19":"product-type-simple"},"group_of_quantity":0,"min_quantity":0,"max_quantity":"","exclude_order_quantity_value_rules":"no","exclude_category_quantity_rules":"no","combine_variations":"no","locations":[{"id":4275,"name":"AES Emmeloord","slug":"aes-emmeloord","quantity":""},{"id":4276,"name":"AES Lemmer","slug":"aes-lemmer","quantity":""}],"_links":{"self":[{"href":"https:\/\/ab-marineservice.com\/de\/wp-json\/wp\/v2\/product\/365810","targetHints":{"allow":["GET"]}}],"collection":[{"href":"https:\/\/ab-marineservice.com\/de\/wp-json\/wp\/v2\/product"}],"about":[{"href":"https:\/\/ab-marineservice.com\/de\/wp-json\/wp\/v2\/types\/product"}],"replies":[{"embeddable":true,"href":"https:\/\/ab-marineservice.com\/de\/wp-json\/wp\/v2\/comments?post=365810"}],"wp:featuredmedia":[{"embeddable":true,"href":"https:\/\/ab-marineservice.com\/de\/wp-json\/wp\/v2\/media\/363442"}],"wp:attachment":[{"href":"https:\/\/ab-marineservice.com\/de\/wp-json\/wp\/v2\/media?parent=365810"}],"wp:term":[{"taxonomy":"location","embeddable":true,"href":"https:\/\/ab-marineservice.com\/de\/wp-json\/wp\/v2\/location?post=365810"},{"taxonomy":"product_brand","embeddable":true,"href":"https:\/\/ab-marineservice.com\/de\/wp-json\/wp\/v2\/product_brand?post=365810"},{"taxonomy":"product_cat","embeddable":true,"href":"https:\/\/ab-marineservice.com\/de\/wp-json\/wp\/v2\/product_cat?post=365810"},{"taxonomy":"product_tag","embeddable":true,"href":"https:\/\/ab-marineservice.com\/de\/wp-json\/wp\/v2\/product_tag?post=365810"}],"curies":[{"name":"wp","href":"https:\/\/api.w.org\/{rel}","templated":true}]}}