{"id":365817,"date":"2025-06-15T16:20:17","date_gmt":"2025-06-15T14:20:17","guid":{"rendered":"https:\/\/ab-marineservice.com\/product\/sp-matic-4036\/"},"modified":"2025-11-20T18:06:51","modified_gmt":"2025-11-20T17:06:51","slug":"sp-matic-4036-4","status":"publish","type":"product","link":"https:\/\/ab-marineservice.com\/de\/produkt\/sp-matic-4036-4\/","title":{"rendered":"SP Matic 4036 \u2013 208 Liter"},"content":{"rendered":"<p>SP Matic 4036 ist ein synthetisches Automatikgetriebe\u00f6l mit niedriger Viskosit\u00e4t. Dieses Produkt wurde speziell f\u00fcr moderne, kraftstoffsparende Automatikgetriebe entwickelt. Dank modernster Additive und hochwertiger synthetischer Grund\u00f6le mit niedriger Viskosit\u00e4t bietet es die folgenden Eigenschaften:<\/p>\n<ul>\n<li>Exzellente Oxidationsstabilit\u00e4t: Verl\u00e4ngert Lebensdauer der Fl\u00fcssigkeit.<\/li>\n<li>Hervorragende Schmiereigenschaften auch unter extremsten Bedingungen<\/li>\n<li>Sehr wirkungsvoller Schutz vor Verschlei\u00df, Korrosion und Schaumbildung<\/li>\n<li>Sehr hohe Scherfestigkeit<\/li>\n<li>Sehr niedriger Flie\u00dfpunkt: Kann auch bei sehr niedrigen Temperaturen verwendet werden.<\/li>\n<li>Sehr hoher Viskosit\u00e4tsindex: zuverl\u00e4ssige Getriebefunktion bei hohen wie bei niedrigen Temperaturen<\/li>\n<li>Ausgezeichnete Kraftstoffeinsparcharakteristik<\/li>\n<\/ul>\n<h4>Produktdaten<\/h4>\n<ul>\n<li>Aisin Warner JWS 3324 \/ AW-1<\/li>\n<li>Ford Mercon LV, Mercon SP<\/li>\n<li>GM Dexron VI<\/li>\n<li>Honda ATF DW-1<\/li>\n<li>Hyundai \/ Kia SP-IV, SP-IV M, SP-IV RR, SPH-IV<\/li>\n<li>Mazda FZ<\/li>\n<li>Allison C3\/C4 \/ TES-389\/468<\/li>\n<li>BMW ATF 2\/3+\/6\/7 \/ 7045E\/8072B\/LA2634\/LT71141<\/li>\n<li>Cat TO-2, Chrysler ATF+\/+2\/+3<\/li>\n<li>Mercedes MB 236.41<\/li>\n<li>Nissan Matic K, Matic S, Matic W<\/li>\n<li>Toyota \/ Lexus ATF WS<\/li>\n<li>Fiat 9.55550-AV5\/AV6<\/li>\n<li>GM Dexron VI\/II\/IID\/IIE\/IIIG\/IIIH \/ TASA<\/li>\n<li>Tesla ATF9 \/ EDF2<\/li>\n<li>Honda ATF 3.0\/3.1\/DW-1\/Z1(except in CVT)<\/li>\n<li>Hyundai\/Kia SP-IV RR\/M \/ JWS 3314\/9638<\/li>\n<li>Mazda M-III\/A7<\/li>\n<li>Mitsubishi SP-II\/SP-III\/SP-IV\/J2\/J3\/PA\/MA1<\/li>\n<li>Nissan Matic C\/D\/J\/K\/P\/S\/W<\/li>\n<li>Porsche 3403-M115\/T-IV, PSA B71 2340<\/li>\n<li>Subaru ATF 5AT\/HP, Suzuki ATF 3314\/3317<\/li>\n<li>Toyota D-II\/D-III\/T-III\/T-IV\/WS<\/li>\n<li>Tesla Model S\/3\/X<\/li>\n<li>VW G 052 025 \/ 052 055 \/ 052 162 \/ 052 990<\/li>\n<li>VW G 053 001 \/ 053 025 \/ 055 005 \/ 055 025<\/li>\n<li>VW G 055 162 \/ 055 540 \/ 060 162<\/li>\n<li>ZF 3-\/4-\/6-\/8-\/9-speed \/ TE-ML 05L\/09\/11A\/B\/21L<\/li>\n<\/ul>\n<h4>Typische Standardanalysen<\/h4>\n<table class=\"table analyse-table\">\n<tr>\n<td>Dichte bei 15 \u00b0C<\/td>\n<td>\n<b>0,845<\/b>  kg\/l<\/td>\n<\/tr>\n<tr>\n<td>Viskosit\u00e4t 40 \u00b0C<\/td>\n<td>\n<b>29,60<\/b>  mm\u00b2\/s<\/td>\n<\/tr>\n<tr>\n<td>Viskosit\u00e4t 100 \u00b0C<\/td>\n<td>\n<b>5,90<\/b>  mm\u00b2\/s<\/td>\n<\/tr>\n<tr>\n<td>Viskosit\u00e4tsindex<\/td>\n<td>\n<b>149<\/b> <\/td>\n<\/tr>\n<tr>\n<td>Flammpunkt COC<\/td>\n<td>\n<b>212<\/b>  \u00b0C<\/td>\n<\/tr>\n<tr>\n<td>Flie\u00dfpunkt<\/td>\n<td>\n<b>-48<\/b>  \u00b0C<\/td>\n<\/tr>\n<tr>\n<td>Basenzahl<\/td>\n<td>\n<b>2,7<\/b>  mgKOH\/g<\/td>\n<\/tr>\n<tr>\n<td>S\u00e4urenzahl<\/td>\n<td>\n<b>1,10<\/b>  mgKOH\/g<\/td>\n<\/tr>\n<\/table>\n","protected":false},"excerpt":{"rendered":"<p>SP Matic 4036 ist ein multifunktionelles, kraftstoffsparendes Automatikgetriebe\u00f6l auf synthetischer Basis. Dieses Produkt wurde speziell f\u00fcr moderne Automatikgetriebe von verschiedenen Fahrzeugherstellern formuliert, die ein hochwertiges, kraftstoffsparendes ATF-Getriebe\u00f6l von niedriger Viskosit\u00e4t erfordern. Siehe unsere Datenbank \u201eProduktberatung\u201c, um passende Produkte zu finden.<\/p>\n","protected":false},"featured_media":363470,"comment_status":"open","ping_status":"open","template":"","meta":[],"location":[4275,4276],"product_brand":[25894],"product_cat":[2187,9884],"product_tag":[],"class_list":{"0":"post-365817","1":"product","2":"type-product","3":"status-publish","4":"has-post-thumbnail","6":"location-aes-emmeloord","7":"location-aes-lemmer","8":"product_brand-kroon-oil","9":"product_cat-schmiermittel","10":"product_cat-kroon-oil","11":"product_shipping_class-palettenversand","13":"first","14":"onbackorder","15":"sale","16":"taxable","17":"shipping-taxable","18":"purchasable","19":"product-type-simple"},"group_of_quantity":0,"min_quantity":0,"max_quantity":"","exclude_order_quantity_value_rules":"no","exclude_category_quantity_rules":"no","combine_variations":"no","locations":[{"id":4275,"name":"AES Emmeloord","slug":"aes-emmeloord","quantity":""},{"id":4276,"name":"AES Lemmer","slug":"aes-lemmer","quantity":""}],"_links":{"self":[{"href":"https:\/\/ab-marineservice.com\/de\/wp-json\/wp\/v2\/product\/365817","targetHints":{"allow":["GET"]}}],"collection":[{"href":"https:\/\/ab-marineservice.com\/de\/wp-json\/wp\/v2\/product"}],"about":[{"href":"https:\/\/ab-marineservice.com\/de\/wp-json\/wp\/v2\/types\/product"}],"replies":[{"embeddable":true,"href":"https:\/\/ab-marineservice.com\/de\/wp-json\/wp\/v2\/comments?post=365817"}],"wp:featuredmedia":[{"embeddable":true,"href":"https:\/\/ab-marineservice.com\/de\/wp-json\/wp\/v2\/media\/363470"}],"wp:attachment":[{"href":"https:\/\/ab-marineservice.com\/de\/wp-json\/wp\/v2\/media?parent=365817"}],"wp:term":[{"taxonomy":"location","embeddable":true,"href":"https:\/\/ab-marineservice.com\/de\/wp-json\/wp\/v2\/location?post=365817"},{"taxonomy":"product_brand","embeddable":true,"href":"https:\/\/ab-marineservice.com\/de\/wp-json\/wp\/v2\/product_brand?post=365817"},{"taxonomy":"product_cat","embeddable":true,"href":"https:\/\/ab-marineservice.com\/de\/wp-json\/wp\/v2\/product_cat?post=365817"},{"taxonomy":"product_tag","embeddable":true,"href":"https:\/\/ab-marineservice.com\/de\/wp-json\/wp\/v2\/product_tag?post=365817"}],"curies":[{"name":"wp","href":"https:\/\/api.w.org\/{rel}","templated":true}]}}